{"id":736150,"date":"2025-08-27T23:01:42","date_gmt":"2025-08-27T20:01:42","guid":{"rendered":"https:\/\/roveyayinevi.com.tr\/index.php\/urun\/0101-bugun-adimi-sen-koy-ciltli\/"},"modified":"2026-04-16T02:44:50","modified_gmt":"2026-04-15T23:44:50","slug":"0101-bugun-adimi-sen-koy-ciltli","status":"publish","type":"product","link":"https:\/\/roveyayinevi.com.tr\/index.php\/urun\/0101-bugun-adimi-sen-koy-ciltli\/","title":{"rendered":"01:01 Bug\u00fcn Ad\u0131m\u0131 Sen Koy (Ciltli)"},"content":{"rendered":"<p>\u201cSize ikimizin de asla gidemeyece\u011fi o yerden yaz\u0131yorum bay\u0131m, sizi sevmek beni iyile\u015ftirdi.\u201dSay\u0131l\u0131 g\u00fcnleri kalmas\u0131na ra\u011fmen \u00f6lmeden \u00f6nce yapmak istedikleri olduk\u00e7a s\u0131radand\u0131. Ya\u015famla, insanlarla ve en \u00e7ok da kendiyle sorunu olan Baran Tandemir\u2019in ilgisini \u00e7eken de bu oldu.K\u00f6stekli saat onlar i\u00e7in geri say\u0131m\u0131n\u0131 bir kez daha ba\u015flatt\u0131. \u00d6l\u00fcrken bile hayat dolu olan k\u0131z ya\u015fama dair hi\u00e7bir umudu kalmayan \u00e7ocu\u011fun pe\u015fine tak\u0131ld\u0131. Kendilerini \u00f6nce bir vadide sonra bir ak\u0131l hastanesinde buldular.Zaman\u0131n i\u00e7ine s\u0131\u011famad\u0131lar. Ge\u00e7mi\u015f ve gelecek bir k\u00f6pr\u00fcde kar\u015f\u0131 kar\u015f\u0131ya geldi. Zincirlerden kurtulmaya \u00e7al\u0131\u015f\u0131rken anahtar\u0131 kendi elleriyle saklad\u0131lar.\u00d6l\u00fcme \u00e7eyrek kala, her g\u00fcn yeni bir isim alarak Azrail\u2019e kafa tutan pembe balyozlu bir k\u0131z\u0131n romantik, buruk ve e\u011flenceli sonsuzlu\u011fu ke\u015ffi.<\/p>\n","protected":false},"excerpt":{"rendered":"<p>\u201cSize ikimizin de asla gidemeyece\u011fi o yerden yaz\u0131yorum bay\u0131m, sizi sevmek beni iyile\u015ftirdi.\u201dSay\u0131l\u0131 g\u00fcnleri kalmas\u0131na ra\u011fmen \u00f6lmeden \u00f6nce yapmak istedikleri olduk\u00e7a s\u0131radand\u0131. Ya\u015famla, insanlarla ve en<span class=\"excerpt-hellip\"> [\u2026]<\/span><\/p>\n","protected":false},"featured_media":0,"template":"","meta":{"_monsterinsights_skip_tracking":false,"_monsterinsights_sitenote_active":false,"_monsterinsights_sitenote_note":"","_monsterinsights_sitenote_category":0},"product_brand":[],"product_cat":[12291,12711],"product_tag":[],"class_list":{"0":"post-736150","1":"product","2":"type-product","3":"status-publish","5":"product_cat-edebiyat","6":"product_cat-roman-oyku","7":"pa_cilt-ciltli","8":"pa_tur-kitap","9":"pa_yayinevi-marti-yayinlari","10":"pa_yazar-n-g-kabal","12":"first","13":"instock","14":"sale","15":"shipping-taxable","16":"purchasable","17":"product-type-simple"},"_links":{"self":[{"href":"https:\/\/roveyayinevi.com.tr\/index.php\/wp-json\/wp\/v2\/product\/736150","targetHints":{"allow":["GET"]}}],"collection":[{"href":"https:\/\/roveyayinevi.com.tr\/index.php\/wp-json\/wp\/v2\/product"}],"about":[{"href":"https:\/\/roveyayinevi.com.tr\/index.php\/wp-json\/wp\/v2\/types\/product"}],"wp:attachment":[{"href":"https:\/\/roveyayinevi.com.tr\/index.php\/wp-json\/wp\/v2\/media?parent=736150"}],"wp:term":[{"taxonomy":"product_brand","embeddable":true,"href":"https:\/\/roveyayinevi.com.tr\/index.php\/wp-json\/wp\/v2\/product_brand?post=736150"},{"taxonomy":"product_cat","embeddable":true,"href":"https:\/\/roveyayinevi.com.tr\/index.php\/wp-json\/wp\/v2\/product_cat?post=736150"},{"taxonomy":"product_tag","embeddable":true,"href":"https:\/\/roveyayinevi.com.tr\/index.php\/wp-json\/wp\/v2\/product_tag?post=736150"}],"curies":[{"name":"wp","href":"https:\/\/api.w.org\/{rel}","templated":true}]}}