{"id":736145,"date":"2025-08-27T23:01:36","date_gmt":"2025-08-27T20:01:36","guid":{"rendered":"https:\/\/roveyayinevi.com.tr\/index.php\/urun\/lordlar-ve-varisler-i-ciltli-hepimiz-gokyuzu-olmak-istedik\/"},"modified":"2026-04-16T02:44:50","modified_gmt":"2026-04-15T23:44:50","slug":"lordlar-ve-varisler-i-ciltli-hepimiz-gokyuzu-olmak-istedik","status":"publish","type":"product","link":"https:\/\/roveyayinevi.com.tr\/index.php\/urun\/lordlar-ve-varisler-i-ciltli-hepimiz-gokyuzu-olmak-istedik\/","title":{"rendered":"Lordlar ve Varisler I ( Ciltli )  &#8211; Hepimiz G\u00f6ky\u00fcz\u00fc Olmak \u0130stedik"},"content":{"rendered":"<p>\u201cB\u00fcy\u00fck bir enerji a\u00e7\u0131\u011fa \u00e7\u0131kt\u0131\u011f\u0131nda kar\u015f\u0131t bir enerji de ortaya \u00e7\u0131kar. Baz\u0131lar\u0131 bunun ikiz alevi oldu\u011funu s\u00f6yler, baz\u0131lar\u0131 ise Su Krall\u0131\u011f\u0131\u2019nda yeni bir lord ile v\u00e2risin do\u011fdu\u011funu&#8230;\u201dNereye oldu\u011funu bilmiyorsun ama bir yere gidiyorsun.Arad\u0131klar\u0131n Salk\u0131m Ma\u011faralar\u0131\u2019nda.Yolunu kesenler olacak. Han\u00e7erini \u00e7antanda de\u011fil, elinde ta\u015f\u0131.Sen onu reddetsen de o seni bulacak.Ba\u015fka biri senin i\u00e7in de adalet arayacak.Bir s\u00fcr\u00fc yolun var, bir s\u00fcr\u00fc yoku\u015f var.Herkesin kaderi var, senin kaderlerin var.Ejderha seni avlayacak, \u00fc\u00e7 ba\u015fl\u0131 k\u00f6pek sana ba\u015fka tuzak kuracak.Kaplandan saklan. Kaplandan saklan.Sana yalanc\u0131 diye seslenmi\u015fler ama sen yalanc\u0131 de\u011filsin.Sen art\u0131k do\u011frudan yalan\u0131n kendisisin.Tanr\u0131\u00e7alar senin i\u00e7in ta\u015f atm\u0131\u015f. Ya son olacaks\u0131n ya sonsuz.Ka\u00e7 onlardan, Salk\u0131m Ma\u011faralar\u0131\u2019n\u0131 bul.Seni avlamak isteyene tuzak kur.O seni aramadan sen onu bul.Be\u015finci elementi bul.<\/p>\n","protected":false},"excerpt":{"rendered":"<p>\u201cB\u00fcy\u00fck bir enerji a\u00e7\u0131\u011fa \u00e7\u0131kt\u0131\u011f\u0131nda kar\u015f\u0131t bir enerji de ortaya \u00e7\u0131kar. Baz\u0131lar\u0131 bunun ikiz alevi oldu\u011funu s\u00f6yler, baz\u0131lar\u0131 ise Su Krall\u0131\u011f\u0131\u2019nda yeni bir lord ile v\u00e2risin<span class=\"excerpt-hellip\"> [\u2026]<\/span><\/p>\n","protected":false},"featured_media":0,"template":"","meta":{"_monsterinsights_skip_tracking":false,"_monsterinsights_sitenote_active":false,"_monsterinsights_sitenote_note":"","_monsterinsights_sitenote_category":0},"product_brand":[],"product_cat":[12291,14777],"product_tag":[],"class_list":{"0":"post-736145","1":"product","2":"type-product","3":"status-publish","5":"product_cat-edebiyat","6":"product_cat-fantastik","7":"pa_cilt-ciltli","8":"pa_tur-kitap","9":"pa_yayinevi-marti-yayinlari","10":"pa_yazar-n-g-kabal","12":"first","13":"instock","14":"sale","15":"shipping-taxable","16":"purchasable","17":"product-type-simple"},"_links":{"self":[{"href":"https:\/\/roveyayinevi.com.tr\/index.php\/wp-json\/wp\/v2\/product\/736145","targetHints":{"allow":["GET"]}}],"collection":[{"href":"https:\/\/roveyayinevi.com.tr\/index.php\/wp-json\/wp\/v2\/product"}],"about":[{"href":"https:\/\/roveyayinevi.com.tr\/index.php\/wp-json\/wp\/v2\/types\/product"}],"wp:attachment":[{"href":"https:\/\/roveyayinevi.com.tr\/index.php\/wp-json\/wp\/v2\/media?parent=736145"}],"wp:term":[{"taxonomy":"product_brand","embeddable":true,"href":"https:\/\/roveyayinevi.com.tr\/index.php\/wp-json\/wp\/v2\/product_brand?post=736145"},{"taxonomy":"product_cat","embeddable":true,"href":"https:\/\/roveyayinevi.com.tr\/index.php\/wp-json\/wp\/v2\/product_cat?post=736145"},{"taxonomy":"product_tag","embeddable":true,"href":"https:\/\/roveyayinevi.com.tr\/index.php\/wp-json\/wp\/v2\/product_tag?post=736145"}],"curies":[{"name":"wp","href":"https:\/\/api.w.org\/{rel}","templated":true}]}}