{"id":736142,"date":"2025-08-27T23:01:33","date_gmt":"2025-08-27T20:01:33","guid":{"rendered":"https:\/\/roveyayinevi.com.tr\/index.php\/urun\/kurtlarin-hukmu\/"},"modified":"2026-04-16T02:44:50","modified_gmt":"2026-04-15T23:44:50","slug":"kurtlarin-hukmu","status":"publish","type":"product","link":"https:\/\/roveyayinevi.com.tr\/index.php\/urun\/kurtlarin-hukmu\/","title":{"rendered":"Kurtlar\u0131n H\u00fckm\u00fc"},"content":{"rendered":"<p>Kurtlar etraflarini sararken ravka\u2019n\u0131n zamani daral\u0131yor.\u0130blis Kral. Fjerda\u2019n\u0131n b\u00fcy\u00fck ordusu i\u015fgal i\u00e7in harekete ge\u00e7erken Nikolai Lantsov t\u00fcm zek\u00e2s\u0131n\u0131, \u00e7ekicili\u011fini ve hatta i\u00e7indeki canavar\u0131 bile bu sava\u015f\u0131 kazanmak i\u00e7in kullanmaya haz\u0131rd\u0131r. Ancak imk\u00e2ns\u0131z\u0131 m\u00fcmk\u00fcn k\u0131lmaya yetene\u011fi olan bu gen\u00e7 kral, \u00f6nlerine \u00e7\u0131kan karanl\u0131k tehdidi a\u015facak g\u00fcce sahip de\u011fildir.F\u0131rt\u0131na Cad\u0131s\u0131. Zoya Nazyalensky sava\u015f y\u00fcz\u00fcnden \u00e7ok \u015fey kaybetmi\u015ftir. Ak\u0131l hocas\u0131n\u0131n \u00f6ld\u00fc\u011f\u00fcne ve en b\u00fcy\u00fck d\u00fc\u015fman\u0131n\u0131n dirildi\u011fine \u015fahit olmu\u015ftur. Art\u0131k bir arkada\u015f\u0131n\u0131 daha topra\u011fa vermek istemeyen Zoya, g\u00fc\u00e7lerini kullanarak \u00fclkesinin ihtiya\u00e7 duydu\u011fu silaha d\u00f6n\u00fc\u015fmek zorunda kal\u0131r. Bedeli ne olursa olsun.Ac\u0131lar\u0131n Krali\u00e7esi. Farkl\u0131 bir kimlikle Fjerda topraklar\u0131nda ya\u015fayan Nina Zenik, kimli\u011finin ortaya \u00e7\u0131kmas\u0131 ve \u00f6lme tehdidine kar\u015f\u0131, \u00fclkesi i\u00e7in Fjerda\u2019n\u0131n sava\u015f taktiklerini \u00f6\u011frenmeye \u00e7al\u0131\u015f\u0131r. \u0130\u00e7inde kaynayan intikam hissi y\u00fcz\u00fcnden \u00fclkesinin \u00f6zg\u00fcrl\u00fc\u011f\u00fc tehlikeye d\u00fc\u015febilir ve k\u0131r\u0131lan kalbi bir daha asla iyile\u015fmeyebilir.Kral. General. Casus. Birlikte, karanl\u0131kta bir gelecek in\u015fa edecek ya da bir ulusun \u00e7\u00f6k\u00fc\u015f\u00fcn\u00fc izleyecekler.<\/p>\n","protected":false},"excerpt":{"rendered":"<p>Kurtlar etraflarini sararken ravka\u2019n\u0131n zamani daral\u0131yor.\u0130blis Kral. Fjerda\u2019n\u0131n b\u00fcy\u00fck ordusu i\u015fgal i\u00e7in harekete ge\u00e7erken Nikolai Lantsov t\u00fcm zek\u00e2s\u0131n\u0131, \u00e7ekicili\u011fini ve hatta i\u00e7indeki canavar\u0131 bile bu sava\u015f\u0131<span class=\"excerpt-hellip\"> [\u2026]<\/span><\/p>\n","protected":false},"featured_media":0,"template":"","meta":{"_monsterinsights_skip_tracking":false,"_monsterinsights_sitenote_active":false,"_monsterinsights_sitenote_note":"","_monsterinsights_sitenote_category":0},"product_brand":[],"product_cat":[12291,14777],"product_tag":[],"class_list":{"0":"post-736142","1":"product","2":"type-product","3":"status-publish","5":"product_cat-edebiyat","6":"product_cat-fantastik","7":"pa_cilt-ciltsiz","8":"pa_tur-kitap","9":"pa_yayinevi-marti-yayinlari","10":"pa_yazar-leigh-bardugo","12":"first","13":"instock","14":"sale","15":"shipping-taxable","16":"purchasable","17":"product-type-simple"},"_links":{"self":[{"href":"https:\/\/roveyayinevi.com.tr\/index.php\/wp-json\/wp\/v2\/product\/736142","targetHints":{"allow":["GET"]}}],"collection":[{"href":"https:\/\/roveyayinevi.com.tr\/index.php\/wp-json\/wp\/v2\/product"}],"about":[{"href":"https:\/\/roveyayinevi.com.tr\/index.php\/wp-json\/wp\/v2\/types\/product"}],"wp:attachment":[{"href":"https:\/\/roveyayinevi.com.tr\/index.php\/wp-json\/wp\/v2\/media?parent=736142"}],"wp:term":[{"taxonomy":"product_brand","embeddable":true,"href":"https:\/\/roveyayinevi.com.tr\/index.php\/wp-json\/wp\/v2\/product_brand?post=736142"},{"taxonomy":"product_cat","embeddable":true,"href":"https:\/\/roveyayinevi.com.tr\/index.php\/wp-json\/wp\/v2\/product_cat?post=736142"},{"taxonomy":"product_tag","embeddable":true,"href":"https:\/\/roveyayinevi.com.tr\/index.php\/wp-json\/wp\/v2\/product_tag?post=736142"}],"curies":[{"name":"wp","href":"https:\/\/api.w.org\/{rel}","templated":true}]}}