{"id":736132,"date":"2025-08-27T23:01:24","date_gmt":"2025-08-27T20:01:24","guid":{"rendered":"https:\/\/roveyayinevi.com.tr\/index.php\/urun\/sanctuary\/"},"modified":"2026-04-16T02:44:49","modified_gmt":"2026-04-15T23:44:49","slug":"sanctuary","status":"publish","type":"product","link":"https:\/\/roveyayinevi.com.tr\/index.php\/urun\/sanctuary\/","title":{"rendered":"Sanctuary"},"content":{"rendered":"<p>Sanctuary Kasabas\u0131\u2019n\u0131n g\u00f6zdesi, futbol tak\u0131m\u0131n\u0131n oyun kurucusu Daniel Whitman bir partide \u00f6ld\u00fcr\u00fcld\u00fc\u011f\u00fcnde herkes yasa g\u00f6m\u00fcl\u00fcr. \u00d6l\u00fcm\u00fc \u00e7ok trajik g\u00f6z\u00fckse de eski sevgilisi, kasaban\u0131n tek cad\u0131s\u0131n\u0131n k\u0131z\u0131 olan Harper Fenn\u2019in de o gece orada olmas\u0131 \u015f\u00fcphe \u00e7eker.Kasabadaki tek cad\u0131 olan Sarah Fenn, ya\u015fanan bu trajik olaydan sonra hem yak\u0131n arkada\u015f\u0131n\u0131n o\u011flunu kaybetmesiyle hem de su\u00e7lu olarak k\u0131z\u0131n\u0131n g\u00f6sterilmesiyle y\u0131k\u0131l\u0131r. T\u00fcm oklar k\u0131z\u0131n\u0131 g\u00f6sterirken ve halk en yak\u0131n arkada\u015flar\u0131ndan biri taraf\u0131ndan onlara kar\u015f\u0131 k\u0131\u015fk\u0131rt\u0131l\u0131rken, g\u00fc\u00e7l\u00fc kal\u0131p iddialar\u0131 \u00e7\u00fcr\u00fctmek i\u00e7in bir \u015feyler yapmak zorunda kal\u0131r.Sars\u0131c\u0131 bir cinayet sonras\u0131 Sanctuary\u2019de ortaya \u00e7\u0131kar\u0131lmas\u0131 gereken tek s\u0131rr\u0131n Daniel Whitman\u2019\u0131n \u00f6l\u00fcm\u00fc olmad\u0131\u011f\u0131 anla\u015f\u0131l\u0131nca kartlar teker teker a\u00e7\u0131l\u0131r ve t\u00fcm ger\u00e7ekler ortaya \u00e7\u0131kar.<\/p>\n","protected":false},"excerpt":{"rendered":"<p>Sanctuary Kasabas\u0131\u2019n\u0131n g\u00f6zdesi, futbol tak\u0131m\u0131n\u0131n oyun kurucusu Daniel Whitman bir partide \u00f6ld\u00fcr\u00fcld\u00fc\u011f\u00fcnde herkes yasa g\u00f6m\u00fcl\u00fcr. \u00d6l\u00fcm\u00fc \u00e7ok trajik g\u00f6z\u00fckse de eski sevgilisi, kasaban\u0131n tek cad\u0131s\u0131n\u0131n k\u0131z\u0131<span class=\"excerpt-hellip\"> [\u2026]<\/span><\/p>\n","protected":false},"featured_media":0,"template":"","meta":{"_monsterinsights_skip_tracking":false,"_monsterinsights_sitenote_active":false,"_monsterinsights_sitenote_note":"","_monsterinsights_sitenote_category":0},"product_brand":[],"product_cat":[12291,14777],"product_tag":[],"class_list":{"0":"post-736132","1":"product","2":"type-product","3":"status-publish","5":"product_cat-edebiyat","6":"product_cat-fantastik","7":"pa_cilt-ciltsiz","8":"pa_tur-kitap","9":"pa_yayinevi-marti-yayinlari","10":"pa_yazar-v-v-james","12":"first","13":"instock","14":"sale","15":"shipping-taxable","16":"purchasable","17":"product-type-simple"},"_links":{"self":[{"href":"https:\/\/roveyayinevi.com.tr\/index.php\/wp-json\/wp\/v2\/product\/736132","targetHints":{"allow":["GET"]}}],"collection":[{"href":"https:\/\/roveyayinevi.com.tr\/index.php\/wp-json\/wp\/v2\/product"}],"about":[{"href":"https:\/\/roveyayinevi.com.tr\/index.php\/wp-json\/wp\/v2\/types\/product"}],"wp:attachment":[{"href":"https:\/\/roveyayinevi.com.tr\/index.php\/wp-json\/wp\/v2\/media?parent=736132"}],"wp:term":[{"taxonomy":"product_brand","embeddable":true,"href":"https:\/\/roveyayinevi.com.tr\/index.php\/wp-json\/wp\/v2\/product_brand?post=736132"},{"taxonomy":"product_cat","embeddable":true,"href":"https:\/\/roveyayinevi.com.tr\/index.php\/wp-json\/wp\/v2\/product_cat?post=736132"},{"taxonomy":"product_tag","embeddable":true,"href":"https:\/\/roveyayinevi.com.tr\/index.php\/wp-json\/wp\/v2\/product_tag?post=736132"}],"curies":[{"name":"wp","href":"https:\/\/api.w.org\/{rel}","templated":true}]}}