{"id":736129,"date":"2025-08-27T23:01:21","date_gmt":"2025-08-27T20:01:21","guid":{"rendered":"https:\/\/roveyayinevi.com.tr\/index.php\/urun\/tin-ten-tini-uygulamalar\/"},"modified":"2026-04-16T02:44:49","modified_gmt":"2026-04-15T23:44:49","slug":"tin-ten-tini-uygulamalar","status":"publish","type":"product","link":"https:\/\/roveyayinevi.com.tr\/index.php\/urun\/tin-ten-tini-uygulamalar\/","title":{"rendered":"Tin Ten T\u0131n\u0131 Uygulamalar"},"content":{"rendered":"<p>M\u00fczi\u011fin ak\u0131\u015f\u0131na teslim olabilen, hayat\u0131n ak\u0131\u015f\u0131na da teslim olabilir. M\u00fczi\u011fin ritmiyle dans edebilen, hayat\u0131n ritmiyle de dans edebilir. Kendini m\u00fczi\u011fe teslim edebilen, ona kar\u0131\u015f\u0131p, onunla bir olabilen, hayata da kendini teslim edebilir ve onunla b\u00fct\u00fcnle\u015febilir. Dinledi\u011fi m\u00fczi\u011fin i\u00e7inde eriyebilen, var olu\u015fun m\u00fczi\u011finin i\u00e7inde de eriyebilir. Dinledi\u011fi m\u00fczi\u011fi tan\u0131y\u0131p fark edebilen, kendini tan\u0131yabilir, fark edebilir. M\u00fczi\u011fin ahenkli b\u00fct\u00fcnl\u00fc\u011f\u00fcne uyumlanma pratikleri yaparak, var olu\u015fun b\u00fct\u00fcnl\u00fc\u011f\u00fcndeki ahenge uyumlanmay\u0131 yeniden hat\u0131rlayabiliriz. M\u00fczik bize bu fark\u0131ndal\u0131klar\u0131 ve deneyimleri kazand\u0131rabilecek en iyi pratiktir; \u00e7\u00fcnk\u00fc m\u00fczik de var olu\u015fun kendisi gibi, ya\u015fam gibi hareketli, de\u011fi\u015fken, \u00e7e\u015fitli, uyumlu ve ahenkli bir b\u00fct\u00fcnl\u00fckt\u00fcr. M\u00fczik ve dansla yap\u0131lan uygulamalarla ge\u00e7mi\u015fin olumsuz etkilerini temizleyebilir; ruh, zihin, bedeni dengeleyebilir, \u015fifalan\u0131p, yenilenip, yeniyi yarat\u0131p, var olu\u015fa teslimiyetle kat\u0131labilirsin. Ve sonu\u00e7ta kendini yeniden besteleyebilirsin\u2026 B\u0131rak varolu\u015fun e\u015fsiz m\u00fczi\u011fi seni ele ge\u00e7irsin. Sonsuz dans \u00f6zg\u00fcrce devam etsin.<\/p>\n","protected":false},"excerpt":{"rendered":"<p>M\u00fczi\u011fin ak\u0131\u015f\u0131na teslim olabilen, hayat\u0131n ak\u0131\u015f\u0131na da teslim olabilir. M\u00fczi\u011fin ritmiyle dans edebilen, hayat\u0131n ritmiyle de dans edebilir. Kendini m\u00fczi\u011fe teslim edebilen, ona kar\u0131\u015f\u0131p, onunla bir<span class=\"excerpt-hellip\"> [\u2026]<\/span><\/p>\n","protected":false},"featured_media":0,"template":"","meta":{"_monsterinsights_skip_tracking":false,"_monsterinsights_sitenote_active":false,"_monsterinsights_sitenote_note":"","_monsterinsights_sitenote_category":0},"product_brand":[],"product_cat":[12364,12376],"product_tag":[],"class_list":{"0":"post-736129","1":"product","2":"type-product","3":"status-publish","5":"product_cat-genel-konular","6":"product_cat-kisisel-gelisim","7":"pa_cilt-ciltsiz","8":"pa_tur-kitap","9":"pa_yayinevi-kuraldisi-yayinevi","10":"pa_yazar-kristal-sila-ozhendekci","12":"first","13":"instock","14":"sale","15":"shipping-taxable","16":"purchasable","17":"product-type-simple"},"_links":{"self":[{"href":"https:\/\/roveyayinevi.com.tr\/index.php\/wp-json\/wp\/v2\/product\/736129","targetHints":{"allow":["GET"]}}],"collection":[{"href":"https:\/\/roveyayinevi.com.tr\/index.php\/wp-json\/wp\/v2\/product"}],"about":[{"href":"https:\/\/roveyayinevi.com.tr\/index.php\/wp-json\/wp\/v2\/types\/product"}],"wp:attachment":[{"href":"https:\/\/roveyayinevi.com.tr\/index.php\/wp-json\/wp\/v2\/media?parent=736129"}],"wp:term":[{"taxonomy":"product_brand","embeddable":true,"href":"https:\/\/roveyayinevi.com.tr\/index.php\/wp-json\/wp\/v2\/product_brand?post=736129"},{"taxonomy":"product_cat","embeddable":true,"href":"https:\/\/roveyayinevi.com.tr\/index.php\/wp-json\/wp\/v2\/product_cat?post=736129"},{"taxonomy":"product_tag","embeddable":true,"href":"https:\/\/roveyayinevi.com.tr\/index.php\/wp-json\/wp\/v2\/product_tag?post=736129"}],"curies":[{"name":"wp","href":"https:\/\/api.w.org\/{rel}","templated":true}]}}