{"id":736127,"date":"2025-08-27T23:01:20","date_gmt":"2025-08-27T20:01:20","guid":{"rendered":"https:\/\/roveyayinevi.com.tr\/index.php\/urun\/tralleis-1-kemik-buluntular\/"},"modified":"2026-04-16T02:44:49","modified_gmt":"2026-04-15T23:44:49","slug":"tralleis-1-kemik-buluntular","status":"publish","type":"product","link":"https:\/\/roveyayinevi.com.tr\/index.php\/urun\/tralleis-1-kemik-buluntular\/","title":{"rendered":"Tralleis 1 &#8211; Kemik Buluntular"},"content":{"rendered":"<p>Abstract Both ancient written sources and archaeological finds provide evidence that the ancient city of Tralleis was established on the plains of the southern skirts of Mount Kestane (Mesogis). The excavations performed at the site of the ancient city of Tralleis have unearthed the Gymnasium, the Northern and Western Workshops, the Western Necropolis, Underground Tunnel System and the Villa Sectors, all of which are dated to the Roman era, as well as the Episcopal Church, which is dated to the Early Byzantine period. In this study which is entitled as Tralleis I \u2013 Bone Finds, we will introduce Roman and Late Antique bone objects discovered in the excavations conducted in the Northern and Western Workshops of the Gymnasium and on the fill area at the Underground Tunnel System exit. The production of bone objects and workshops of ancient Tralleis will be also evaluated. Bone objects were unearthed during the excavations in the ancient city of Tralleis,and these were examined according to their forms and functions.Keywords: Roman Empire, late antiquity, Tralleis, bone object, workshop.\u00d6z Antik yaz\u0131l\u0131 kaynaklar\u0131n yan\u0131 s\u0131ra ve arkeolojik buluntulardan da edinilen bilgilere g\u00f6re Tralleis, Kestane (Mesogis) Da\u011f\u0131\u2019n\u0131n g\u00fcney eteklerindeki d\u00fczl\u00fcklerde kurulmu\u015ftur.Tralleis antik kenti kaz\u0131 \u00e7al\u0131\u015fmalar\u0131nda, Roma \u0130mparatorlu\u011fu d\u00f6nemine tarihlenen Gymnasium, Kuzey ve Bat\u0131 D\u00fckkanlar, Bat\u0131 Nekropolis, Yeralt\u0131 T\u00fcnel Sistemi, Villa Sekt\u00f6rleri ve Piskoposluk Kilisesi olarak tan\u0131mlanm\u0131\u015f Bizans D\u00f6nemine ait dini i\u015flevde bir yap\u0131 ortaya \u00e7\u0131kar\u0131lm\u0131\u015ft\u0131r. Tralleis I \u2013 Kemik Buluntular ba\u015fl\u0131kl\u0131 \u00e7al\u0131\u015fmam\u0131zda, Gymnasium\u2019un Kuzey ve Bat\u0131 D\u00fckkanlar\u0131\u2019nda ve Yeralt\u0131 T\u00fcnel Sistemi \u00e7\u0131k\u0131\u015f\u0131ndaki toprak dolgu alanda yap\u0131lan kaz\u0131 \u00e7al\u0131\u015fmalar\u0131 sonucunda ortaya \u00e7\u0131kar\u0131lm\u0131\u015f Roma \u2013 Ge\u00e7 Antik \u00c7a\u011f d\u00f6nemlerine ait kemik objeler tan\u0131t\u0131larak, Tralleis antik kentindeki kemik \u00fcretimi ve \u00fcretim at\u00f6lyeleri hakk\u0131nda de\u011ferlendirme yap\u0131lm\u0131\u015ft\u0131r. Tralleis\u2019deki kaz\u0131 \u00e7al\u0131\u015fmalar\u0131 sonucunda ortaya \u00e7\u0131km\u0131\u015f kemik objeler, form ve i\u015flevleri hakk\u0131nda yap\u0131lan detayl\u0131 ara\u015ft\u0131rmalar \u0131\u015f\u0131\u011f\u0131nda sunulmaktad\u0131r. Anahtar Kelimeler: Roma \u0130mparatorlu\u011fu, Ge\u00e7 Antik, Tralleis, kemik obje, i\u015flik.<\/p>\n","protected":false},"excerpt":{"rendered":"<p>Abstract Both ancient written sources and archaeological finds provide evidence that the ancient city of Tralleis was established on the plains of the southern skirts of<span class=\"excerpt-hellip\"> [\u2026]<\/span><\/p>\n","protected":false},"featured_media":0,"template":"","meta":{"_monsterinsights_skip_tracking":false,"_monsterinsights_sitenote_active":false,"_monsterinsights_sitenote_note":"","_monsterinsights_sitenote_category":0},"product_brand":[],"product_cat":[52477,52478],"product_tag":[],"class_list":{"0":"post-736127","1":"product","2":"type-product","3":"status-publish","5":"product_cat-arastirma","6":"product_cat-arkeoloji","7":"pa_cilt-ciltsiz","8":"pa_tur-kitap","9":"pa_yayinevi-bilgin-kultur-sanat","10":"pa_yazar-nurettin-ozturk","12":"first","13":"instock","14":"sale","15":"shipping-taxable","16":"purchasable","17":"product-type-simple"},"_links":{"self":[{"href":"https:\/\/roveyayinevi.com.tr\/index.php\/wp-json\/wp\/v2\/product\/736127","targetHints":{"allow":["GET"]}}],"collection":[{"href":"https:\/\/roveyayinevi.com.tr\/index.php\/wp-json\/wp\/v2\/product"}],"about":[{"href":"https:\/\/roveyayinevi.com.tr\/index.php\/wp-json\/wp\/v2\/types\/product"}],"wp:attachment":[{"href":"https:\/\/roveyayinevi.com.tr\/index.php\/wp-json\/wp\/v2\/media?parent=736127"}],"wp:term":[{"taxonomy":"product_brand","embeddable":true,"href":"https:\/\/roveyayinevi.com.tr\/index.php\/wp-json\/wp\/v2\/product_brand?post=736127"},{"taxonomy":"product_cat","embeddable":true,"href":"https:\/\/roveyayinevi.com.tr\/index.php\/wp-json\/wp\/v2\/product_cat?post=736127"},{"taxonomy":"product_tag","embeddable":true,"href":"https:\/\/roveyayinevi.com.tr\/index.php\/wp-json\/wp\/v2\/product_tag?post=736127"}],"curies":[{"name":"wp","href":"https:\/\/api.w.org\/{rel}","templated":true}]}}