{"id":736126,"date":"2025-08-27T23:01:19","date_gmt":"2025-08-27T20:01:19","guid":{"rendered":"https:\/\/roveyayinevi.com.tr\/index.php\/urun\/basarili-bir-isin-sirri\/"},"modified":"2026-04-16T02:44:49","modified_gmt":"2026-04-15T23:44:49","slug":"basarili-bir-isin-sirri","status":"publish","type":"product","link":"https:\/\/roveyayinevi.com.tr\/index.php\/urun\/basarili-bir-isin-sirri\/","title":{"rendered":"Ba\u015far\u0131l\u0131 Bir \u0130\u015fin S\u0131rr\u0131"},"content":{"rendered":"<p>\u0130\u015f hayat\u0131nda ba\u015far\u0131y\u0131 etkileyen pek \u00e7ok fakt\u00f6r vard\u0131r. Ba\u015far\u0131l\u0131 bir i\u015f ortaya \u00e7\u0131karman\u0131z i\u00e7in  kendinize  g\u00fcveninizin  tam  olmas\u0131  ve  yapaca\u011f\u0131n\u0131z  i\u015fe  odaklanman\u0131z  yeterli olmayabilir.  \u00d6rne\u011fin  ekip  uyumu,  marka  y\u00f6netimi ve motivasyon  gibi  unsurlar da belirleyici  bir  \u00f6zellik  ta\u015f\u0131r. Ekibi  hedefler  do\u011frultusunda  ileriye  ta\u015f\u0131yan  ki\u015fi  ise, \u201clider\u201ddir  ve  liderin  sahip   olmas\u0131   gereken   bir   tak\u0131m   \u00f6zellikler   vard\u0131r.  \u00d6zellikle g\u00fcn\u00fcm\u00fczde, s\u00fcrd\u00fcr\u00fclebilir  ba\u015far\u0131  i\u00e7in  \u00e7al\u0131\u015fanlar\u0131n  de\u011fi\u015fen   taleplerinin g\u00f6z \u00f6n\u00fcne al\u0131nmas\u0131n\u0131n  da ne derece \u00f6nemli oldu\u011fu ortaya \u00e7\u0131km\u0131\u015ft\u0131r. Bu kitapta gerek bireyleri, gerekse  \u015firketleri  kal\u0131c\u0131  ba\u015far\u0131ya  g\u00f6t\u00fcrecek t\u00fcm bu fakt\u00f6rlerle ilgili t\u00fcm detaylar\u0131 ve \u00fclkenin \u00f6nde gelen  i\u015f insanlar\u0131ndan biri olan yazar\u0131n kendi i\u015f ya\u015fam\u0131ndan  dam\u0131tt\u0131\u011f\u0131, size  kariyeriniz i\u00e7in \u201cpusula&#8221; olacak son derece de\u011ferli tecr\u00fcbeleri okuyacaks\u0131n\u0131z.<\/p>\n","protected":false},"excerpt":{"rendered":"<p>\u0130\u015f hayat\u0131nda ba\u015far\u0131y\u0131 etkileyen pek \u00e7ok fakt\u00f6r vard\u0131r. Ba\u015far\u0131l\u0131 bir i\u015f ortaya \u00e7\u0131karman\u0131z i\u00e7in kendinize g\u00fcveninizin tam olmas\u0131 ve yapaca\u011f\u0131n\u0131z i\u015fe odaklanman\u0131z yeterli olmayabilir. \u00d6rne\u011fin ekip<span class=\"excerpt-hellip\"> [\u2026]<\/span><\/p>\n","protected":false},"featured_media":0,"template":"","meta":{"_monsterinsights_skip_tracking":false,"_monsterinsights_sitenote_active":false,"_monsterinsights_sitenote_note":"","_monsterinsights_sitenote_category":0},"product_brand":[],"product_cat":[13043,17647],"product_tag":[],"class_list":{"0":"post-736126","1":"product","2":"type-product","3":"status-publish","5":"product_cat-ekonomi","6":"product_cat-is-dunyasi","7":"pa_cilt-ciltsiz","8":"pa_tur-kitap","9":"pa_yayinevi-perseus","10":"pa_yazar-hikmet-eraslan","12":"first","13":"instock","14":"sale","15":"shipping-taxable","16":"purchasable","17":"product-type-simple"},"_links":{"self":[{"href":"https:\/\/roveyayinevi.com.tr\/index.php\/wp-json\/wp\/v2\/product\/736126","targetHints":{"allow":["GET"]}}],"collection":[{"href":"https:\/\/roveyayinevi.com.tr\/index.php\/wp-json\/wp\/v2\/product"}],"about":[{"href":"https:\/\/roveyayinevi.com.tr\/index.php\/wp-json\/wp\/v2\/types\/product"}],"wp:attachment":[{"href":"https:\/\/roveyayinevi.com.tr\/index.php\/wp-json\/wp\/v2\/media?parent=736126"}],"wp:term":[{"taxonomy":"product_brand","embeddable":true,"href":"https:\/\/roveyayinevi.com.tr\/index.php\/wp-json\/wp\/v2\/product_brand?post=736126"},{"taxonomy":"product_cat","embeddable":true,"href":"https:\/\/roveyayinevi.com.tr\/index.php\/wp-json\/wp\/v2\/product_cat?post=736126"},{"taxonomy":"product_tag","embeddable":true,"href":"https:\/\/roveyayinevi.com.tr\/index.php\/wp-json\/wp\/v2\/product_tag?post=736126"}],"curies":[{"name":"wp","href":"https:\/\/api.w.org\/{rel}","templated":true}]}}