{"id":736125,"date":"2025-08-27T23:01:18","date_gmt":"2025-08-27T20:01:18","guid":{"rendered":"https:\/\/roveyayinevi.com.tr\/index.php\/urun\/maisie-dayin-sonsuz-canlari\/"},"modified":"2026-04-16T02:44:49","modified_gmt":"2026-04-15T23:44:49","slug":"maisie-dayin-sonsuz-canlari","status":"publish","type":"product","link":"https:\/\/roveyayinevi.com.tr\/index.php\/urun\/maisie-dayin-sonsuz-canlari\/","title":{"rendered":"Maisie Day&#8217;in Sonsuz Canlar\u0131"},"content":{"rendered":"<p>Bug\u00fcn Maisie&#8217;nin do\u011fum g\u00fcn\u00fc. Kendi n\u00fckleer reakt\u00f6r\u00fcn\u00fc yapmak i\u00e7in ihtiya\u00e7 duydu\u011fu malzemelerin hediye olarak gelmesini umuyor. Ama ev bombo\u015f ve d\u0131\u015f kap\u0131n\u0131n ard\u0131nda yo\u011fun, korkun\u00e7 bir karanl\u0131k var. S\u00fcrekli de\u011fi\u015fen bir ger\u00e7eklikte k\u0131s\u0131l\u0131p kalan Maisie, kurtulmak i\u00e7in evrenin yasalar\u0131na ve ailesinin sevgisine g\u00fcvenmek zorunda. Ama bu sefer bunlar bile yeterli olmayabilir\u2026 2019 STEAM \u00c7ocuk Kitaplar\u0131 \u00d6d\u00fcl\u00fc sahibi ve 2019 Carnegie Medal Aday\u0131 olan Maisie Day\u2019in Sonsuz Canlar\u0131,  pozitif bilimlerle \u00e7ocuk edebiyat\u0131n\u0131 ustaca harmanlad\u0131\u011f\u0131 kitaplar\u0131yla tan\u0131d\u0131\u011f\u0131m\u0131z Christopher Edge\u2019in yeni kitab\u0131. Daha \u00f6nce Albie Bright\u2019\u0131n Say\u0131s\u0131z D\u00fcnyas\u0131 ve Jamie Drake Denklemi isimli kitaplar\u0131n\u0131 yay\u0131mlad\u0131\u011f\u0131m\u0131z Chistopher Edge, bu kitab\u0131nda da \u00e7ocuklar\u0131 yine heyecanl\u0131 ve duygusal bir macera i\u00e7inde entropi, m\u00f6bius \u015feridi, reakt\u00f6rler, n\u00fckleer reaksiyon, so\u011fuk f\u00fczyon gibi bilimsel kavramlarla tan\u0131\u015ft\u0131r\u0131yor.<\/p>\n","protected":false},"excerpt":{"rendered":"<p>Bug\u00fcn Maisie&#8217;nin do\u011fum g\u00fcn\u00fc. Kendi n\u00fckleer reakt\u00f6r\u00fcn\u00fc yapmak i\u00e7in ihtiya\u00e7 duydu\u011fu malzemelerin hediye olarak gelmesini umuyor. Ama ev bombo\u015f ve d\u0131\u015f kap\u0131n\u0131n ard\u0131nda yo\u011fun, korkun\u00e7 bir<span class=\"excerpt-hellip\"> [\u2026]<\/span><\/p>\n","protected":false},"featured_media":0,"template":"","meta":{"_monsterinsights_skip_tracking":false,"_monsterinsights_sitenote_active":false,"_monsterinsights_sitenote_note":"","_monsterinsights_sitenote_category":0},"product_brand":[],"product_cat":[12275,12274],"product_tag":[],"class_list":{"0":"post-736125","1":"product","2":"type-product","3":"status-publish","5":"product_cat-6-12-yas-kitaplari","6":"product_cat-cocuk-ve-genclik-kitaplari","7":"pa_cilt-ciltsiz","8":"pa_tur-kitap","9":"pa_yayinevi-bilgi-yayinevi","10":"pa_yazar-christopher-edge","12":"first","13":"instock","14":"sale","15":"shipping-taxable","16":"purchasable","17":"product-type-simple"},"_links":{"self":[{"href":"https:\/\/roveyayinevi.com.tr\/index.php\/wp-json\/wp\/v2\/product\/736125","targetHints":{"allow":["GET"]}}],"collection":[{"href":"https:\/\/roveyayinevi.com.tr\/index.php\/wp-json\/wp\/v2\/product"}],"about":[{"href":"https:\/\/roveyayinevi.com.tr\/index.php\/wp-json\/wp\/v2\/types\/product"}],"wp:attachment":[{"href":"https:\/\/roveyayinevi.com.tr\/index.php\/wp-json\/wp\/v2\/media?parent=736125"}],"wp:term":[{"taxonomy":"product_brand","embeddable":true,"href":"https:\/\/roveyayinevi.com.tr\/index.php\/wp-json\/wp\/v2\/product_brand?post=736125"},{"taxonomy":"product_cat","embeddable":true,"href":"https:\/\/roveyayinevi.com.tr\/index.php\/wp-json\/wp\/v2\/product_cat?post=736125"},{"taxonomy":"product_tag","embeddable":true,"href":"https:\/\/roveyayinevi.com.tr\/index.php\/wp-json\/wp\/v2\/product_tag?post=736125"}],"curies":[{"name":"wp","href":"https:\/\/api.w.org\/{rel}","templated":true}]}}