{"id":736123,"date":"2025-08-27T23:01:16","date_gmt":"2025-08-27T20:01:16","guid":{"rendered":"https:\/\/roveyayinevi.com.tr\/index.php\/urun\/uluslararasi-tarihsel-sosyoloji\/"},"modified":"2026-04-16T02:44:49","modified_gmt":"2026-04-15T23:44:49","slug":"uluslararasi-tarihsel-sosyoloji","status":"publish","type":"product","link":"https:\/\/roveyayinevi.com.tr\/index.php\/urun\/uluslararasi-tarihsel-sosyoloji\/","title":{"rendered":"Uluslararas\u0131 Tarihsel Sosyoloji"},"content":{"rendered":"<p>Uluslararas\u0131 Tarihsel Sosyoloji, Politik Marksizmin Uluslararas\u0131 \u0130li\u015fkiler disiplinindeki kilit \u00f6nc\u00fclerinden Benno Teschke\u2019nin Uluslararas\u0131 Tarihsel Sosyoloji (UTS) ile ilgili g\u00f6r\u00fc\u015flerini i\u00e7ermektedir. Marksist UTS, D\u00fcnya Sistemleri Perspektifi, neo-Gramscici Uluslararas\u0131 Politik Ekonomi, Amsterdam Okulu, Politik Marksizm, neo-Leninizm ve Post-Kolonyal Teoriyi de i\u00e7eren \u00e7e\u015fitli ve zengin geleneklerden beslenmektedir. Politik Marksizm g\u00f6r\u00fc\u015f\u00fcnden yola \u00e7\u0131kan Teschke, ana ak\u0131m Uluslararas\u0131 \u0130li\u015fkiler teorisinde hakim olan rasyonalizm, yap\u0131salc\u0131l\u0131k ve pozitivizme alternatif bir UTS\u2019nin ana hatlar\u0131n\u0131 \u00e7izmektedir. Teschke yakla\u015f\u0131m\u0131n\u0131 Marksizmin h\u00fcmanist fail bazl\u0131 yorumlar\u0131yla bilimselci yap\u0131salc\u0131 yorumlar\u0131 aras\u0131ndaki tart\u0131\u015fman\u0131n eksenine yerle\u015ftirerek, toplumsal m\u00fclkiyet ili\u015fkilerine dayanan fail bazl\u0131 bir Marksist UTS\u2019nin temel savlar\u0131n\u0131 savunmaktad\u0131r. Teschke\u2019nin as\u0131l hedefi ise Justin Rosenberg taraf\u0131ndan Uluslararas\u0131 \u0130li\u015fkilere uygulanan E\u015fitsiz ve Birle\u015fik Geli\u015fme (EBG) Teorisinin yap\u0131salc\u0131 g\u00f6r\u00fc\u015fleridir.   Faruk Yalva\u00e7 ise Giri\u015f yaz\u0131s\u0131nda, Marksizmin ele\u015ftirel ger\u00e7ek\u00e7i bir yorumundan yola \u00e7\u0131karak, Teschke\u2019nin g\u00f6r\u00fc\u015flerinin temelini olu\u015fturan ve Marx\u2019\u0131n erken \u00e7al\u0131\u015fmalar\u0131yla ge\u00e7 \u00e7al\u0131\u015fmalar\u0131 aras\u0131ndaki farka dayanan \u201ch\u00fcmanist\u201d ve \u201cbilimsel\u201d Marksizmin ayr\u0131m\u0131n\u0131n hatal\u0131 oldu\u011funu belirtmektedir. Yalva\u00e7, Marx\u2019\u0131n ne tamamen h\u00fcmanist ne de tamamen yap\u0131salc\u0131 oldu\u011funu, fakat iki unsurun da bir arada bulundu\u011fu bir toplumsal teori geli\u015ftirdi\u011fini ve Marksist bir UTS\u2019nin bu temellerde geli\u015ftirilmesi gerekti\u011fini vurgulamaktad\u0131r. <\/p>\n","protected":false},"excerpt":{"rendered":"<p>Uluslararas\u0131 Tarihsel Sosyoloji, Politik Marksizmin Uluslararas\u0131 \u0130li\u015fkiler disiplinindeki kilit \u00f6nc\u00fclerinden Benno Teschke\u2019nin Uluslararas\u0131 Tarihsel Sosyoloji (UTS) ile ilgili g\u00f6r\u00fc\u015flerini i\u00e7ermektedir. Marksist UTS, D\u00fcnya Sistemleri Perspektifi, neo-Gramscici<span class=\"excerpt-hellip\"> [\u2026]<\/span><\/p>\n","protected":false},"featured_media":0,"template":"","meta":{"_monsterinsights_skip_tracking":false,"_monsterinsights_sitenote_active":false,"_monsterinsights_sitenote_note":"","_monsterinsights_sitenote_category":0},"product_brand":[],"product_cat":[12337,17225],"product_tag":[],"class_list":{"0":"post-736123","1":"product","2":"type-product","3":"status-publish","5":"product_cat-politika-siyaset","6":"product_cat-uluslararasi-iliskiler","7":"pa_cilt-ciltsiz","8":"pa_tur-kitap","9":"pa_yayinevi-nika-yayinevi","10":"pa_yazar-benno-teschke","12":"first","13":"instock","14":"sale","15":"shipping-taxable","16":"purchasable","17":"product-type-simple"},"_links":{"self":[{"href":"https:\/\/roveyayinevi.com.tr\/index.php\/wp-json\/wp\/v2\/product\/736123","targetHints":{"allow":["GET"]}}],"collection":[{"href":"https:\/\/roveyayinevi.com.tr\/index.php\/wp-json\/wp\/v2\/product"}],"about":[{"href":"https:\/\/roveyayinevi.com.tr\/index.php\/wp-json\/wp\/v2\/types\/product"}],"wp:attachment":[{"href":"https:\/\/roveyayinevi.com.tr\/index.php\/wp-json\/wp\/v2\/media?parent=736123"}],"wp:term":[{"taxonomy":"product_brand","embeddable":true,"href":"https:\/\/roveyayinevi.com.tr\/index.php\/wp-json\/wp\/v2\/product_brand?post=736123"},{"taxonomy":"product_cat","embeddable":true,"href":"https:\/\/roveyayinevi.com.tr\/index.php\/wp-json\/wp\/v2\/product_cat?post=736123"},{"taxonomy":"product_tag","embeddable":true,"href":"https:\/\/roveyayinevi.com.tr\/index.php\/wp-json\/wp\/v2\/product_tag?post=736123"}],"curies":[{"name":"wp","href":"https:\/\/api.w.org\/{rel}","templated":true}]}}