{"id":736122,"date":"2025-08-27T23:01:15","date_gmt":"2025-08-27T20:01:15","guid":{"rendered":"https:\/\/roveyayinevi.com.tr\/index.php\/urun\/100-yilinda-turkiye-rusya-iliskileri\/"},"modified":"2026-04-16T02:44:49","modified_gmt":"2026-04-15T23:44:49","slug":"100-yilinda-turkiye-rusya-iliskileri","status":"publish","type":"product","link":"https:\/\/roveyayinevi.com.tr\/index.php\/urun\/100-yilinda-turkiye-rusya-iliskileri\/","title":{"rendered":"100. Y\u0131l\u0131nda T\u00fcrkiye &#8211; Rusya \u0130li\u015fkileri"},"content":{"rendered":"<p>T\u00fcrkiye ile Rusya aras\u0131ndaki siyasi, ekonomik ve k\u00fclt\u00fcrel ili\u015fkiler SSCB\u2019nin da\u011f\u0131lmas\u0131 sonras\u0131 y\u00fcksek bir ivme kazand\u0131. 2004 ve 2008 y\u0131l\u0131nda ortak yay\u0131nlad\u0131\u011f\u0131m\u0131z akademik \u00e7al\u0131\u015fmalar\u0131n devam\u0131 niteli\u011finde olan bu kitab\u0131n Moskova Dostluk ve Karde\u015flik Antla\u015fmas\u0131n\u0131n100. Y\u0131l\u0131nda yay\u0131nlanmas\u0131 tarihsel olarak da \u00e7ok anlaml\u0131. \u00dclkeleraras\u0131 dostluk ve karde\u015fli\u011fin devam\u0131n\u0131 akademik olarak destekleyen bu kitaba katk\u0131 veren t\u00fcm  T\u00fcrk ve Rus akademisyenleri can-\u0131 g\u00f6n\u00fclden kutluyorum.Emeritus Prof. Dr. G\u00fclten KAZGANAvrupa, Asya ve Ortado\u011fu\u2019nun en \u00f6nemli \u00fclkelerinden olan T\u00fcrkiye ve Rusya tarih boyunca bu b\u00f6lgedeki geli\u015fmeler \u00fczerinde \u00f6nemli rol oynam\u0131\u015flard\u0131r. D\u00fcnyadaki geli\u015fmelerin de etkisiyle ini\u015fli \u00e7\u0131k\u0131\u015fl\u0131 bir seyir g\u00f6steren bu ili\u015fkilerin d\u00f6n\u00fcm noktas\u0131 16 Mart 1921 tarihli Moskova Antla\u015fmas\u0131 olmu\u015ftur. Kitab\u0131n bu antla\u015fman\u0131n 100. y\u0131ld\u00f6n\u00fcm\u00fcnde yay\u0131nlanmas\u0131 \u00f6zel bir \u00f6nem ta\u015f\u0131maktad\u0131r.  \u00c7ok say\u0131da bilim insan\u0131n\u0131n T\u00fcrkiye-Rusya ili\u015fkilerini siyasi, ekonomik, stratejik ve \u00e7evresel boyutlar\u0131yla de\u011ferlendiren makalelerini Do\u00e7.Dr. Elif Hatun K\u0131l\u0131\u00e7beyli\u2019nin \u00e7abalar\u0131yla bir araya getiren \u2018100. y\u0131l\u0131nda T\u00fcrkiye -Rusya  \u0130li\u015fkileri: \u00c7ok Tarafl\u0131 Geli\u015fmeler, Kar\u015f\u0131l\u0131kl\u0131 Etkile\u015fimler\u2019 ba\u015fl\u0131kl\u0131 kitap \u00f6nemli bir bo\u015flu\u011fu dolduracak de\u011ferli bir eser olmu\u015ftur.Onur \u00d6YMEN, Emekli B\u00fcy\u00fckel\u00e7i <\/p>\n","protected":false},"excerpt":{"rendered":"<p>T\u00fcrkiye ile Rusya aras\u0131ndaki siyasi, ekonomik ve k\u00fclt\u00fcrel ili\u015fkiler SSCB\u2019nin da\u011f\u0131lmas\u0131 sonras\u0131 y\u00fcksek bir ivme kazand\u0131. 2004 ve 2008 y\u0131l\u0131nda ortak yay\u0131nlad\u0131\u011f\u0131m\u0131z akademik \u00e7al\u0131\u015fmalar\u0131n devam\u0131 niteli\u011finde<span class=\"excerpt-hellip\"> [\u2026]<\/span><\/p>\n","protected":false},"featured_media":0,"template":"","meta":{"_monsterinsights_skip_tracking":false,"_monsterinsights_sitenote_active":false,"_monsterinsights_sitenote_note":"","_monsterinsights_sitenote_category":0},"product_brand":[],"product_cat":[12337,17225],"product_tag":[],"class_list":{"0":"post-736122","1":"product","2":"type-product","3":"status-publish","5":"product_cat-politika-siyaset","6":"product_cat-uluslararasi-iliskiler","7":"pa_cilt-ciltsiz","8":"pa_tur-kitap","9":"pa_yayinevi-nika-yayinevi","10":"pa_yazar-elif-hatun-kilicbeyli","12":"first","13":"instock","14":"sale","15":"shipping-taxable","16":"purchasable","17":"product-type-simple"},"_links":{"self":[{"href":"https:\/\/roveyayinevi.com.tr\/index.php\/wp-json\/wp\/v2\/product\/736122","targetHints":{"allow":["GET"]}}],"collection":[{"href":"https:\/\/roveyayinevi.com.tr\/index.php\/wp-json\/wp\/v2\/product"}],"about":[{"href":"https:\/\/roveyayinevi.com.tr\/index.php\/wp-json\/wp\/v2\/types\/product"}],"wp:attachment":[{"href":"https:\/\/roveyayinevi.com.tr\/index.php\/wp-json\/wp\/v2\/media?parent=736122"}],"wp:term":[{"taxonomy":"product_brand","embeddable":true,"href":"https:\/\/roveyayinevi.com.tr\/index.php\/wp-json\/wp\/v2\/product_brand?post=736122"},{"taxonomy":"product_cat","embeddable":true,"href":"https:\/\/roveyayinevi.com.tr\/index.php\/wp-json\/wp\/v2\/product_cat?post=736122"},{"taxonomy":"product_tag","embeddable":true,"href":"https:\/\/roveyayinevi.com.tr\/index.php\/wp-json\/wp\/v2\/product_tag?post=736122"}],"curies":[{"name":"wp","href":"https:\/\/api.w.org\/{rel}","templated":true}]}}