{"id":736121,"date":"2025-08-27T23:01:14","date_gmt":"2025-08-27T20:01:14","guid":{"rendered":"https:\/\/roveyayinevi.com.tr\/index.php\/urun\/yasadim-mi-yaslandim-mi\/"},"modified":"2026-04-16T02:44:49","modified_gmt":"2026-04-15T23:44:49","slug":"yasadim-mi-yaslandim-mi","status":"publish","type":"product","link":"https:\/\/roveyayinevi.com.tr\/index.php\/urun\/yasadim-mi-yaslandim-mi\/","title":{"rendered":"Ya\u015fad\u0131m m\u0131 Ya\u015fland\u0131m m\u0131"},"content":{"rendered":"<p>H\u00e2limi terc\u00fcme edecek olursam ya da hayat hik\u00e2yemi k\u0131saca belirtecek olursam, akl\u0131ma \u015funlar geliyor: Memleket olarak do\u011fdu\u011fum yeri sorarsan\u0131z Pazarc\u0131k. Kahramanmara\u015f\u2019\u0131n \u015firin bir il\u00e7esi. Pazarc\u0131\u011fa, Kahramanmara\u015f\u2019tan gelmi\u015fiz. Asl\u0131m\u0131z Kahramanmara\u015f\u2019l\u0131d\u0131r. Sandalzade olarak bilinen bir aileye mensubum. Annem Besni\u2019lidir. 7 karde\u015fin \u00fc\u00e7\u00fcnc\u00fcs\u00fcy\u00fcm. 1965 y\u0131l\u0131nda do\u011fdum. Babam ge\u00e7imini Marangozlukla sa\u011flard\u0131. 15 y\u0131l kadar \u00f6nce emekli oldu. Annem 2007 y\u0131l\u0131nda vefat etti. Allah (cc) rahmet eylesin. Can\u0131m Annem, bir\u00e7ok Anadolu kad\u0131n\u0131 gibi \u00e7ileli bir hayat ya\u015fad\u0131. Babam da elinden emektar bir ki\u015fidir. Hayat\u0131 boyunca hep \u00e7al\u0131\u015farak ya\u015fad\u0131. Babam gibi Ben de el sanatlar\u0131yla ilgilenmeyi ve marangozluk mesle\u011finde \u00fcr\u00fcnler \u00fcretmeyi \u00e7ok isterdim. Ancak, elim el sanatk\u00e2rl\u0131\u011f\u0131na yatk\u0131n de\u011fil. Sanatk\u00e2r olamad\u0131\u011f\u0131m\u0131z i\u00e7in okuduk. Pazarc\u0131k Lisesi\u2019nden sonra Ankara \u00dcniversitesi Siyasal Bilgiler Fak\u00fcltesini bitirdim. \u015eiire 13 ya\u015f\u0131nda ba\u015flad\u0131m. Ortaokul, lise, \u00fcniversite y\u0131llar\u0131nda \u00e7ok \u015fiir yazd\u0131m. 1987 y\u0131l\u0131nda memuriyete ba\u015flay\u0131nca biraz mola vereyim dedim. Bu mola uzun s\u00fcrd\u00fc. Yazmaya tekrar 2000\u2019li y\u0131llardan sonra ba\u015flad\u0131m. Bu tarihten sonra edebiyat alan\u0131ndaki \u00e7aba ve \u00e7al\u0131\u015fmalar\u0131m\u0131 art\u0131rd\u0131m. 2006 y\u0131l\u0131ndan bu g\u00fcne 17 kitap yay\u0131nlamak k\u0131smet oldu. Elhamd\u00fclillah.Ayr\u0131ca, fertlerde i\u00e7sel geli\u015fim ve ruhi olgunluk sa\u011flayacak g\u00f6r\u00fc\u015f ve d\u00fc\u015f\u00fcncelerimi de \u00e7e\u015fitli yay\u0131n vas\u0131talar\u0131yla topluma aktard\u0131m. Kamu y\u00f6netiminin geli\u015ftirilmesi, adil idare, ahlakl\u0131 nesil meydana getirme, ailenin g\u00fc\u00e7lendirilmesi, temiz ve g\u00fczel \u00e7evrede ya\u015famak i\u00e7in gerekli olan \u015fartlar hususunda da eserler, \u00e7al\u0131\u015fmalar ger\u00e7ekle\u015ftirdim. Elhamd\u00fclillah, bu do\u011frultuda bir\u00e7ok kitap yay\u0131nlad\u0131\u011f\u0131m gibi, makale ve k\u00f6\u015fe yaz\u0131s\u0131 da yazd\u0131m. Onlarca seminer ve konferans sundum. Yukar\u0131da da belirttim. Edebiyat ve \u015fiir konusunda, ta \u00e7ocukluk y\u0131llar\u0131ma giden ilgi ve sevgim vard\u0131r. Elinizdeki bu \u015fiir kitab\u0131 bu sevgiden kaynaklanm\u0131\u015ft\u0131r.Evliyim. Mehmet, Ebru Nur ve Abdurrahman Taha isminde \u00fc\u00e7 \u00e7ocuk babas\u0131y\u0131m. Ahmed Fuad isminde bir torunum var. Ma\u015fallah.Bu kitab\u0131n ana maksad\u0131 y\u00fcre\u011fimden kaynaklanan duygular\u0131, akl\u0131mdan yay\u0131lan d\u00fc\u015f\u00fcnceleri sizlere m\u0131sralar halinde, \u015fiir \u015feklinde sunmak ve sizin de y\u00fcreklerinizde ho\u015fluk ve ak\u0131llar\u0131n\u0131zda ayd\u0131nl\u0131k meydana getirebilmektir. Kendi y\u00fcre\u011fim ile akl\u0131m\u0131 da ho\u015f duygulara ve ayd\u0131nl\u0131k fikirlere her daim muhta\u00e7 bilirim.<\/p>\n","protected":false},"excerpt":{"rendered":"<p>H\u00e2limi terc\u00fcme edecek olursam ya da hayat hik\u00e2yemi k\u0131saca belirtecek olursam, akl\u0131ma \u015funlar geliyor: Memleket olarak do\u011fdu\u011fum yeri sorarsan\u0131z Pazarc\u0131k. Kahramanmara\u015f\u2019\u0131n \u015firin bir il\u00e7esi. Pazarc\u0131\u011fa, Kahramanmara\u015f\u2019tan<span class=\"excerpt-hellip\"> [\u2026]<\/span><\/p>\n","protected":false},"featured_media":0,"template":"","meta":{"_monsterinsights_skip_tracking":false,"_monsterinsights_sitenote_active":false,"_monsterinsights_sitenote_note":"","_monsterinsights_sitenote_category":0},"product_brand":[],"product_cat":[12291,12509],"product_tag":[],"class_list":{"0":"post-736121","1":"product","2":"type-product","3":"status-publish","5":"product_cat-edebiyat","6":"product_cat-siir","7":"pa_cilt-ciltsiz","8":"pa_tur-kitap","9":"pa_yayinevi-gulnar-yayinlari","10":"pa_yazar-ahmet-sandal","12":"first","13":"instock","14":"sale","15":"shipping-taxable","16":"purchasable","17":"product-type-simple"},"_links":{"self":[{"href":"https:\/\/roveyayinevi.com.tr\/index.php\/wp-json\/wp\/v2\/product\/736121","targetHints":{"allow":["GET"]}}],"collection":[{"href":"https:\/\/roveyayinevi.com.tr\/index.php\/wp-json\/wp\/v2\/product"}],"about":[{"href":"https:\/\/roveyayinevi.com.tr\/index.php\/wp-json\/wp\/v2\/types\/product"}],"wp:attachment":[{"href":"https:\/\/roveyayinevi.com.tr\/index.php\/wp-json\/wp\/v2\/media?parent=736121"}],"wp:term":[{"taxonomy":"product_brand","embeddable":true,"href":"https:\/\/roveyayinevi.com.tr\/index.php\/wp-json\/wp\/v2\/product_brand?post=736121"},{"taxonomy":"product_cat","embeddable":true,"href":"https:\/\/roveyayinevi.com.tr\/index.php\/wp-json\/wp\/v2\/product_cat?post=736121"},{"taxonomy":"product_tag","embeddable":true,"href":"https:\/\/roveyayinevi.com.tr\/index.php\/wp-json\/wp\/v2\/product_tag?post=736121"}],"curies":[{"name":"wp","href":"https:\/\/api.w.org\/{rel}","templated":true}]}}