{"id":736118,"date":"2025-08-27T23:01:11","date_gmt":"2025-08-27T20:01:11","guid":{"rendered":"https:\/\/roveyayinevi.com.tr\/index.php\/urun\/b-ve-d-harflerini-karistiriyorum\/"},"modified":"2026-04-16T02:44:49","modified_gmt":"2026-04-15T23:44:49","slug":"b-ve-d-harflerini-karistiriyorum","status":"publish","type":"product","link":"https:\/\/roveyayinevi.com.tr\/index.php\/urun\/b-ve-d-harflerini-karistiriyorum\/","title":{"rendered":"B ve D Harflerini Kar\u0131\u015ft\u0131r\u0131yorum"},"content":{"rendered":"<p>5-13 ya\u015flar\u0131 aras\u0131ndaki \u00e7ocuklarda bazen g\u00f6rsel dikkat, g\u00f6rsel alg\u0131, ve g\u00f6rsel ayr\u0131mla\u015ft\u0131rma becerilerinde eksiklikler olabilmektedir. Bu nedenle \u201cb ve d Harflerini Kar\u0131\u015ft\u0131r\u0131yorum\u201d \u00c7al\u0131\u015fma Kitab\u0131\u2019n\u0131n i\u00e7eri\u011fi bu temel becerileri geli\u015ftirerek ya\u015fanan problem durumu ortadan kald\u0131rmak amac\u0131yla olu\u015fturulmu\u015ftur.<\/p>\n","protected":false},"excerpt":{"rendered":"<p>5-13 ya\u015flar\u0131 aras\u0131ndaki \u00e7ocuklarda bazen g\u00f6rsel dikkat, g\u00f6rsel alg\u0131, ve g\u00f6rsel ayr\u0131mla\u015ft\u0131rma becerilerinde eksiklikler olabilmektedir. Bu nedenle \u201cb ve d Harflerini Kar\u0131\u015ft\u0131r\u0131yorum\u201d \u00c7al\u0131\u015fma Kitab\u0131\u2019n\u0131n i\u00e7eri\u011fi bu<span class=\"excerpt-hellip\"> [\u2026]<\/span><\/p>\n","protected":false},"featured_media":0,"template":"","meta":{"_monsterinsights_skip_tracking":false,"_monsterinsights_sitenote_active":false,"_monsterinsights_sitenote_note":"","_monsterinsights_sitenote_category":0},"product_brand":[],"product_cat":[12274,15842],"product_tag":[],"class_list":{"0":"post-736118","1":"product","2":"type-product","3":"status-publish","5":"product_cat-cocuk-ve-genclik-kitaplari","6":"product_cat-egitici-kitaplar","7":"pa_cilt-ciltsiz","8":"pa_tur-kitap","9":"pa_yayinevi-marti-cocuk-yayinlari","10":"pa_yazar-bahar-sarikaya","12":"first","13":"instock","14":"sale","15":"shipping-taxable","16":"purchasable","17":"product-type-simple"},"_links":{"self":[{"href":"https:\/\/roveyayinevi.com.tr\/index.php\/wp-json\/wp\/v2\/product\/736118","targetHints":{"allow":["GET"]}}],"collection":[{"href":"https:\/\/roveyayinevi.com.tr\/index.php\/wp-json\/wp\/v2\/product"}],"about":[{"href":"https:\/\/roveyayinevi.com.tr\/index.php\/wp-json\/wp\/v2\/types\/product"}],"wp:attachment":[{"href":"https:\/\/roveyayinevi.com.tr\/index.php\/wp-json\/wp\/v2\/media?parent=736118"}],"wp:term":[{"taxonomy":"product_brand","embeddable":true,"href":"https:\/\/roveyayinevi.com.tr\/index.php\/wp-json\/wp\/v2\/product_brand?post=736118"},{"taxonomy":"product_cat","embeddable":true,"href":"https:\/\/roveyayinevi.com.tr\/index.php\/wp-json\/wp\/v2\/product_cat?post=736118"},{"taxonomy":"product_tag","embeddable":true,"href":"https:\/\/roveyayinevi.com.tr\/index.php\/wp-json\/wp\/v2\/product_tag?post=736118"}],"curies":[{"name":"wp","href":"https:\/\/api.w.org\/{rel}","templated":true}]}}