{"id":736117,"date":"2025-08-27T23:01:10","date_gmt":"2025-08-27T20:01:10","guid":{"rendered":"https:\/\/roveyayinevi.com.tr\/index.php\/urun\/sesleri-fark-ediyorum-ilk-ses-son-ses-farkindaligi\/"},"modified":"2026-04-16T02:44:49","modified_gmt":"2026-04-15T23:44:49","slug":"sesleri-fark-ediyorum-ilk-ses-son-ses-farkindaligi","status":"publish","type":"product","link":"https:\/\/roveyayinevi.com.tr\/index.php\/urun\/sesleri-fark-ediyorum-ilk-ses-son-ses-farkindaligi\/","title":{"rendered":"Sesleri Fark Ediyorum &#8211; \u0130lk Ses Son Ses Fark\u0131ndal\u0131\u011f\u0131"},"content":{"rendered":"<p>\u201cSes bilgisi fark\u0131ndal\u0131\u011f\u0131 g\u00f6sterir. \u201c kazan\u0131m\u0131 \u00e7ocuklar\u0131m\u0131z\u0131n anaokulu d\u00f6neminde edinmesini bekledi\u011fimiz fonolojik bir kazan\u0131md\u0131r. Yeterli \u00f6\u011frenme s\u00fcre\u00e7lerini ya\u015fayamayan yada bu alanda g\u00fc\u00e7l\u00fck \u00e7eken \u00e7ocuklar okuma yazma s\u00fcrecinde s\u00f6zc\u00fcklerin ilk\/son seslerini, ilk\/son hecelerini ay\u0131rt bulmakta zorlanabilirler. Ciddi bir analiz ve \u00e7\u00f6z\u00fcmleme yapabilme becerisine ihtiya\u00e7 duyarlar.Sesleri Fark Ediyorum kitab\u0131 bu alanda zorluk ya\u015fayan yada pratik ihtiyac\u0131 olan \u00e7ocuklar\u0131m\u0131z\u0131n bolca egzersiz yapmas\u0131n\u0131 sa\u011flayan ; ard\u0131l i\u015flem becerisi, muhakeme, par\u00e7a b\u00fct\u00fcn ili\u015fkisi ve \u00e7\u00f6z\u00fcmleme yapabilme gibi bili\u015fsel becerilerini do\u011frudan etkileyen bir etkinlik kitab\u0131d\u0131r.<\/p>\n","protected":false},"excerpt":{"rendered":"<p>\u201cSes bilgisi fark\u0131ndal\u0131\u011f\u0131 g\u00f6sterir. \u201c kazan\u0131m\u0131 \u00e7ocuklar\u0131m\u0131z\u0131n anaokulu d\u00f6neminde edinmesini bekledi\u011fimiz fonolojik bir kazan\u0131md\u0131r. Yeterli \u00f6\u011frenme s\u00fcre\u00e7lerini ya\u015fayamayan yada bu alanda g\u00fc\u00e7l\u00fck \u00e7eken \u00e7ocuklar okuma yazma<span class=\"excerpt-hellip\"> [\u2026]<\/span><\/p>\n","protected":false},"featured_media":0,"template":"","meta":{"_monsterinsights_skip_tracking":false,"_monsterinsights_sitenote_active":false,"_monsterinsights_sitenote_note":"","_monsterinsights_sitenote_category":0},"product_brand":[],"product_cat":[12274,15842],"product_tag":[],"class_list":{"0":"post-736117","1":"product","2":"type-product","3":"status-publish","5":"product_cat-cocuk-ve-genclik-kitaplari","6":"product_cat-egitici-kitaplar","7":"pa_cilt-ciltsiz","8":"pa_tur-kitap","9":"pa_yayinevi-marti-cocuk-yayinlari","10":"pa_yazar-bahar-sarikaya","12":"first","13":"instock","14":"sale","15":"shipping-taxable","16":"purchasable","17":"product-type-simple"},"_links":{"self":[{"href":"https:\/\/roveyayinevi.com.tr\/index.php\/wp-json\/wp\/v2\/product\/736117","targetHints":{"allow":["GET"]}}],"collection":[{"href":"https:\/\/roveyayinevi.com.tr\/index.php\/wp-json\/wp\/v2\/product"}],"about":[{"href":"https:\/\/roveyayinevi.com.tr\/index.php\/wp-json\/wp\/v2\/types\/product"}],"wp:attachment":[{"href":"https:\/\/roveyayinevi.com.tr\/index.php\/wp-json\/wp\/v2\/media?parent=736117"}],"wp:term":[{"taxonomy":"product_brand","embeddable":true,"href":"https:\/\/roveyayinevi.com.tr\/index.php\/wp-json\/wp\/v2\/product_brand?post=736117"},{"taxonomy":"product_cat","embeddable":true,"href":"https:\/\/roveyayinevi.com.tr\/index.php\/wp-json\/wp\/v2\/product_cat?post=736117"},{"taxonomy":"product_tag","embeddable":true,"href":"https:\/\/roveyayinevi.com.tr\/index.php\/wp-json\/wp\/v2\/product_tag?post=736117"}],"curies":[{"name":"wp","href":"https:\/\/api.w.org\/{rel}","templated":true}]}}