{"id":736109,"date":"2025-08-27T23:01:02","date_gmt":"2025-08-27T20:01:02","guid":{"rendered":"https:\/\/roveyayinevi.com.tr\/index.php\/urun\/dikkatli-say\/"},"modified":"2026-04-16T02:44:48","modified_gmt":"2026-04-15T23:44:48","slug":"dikkatli-say","status":"publish","type":"product","link":"https:\/\/roveyayinevi.com.tr\/index.php\/urun\/dikkatli-say\/","title":{"rendered":"Dikkatli Say"},"content":{"rendered":"<p>\u00c7ocuklar\u0131m\u0131z\u0131n s\u00f6zel d\u00f6nem ba\u015flang\u0131c\u0131 ile birlikte, say\u0131 s\u00f6zc\u00fcklerinin kullan\u0131m\u0131 da ba\u015flar. Kimi zaman bu s\u00f6zc\u00fckler aileler taraf\u0131ndan ezberletilirken, kimi zamanda \u00e7evreden \u00f6\u011frenirler. \u00c7ocuklar\u0131m\u0131z\u0131n say\u0131lar\u0131 birbiri ard\u0131nca s\u0131ralamalar\u0131, anlaml\u0131 sayma ya da say\u0131 s\u00f6zc\u00fcklerinin somut olarak neyi temsil etti\u011fini bildiklerini g\u00f6stermemektedir.Asl\u0131nda say\u0131 sayman\u0131n, bir topluluktaki nesnelerin say\u0131s\u0131n\u0131n g\u00f6sterilebilmesi (tane kavram\u0131) gibi bir i\u015flevi olmal\u0131d\u0131r.Okul \u00f6ncesi d\u00f6nemde kazan\u0131lmas\u0131 beklenilen bu kavram becerileri okul hayat\u0131 boyunca bir \u00e7ok bili\u015fsel becerinin do\u011fru ve sa\u011fl\u0131kl\u0131 edinilmesine katk\u0131 sa\u011flayacakt\u0131r.\u201cDikkatli Say\u201d kitab\u0131 ile gerek okul \u00f6ncesi d\u00f6nem, gerek birinci s\u0131n\u0131f, gerekse \u00f6zel e\u011fitim s\u00fcrecinde ki \u00e7ocuklar\u0131m\u0131z\u0131n \u201cdikkat, odaklanma, katagorize etme, ay\u0131rt edicilik, tane ve say\u0131 kavramlar\u0131\u201d gibi alanlar\u0131n\u0131n desteklenmesi ve geli\u015ftirilmesi hedeflenmektedir.Kitap i\u00e7erisinde yer alan y\u00fczlerce g\u00f6rsel ile nesne tan\u0131ma becerilerine ciddi katk\u0131 sunulacak ve s\u00f6zc\u00fck da\u011farc\u0131klar\u0131n\u0131n artmas\u0131 sa\u011flanacakt\u0131r.\u201cDikkatli Say\u201d kitab\u0131 bir \u00e7ok kazan\u0131m\u0131n \u00f6\u011fretimi esnas\u0131nda \u00f6\u011fretmenlerimizin elini g\u00fc\u00e7lendiren bir kaynak olacakt\u0131r.<\/p>\n","protected":false},"excerpt":{"rendered":"<p>\u00c7ocuklar\u0131m\u0131z\u0131n s\u00f6zel d\u00f6nem ba\u015flang\u0131c\u0131 ile birlikte, say\u0131 s\u00f6zc\u00fcklerinin kullan\u0131m\u0131 da ba\u015flar. Kimi zaman bu s\u00f6zc\u00fckler aileler taraf\u0131ndan ezberletilirken, kimi zamanda \u00e7evreden \u00f6\u011frenirler. \u00c7ocuklar\u0131m\u0131z\u0131n say\u0131lar\u0131 birbiri ard\u0131nca<span class=\"excerpt-hellip\"> [\u2026]<\/span><\/p>\n","protected":false},"featured_media":0,"template":"","meta":{"_monsterinsights_skip_tracking":false,"_monsterinsights_sitenote_active":false,"_monsterinsights_sitenote_note":"","_monsterinsights_sitenote_category":0},"product_brand":[],"product_cat":[12274,15842],"product_tag":[],"class_list":{"0":"post-736109","1":"product","2":"type-product","3":"status-publish","5":"product_cat-cocuk-ve-genclik-kitaplari","6":"product_cat-egitici-kitaplar","7":"pa_cilt-ciltsiz","8":"pa_tur-kitap","9":"pa_yayinevi-marti-cocuk-yayinlari","10":"pa_yazar-bahar-sarikaya","12":"first","13":"instock","14":"sale","15":"shipping-taxable","16":"purchasable","17":"product-type-simple"},"_links":{"self":[{"href":"https:\/\/roveyayinevi.com.tr\/index.php\/wp-json\/wp\/v2\/product\/736109","targetHints":{"allow":["GET"]}}],"collection":[{"href":"https:\/\/roveyayinevi.com.tr\/index.php\/wp-json\/wp\/v2\/product"}],"about":[{"href":"https:\/\/roveyayinevi.com.tr\/index.php\/wp-json\/wp\/v2\/types\/product"}],"wp:attachment":[{"href":"https:\/\/roveyayinevi.com.tr\/index.php\/wp-json\/wp\/v2\/media?parent=736109"}],"wp:term":[{"taxonomy":"product_brand","embeddable":true,"href":"https:\/\/roveyayinevi.com.tr\/index.php\/wp-json\/wp\/v2\/product_brand?post=736109"},{"taxonomy":"product_cat","embeddable":true,"href":"https:\/\/roveyayinevi.com.tr\/index.php\/wp-json\/wp\/v2\/product_cat?post=736109"},{"taxonomy":"product_tag","embeddable":true,"href":"https:\/\/roveyayinevi.com.tr\/index.php\/wp-json\/wp\/v2\/product_tag?post=736109"}],"curies":[{"name":"wp","href":"https:\/\/api.w.org\/{rel}","templated":true}]}}