{"id":736104,"date":"2025-08-27T23:00:57","date_gmt":"2025-08-27T20:00:57","guid":{"rendered":"https:\/\/roveyayinevi.com.tr\/index.php\/urun\/ihlamur-agacinda-neler-oluyor\/"},"modified":"2026-04-16T02:44:48","modified_gmt":"2026-04-15T23:44:48","slug":"ihlamur-agacinda-neler-oluyor","status":"publish","type":"product","link":"https:\/\/roveyayinevi.com.tr\/index.php\/urun\/ihlamur-agacinda-neler-oluyor\/","title":{"rendered":"Ihlamur A\u011fac\u0131nda Neler Oluyor?"},"content":{"rendered":"<p>\u201cPoyraz, her sabah oldu\u011fu gibi erken uyand\u0131. Penceresini aralay\u0131nca g\u00fcne\u015fin \u0131\u015f\u0131klar\u0131 g\u00f6zlerini kama\u015ft\u0131rd\u0131. Derin bir nefes alarak \u0131hlamur a\u011fac\u0131n\u0131n yumu\u015fac\u0131k kokusunu i\u00e7ine \u00e7ekmek istedi. Y\u00fcz\u00fcnde d\u0131\u015far\u0131dan gelen havan\u0131n serin esintisini hissetti ve hi\u00e7 beklemedi\u011fi bir \u015fey ile kar\u015f\u0131la\u015ft\u0131. Ihlamur a\u011fac\u0131 her zamankinden farkl\u0131 g\u00f6r\u00fcn\u00fcyordu. Poyraz\u2019la birlikte \u0131hlamur a\u011fac\u0131na neler oldu\u011funu \u00f6\u011frenmeye haz\u0131r m\u0131s\u0131n?\u201d   Poyraz, \u0131hlamur a\u011fac\u0131n\u0131n her zamankinden farkl\u0131 g\u00f6r\u00fcnmesinin sebeplerini bulmaya \u00e7al\u0131\u015f\u0131rken i\u00e7inde yo\u011fun bir korku hisseder. Annesinin ke\u015ffetti\u011fi bir oyunla korku duygusunun zihninde beliren d\u00fc\u015f\u00fcncelerden kaynakland\u0131\u011f\u0131n\u0131 fark eder. Sonunda ger\u00e7ek\u00e7i d\u00fc\u015f\u00fcncelere ula\u015f\u0131r ve korku duygusu ile ba\u015f etmeyi \u00f6\u011frenir.   Poyraz\u2019\u0131n \u00f6yk\u00fcs\u00fc ile \u00e7ocuklar\u0131n yo\u011fun duygularla kar\u015f\u0131la\u015ft\u0131\u011f\u0131 anlarda, duygular\u0131n\u0131 y\u00f6netebilmelerini sa\u011flayacak ba\u015f etme becerilerini g\u00fc\u00e7lendirmek hedeflenmi\u015ftir. Bu ama\u00e7la \u00e7ocuklar i\u00e7in uyarlanm\u0131\u015f \u201cBili\u015fsel Davran\u0131\u015f\u00e7\u0131 Terapi (BDT) Teknikleri\u201d hik\u00e2ye i\u00e7inde kullan\u0131lm\u0131\u015ft\u0131r. Kitab\u0131n sonunda ebeveynler i\u00e7in haz\u0131rlanan bilgilendirme b\u00f6l\u00fcm\u00fc bulunmaktad\u0131r. <\/p>\n","protected":false},"excerpt":{"rendered":"<p>\u201cPoyraz, her sabah oldu\u011fu gibi erken uyand\u0131. Penceresini aralay\u0131nca g\u00fcne\u015fin \u0131\u015f\u0131klar\u0131 g\u00f6zlerini kama\u015ft\u0131rd\u0131. Derin bir nefes alarak \u0131hlamur a\u011fac\u0131n\u0131n yumu\u015fac\u0131k kokusunu i\u00e7ine \u00e7ekmek istedi. Y\u00fcz\u00fcnde d\u0131\u015far\u0131dan<span class=\"excerpt-hellip\"> [\u2026]<\/span><\/p>\n","protected":false},"featured_media":0,"template":"","meta":{"_monsterinsights_skip_tracking":false,"_monsterinsights_sitenote_active":false,"_monsterinsights_sitenote_note":"","_monsterinsights_sitenote_category":0},"product_brand":[],"product_cat":[12913,12274],"product_tag":[],"class_list":{"0":"post-736104","1":"product","2":"type-product","3":"status-publish","5":"product_cat-3-6-yas-kitaplari","6":"product_cat-cocuk-ve-genclik-kitaplari","7":"pa_cilt-ciltsiz","8":"pa_tur-kitap","9":"pa_yayinevi-sola-kidz","10":"pa_yazar-nagihan-saday-duman","12":"first","13":"instock","14":"sale","15":"shipping-taxable","16":"purchasable","17":"product-type-simple"},"_links":{"self":[{"href":"https:\/\/roveyayinevi.com.tr\/index.php\/wp-json\/wp\/v2\/product\/736104","targetHints":{"allow":["GET"]}}],"collection":[{"href":"https:\/\/roveyayinevi.com.tr\/index.php\/wp-json\/wp\/v2\/product"}],"about":[{"href":"https:\/\/roveyayinevi.com.tr\/index.php\/wp-json\/wp\/v2\/types\/product"}],"wp:attachment":[{"href":"https:\/\/roveyayinevi.com.tr\/index.php\/wp-json\/wp\/v2\/media?parent=736104"}],"wp:term":[{"taxonomy":"product_brand","embeddable":true,"href":"https:\/\/roveyayinevi.com.tr\/index.php\/wp-json\/wp\/v2\/product_brand?post=736104"},{"taxonomy":"product_cat","embeddable":true,"href":"https:\/\/roveyayinevi.com.tr\/index.php\/wp-json\/wp\/v2\/product_cat?post=736104"},{"taxonomy":"product_tag","embeddable":true,"href":"https:\/\/roveyayinevi.com.tr\/index.php\/wp-json\/wp\/v2\/product_tag?post=736104"}],"curies":[{"name":"wp","href":"https:\/\/api.w.org\/{rel}","templated":true}]}}