{"id":736100,"date":"2025-08-27T23:00:51","date_gmt":"2025-08-27T20:00:51","guid":{"rendered":"https:\/\/roveyayinevi.com.tr\/index.php\/urun\/yunus-emrenin-sehirleri\/"},"modified":"2026-04-16T02:44:48","modified_gmt":"2026-04-15T23:44:48","slug":"yunus-emrenin-sehirleri","status":"publish","type":"product","link":"https:\/\/roveyayinevi.com.tr\/index.php\/urun\/yunus-emrenin-sehirleri\/","title":{"rendered":"Yunus Emre&#8217;nin \u015eehirleri"},"content":{"rendered":"<p>Yunus Emre\u2019nin \u015eehirleriYunus Emre, b\u00fct\u00fcn bir Anadolu\u2019yu sevgiyle mayalam\u0131\u015f bir ruh kahraman\u0131d\u0131r. Milletimiz de ona duydu\u011fu sevgiyi somutla\u015ft\u0131rmak i\u00e7in Eski\u015fehir\u2019den Karaman\u2019a, Aksaray\u2019dan Erzurum\u2019a, Isparta\u2019dan Ordu\u2019ya pek \u00e7ok yerde ad\u0131na makam dedi\u011fimiz t\u00fcrbeler in\u015fa etmi\u015ftir.Bu \u015fehirlerin her biri \u00f6nemlidir. Zira hepsi onun \u015fehirleridir. Her birinde Yunus\u2019tan bir iz, bir hat\u0131ra mevcuttur. \u0130\u015fte bu kitap, bu \u015fehirlerin hik\u00e2yelerini anlatmay\u0131 ama\u00e7l\u0131yor. Derdimiz Yunus Emre\u2019yi \u015fu veya bu \u015fehre ait g\u00f6stermek de\u011fildir. \u00c7\u00fcnk\u00fc onun as\u0131l yeri g\u00f6n\u00fcllerdir. As\u0131l mesele mezar\u0131n\u0131n nerede oldu\u011fu de\u011fil onun kim oldu\u011fu ve ne s\u00f6yledi\u011fidir.\u0130\u015fte bunu anlamak i\u00e7in bu \u015fehirlerdeki Yunus Emre hik\u00e2yelerinin pe\u015fine d\u00fc\u015ft\u00fck. O makamlar\u0131n her birini ziyaret ederek Yunus\u2019un buralara nas\u0131l bir ruh \u00fcfledi\u011fini, nas\u0131l bir k\u00fclt\u00fcr, anlay\u0131\u015f ve gelenek olu\u015fturdu\u011funu g\u00f6rmeye, g\u00f6rd\u00fcklerimizi de anlatmaya \u00e7al\u0131\u015ft\u0131k.<\/p>\n","protected":false},"excerpt":{"rendered":"<p>Yunus Emre\u2019nin \u015eehirleriYunus Emre, b\u00fct\u00fcn bir Anadolu\u2019yu sevgiyle mayalam\u0131\u015f bir ruh kahraman\u0131d\u0131r. Milletimiz de ona duydu\u011fu sevgiyi somutla\u015ft\u0131rmak i\u00e7in Eski\u015fehir\u2019den Karaman\u2019a, Aksaray\u2019dan Erzurum\u2019a, Isparta\u2019dan Ordu\u2019ya pek<span class=\"excerpt-hellip\"> [\u2026]<\/span><\/p>\n","protected":false},"featured_media":0,"template":"","meta":{"_monsterinsights_skip_tracking":false,"_monsterinsights_sitenote_active":false,"_monsterinsights_sitenote_note":"","_monsterinsights_sitenote_category":0},"product_brand":[],"product_cat":[13072,12291],"product_tag":[],"class_list":{"0":"post-736100","1":"product","2":"type-product","3":"status-publish","5":"product_cat-arastirma-inceleme-referans","6":"product_cat-edebiyat","7":"pa_cilt-ciltsiz","8":"pa_tur-kitap","9":"pa_yayinevi-muhit-kitap","10":"pa_yazar-mustafa-ozcelik","12":"first","13":"instock","14":"sale","15":"shipping-taxable","16":"purchasable","17":"product-type-simple"},"_links":{"self":[{"href":"https:\/\/roveyayinevi.com.tr\/index.php\/wp-json\/wp\/v2\/product\/736100","targetHints":{"allow":["GET"]}}],"collection":[{"href":"https:\/\/roveyayinevi.com.tr\/index.php\/wp-json\/wp\/v2\/product"}],"about":[{"href":"https:\/\/roveyayinevi.com.tr\/index.php\/wp-json\/wp\/v2\/types\/product"}],"wp:attachment":[{"href":"https:\/\/roveyayinevi.com.tr\/index.php\/wp-json\/wp\/v2\/media?parent=736100"}],"wp:term":[{"taxonomy":"product_brand","embeddable":true,"href":"https:\/\/roveyayinevi.com.tr\/index.php\/wp-json\/wp\/v2\/product_brand?post=736100"},{"taxonomy":"product_cat","embeddable":true,"href":"https:\/\/roveyayinevi.com.tr\/index.php\/wp-json\/wp\/v2\/product_cat?post=736100"},{"taxonomy":"product_tag","embeddable":true,"href":"https:\/\/roveyayinevi.com.tr\/index.php\/wp-json\/wp\/v2\/product_tag?post=736100"}],"curies":[{"name":"wp","href":"https:\/\/api.w.org\/{rel}","templated":true}]}}