{"id":736097,"date":"2025-08-27T23:00:47","date_gmt":"2025-08-27T20:00:47","guid":{"rendered":"https:\/\/roveyayinevi.com.tr\/index.php\/urun\/topraktan-yukselen\/"},"modified":"2026-04-16T02:44:47","modified_gmt":"2026-04-15T23:44:47","slug":"topraktan-yukselen","status":"publish","type":"product","link":"https:\/\/roveyayinevi.com.tr\/index.php\/urun\/topraktan-yukselen\/","title":{"rendered":"Topraktan Y\u00fckselen"},"content":{"rendered":"<p>\u015eair \u0130brahim Tenekeci\u2019nin se\u00e7me yaz\u0131lar\u0131ndan olu\u015fan Topraktan Y\u00fckselen, uzun bir y\u00fcr\u00fcy\u00fc\u015f ve incelikle i\u015flenmi\u015f bir eme\u011fin mahsul\u00fc olarak Muhit Kitap\u2019ta okuyucuyu selaml\u0131yor.Sade bir hayat ya\u015fayan, b\u00fcy\u00fckl\u00fck taslamayan, h\u0131rs yapmayan insanlar\u0131n ba\u015fka bir \u015feye d\u00f6n\u00fc\u015ft\u00fc\u011f\u00fcn\u00fc g\u00f6rmedim. Yolculu\u011fa nas\u0131l ba\u015flad\u0131larsa \u00f6yle devam ediyorlar. \u0130nsana ba\u015flad\u0131\u011f\u0131 gibi bitirmenin sevinci yeter. Buna \u201cistikamet\u201d diyoruz.<\/p>\n","protected":false},"excerpt":{"rendered":"<p>\u015eair \u0130brahim Tenekeci\u2019nin se\u00e7me yaz\u0131lar\u0131ndan olu\u015fan Topraktan Y\u00fckselen, uzun bir y\u00fcr\u00fcy\u00fc\u015f ve incelikle i\u015flenmi\u015f bir eme\u011fin mahsul\u00fc olarak Muhit Kitap\u2019ta okuyucuyu selaml\u0131yor.Sade bir hayat ya\u015fayan, b\u00fcy\u00fckl\u00fck<span class=\"excerpt-hellip\"> [\u2026]<\/span><\/p>\n","protected":false},"featured_media":0,"template":"","meta":{"_monsterinsights_skip_tracking":false,"_monsterinsights_sitenote_active":false,"_monsterinsights_sitenote_note":"","_monsterinsights_sitenote_category":0},"product_brand":[],"product_cat":[12777,12291],"product_tag":[],"class_list":{"0":"post-736097","1":"product","2":"type-product","3":"status-publish","5":"product_cat-deneme","6":"product_cat-edebiyat","7":"pa_cilt-ciltsiz","8":"pa_tur-kitap","9":"pa_yayinevi-muhit-kitap","10":"pa_yazar-ibrahim-tenekeci","12":"first","13":"instock","14":"sale","15":"shipping-taxable","16":"purchasable","17":"product-type-simple"},"_links":{"self":[{"href":"https:\/\/roveyayinevi.com.tr\/index.php\/wp-json\/wp\/v2\/product\/736097","targetHints":{"allow":["GET"]}}],"collection":[{"href":"https:\/\/roveyayinevi.com.tr\/index.php\/wp-json\/wp\/v2\/product"}],"about":[{"href":"https:\/\/roveyayinevi.com.tr\/index.php\/wp-json\/wp\/v2\/types\/product"}],"wp:attachment":[{"href":"https:\/\/roveyayinevi.com.tr\/index.php\/wp-json\/wp\/v2\/media?parent=736097"}],"wp:term":[{"taxonomy":"product_brand","embeddable":true,"href":"https:\/\/roveyayinevi.com.tr\/index.php\/wp-json\/wp\/v2\/product_brand?post=736097"},{"taxonomy":"product_cat","embeddable":true,"href":"https:\/\/roveyayinevi.com.tr\/index.php\/wp-json\/wp\/v2\/product_cat?post=736097"},{"taxonomy":"product_tag","embeddable":true,"href":"https:\/\/roveyayinevi.com.tr\/index.php\/wp-json\/wp\/v2\/product_tag?post=736097"}],"curies":[{"name":"wp","href":"https:\/\/api.w.org\/{rel}","templated":true}]}}