{"id":736096,"date":"2025-08-27T23:00:46","date_gmt":"2025-08-27T20:00:46","guid":{"rendered":"https:\/\/roveyayinevi.com.tr\/index.php\/urun\/kaybetmenin-halet-i-ruhiyesi\/"},"modified":"2026-04-16T02:44:47","modified_gmt":"2026-04-15T23:44:47","slug":"kaybetmenin-halet-i-ruhiyesi","status":"publish","type":"product","link":"https:\/\/roveyayinevi.com.tr\/index.php\/urun\/kaybetmenin-halet-i-ruhiyesi\/","title":{"rendered":"Kaybetmenin Halet-i Ruhiyesi"},"content":{"rendered":"<p>T\u00fcrkiye\u2019nin yak\u0131n d\u00f6nemine yazarak \u015fahitlik yapan yazar\u0131n bu kitaptaki denemeleri, siyasal bir bak\u0131\u015f\u0131n ve T\u00fcrkiye\u2019yi merkeze alm\u0131\u015f olman\u0131n a\u00e7\u0131k bir tercihini i\u00e7eriyor. T\u00fcrkiye \u00fczerinden d\u00fc\u015f\u00fcnmenin zorlu\u011funu biraz daha rahatlatmak i\u00e7in edebiyat\u0131n, retori\u011fin ve hatta d\u00f6nemin ruhuna uygun slogan \u00fcretmenin imk\u00e2nlar\u0131ndan yararlan\u0131lm\u0131\u015ft\u0131r. T\u00fcrkiye\u2019nin son yirmi y\u0131l\u0131nda kaleme al\u0131nan bu denemeler, asl\u0131nda her birimizin d\u00fc\u015f\u00fcnme bi\u00e7imlerindeki de\u011fi\u015fimi de ortaya koymaktad\u0131r.T\u00fcrkiye\u2019nin ya\u015fad\u0131\u011f\u0131 s\u00fcre\u00e7, do\u011frudan kendini fark etmekle ilgilidir. Entelekt\u00fcel hayat ise ezber ve sloganla kurdu\u011fu ili\u015fkiyle kendisini a\u00e7\u0131k ediyor(du). Bu denemeler hem yazar\u0131n hem de T\u00fcrkiye\u2019nin d\u00f6nemsel h\u00e2let-i r\u00fbhiyesini ortaya koyacak do\u011fal bir imk\u00e2na da sahiptir. Di\u011fer yandan m\u00fctemadiyen kaybetme hali ile kaybetmeye haz\u0131rlanma hali aras\u0131nda gidip geldi\u011fimize yo\u011fun dikkat \u00e7ekilmi\u015ftir.<\/p>\n","protected":false},"excerpt":{"rendered":"<p>T\u00fcrkiye\u2019nin yak\u0131n d\u00f6nemine yazarak \u015fahitlik yapan yazar\u0131n bu kitaptaki denemeleri, siyasal bir bak\u0131\u015f\u0131n ve T\u00fcrkiye\u2019yi merkeze alm\u0131\u015f olman\u0131n a\u00e7\u0131k bir tercihini i\u00e7eriyor. T\u00fcrkiye \u00fczerinden d\u00fc\u015f\u00fcnmenin zorlu\u011funu<span class=\"excerpt-hellip\"> [\u2026]<\/span><\/p>\n","protected":false},"featured_media":0,"template":"","meta":{"_monsterinsights_skip_tracking":false,"_monsterinsights_sitenote_active":false,"_monsterinsights_sitenote_note":"","_monsterinsights_sitenote_category":0},"product_brand":[],"product_cat":[12777,12291],"product_tag":[],"class_list":{"0":"post-736096","1":"product","2":"type-product","3":"status-publish","5":"product_cat-deneme","6":"product_cat-edebiyat","7":"pa_cilt-ciltsiz","8":"pa_tur-kitap","9":"pa_yayinevi-muhit-kitap","10":"pa_yazar-murat-erol","12":"first","13":"instock","14":"sale","15":"shipping-taxable","16":"purchasable","17":"product-type-simple"},"_links":{"self":[{"href":"https:\/\/roveyayinevi.com.tr\/index.php\/wp-json\/wp\/v2\/product\/736096","targetHints":{"allow":["GET"]}}],"collection":[{"href":"https:\/\/roveyayinevi.com.tr\/index.php\/wp-json\/wp\/v2\/product"}],"about":[{"href":"https:\/\/roveyayinevi.com.tr\/index.php\/wp-json\/wp\/v2\/types\/product"}],"wp:attachment":[{"href":"https:\/\/roveyayinevi.com.tr\/index.php\/wp-json\/wp\/v2\/media?parent=736096"}],"wp:term":[{"taxonomy":"product_brand","embeddable":true,"href":"https:\/\/roveyayinevi.com.tr\/index.php\/wp-json\/wp\/v2\/product_brand?post=736096"},{"taxonomy":"product_cat","embeddable":true,"href":"https:\/\/roveyayinevi.com.tr\/index.php\/wp-json\/wp\/v2\/product_cat?post=736096"},{"taxonomy":"product_tag","embeddable":true,"href":"https:\/\/roveyayinevi.com.tr\/index.php\/wp-json\/wp\/v2\/product_tag?post=736096"}],"curies":[{"name":"wp","href":"https:\/\/api.w.org\/{rel}","templated":true}]}}