{"id":736092,"date":"2025-08-27T23:00:42","date_gmt":"2025-08-27T20:00:42","guid":{"rendered":"https:\/\/roveyayinevi.com.tr\/index.php\/urun\/antik-yunan-roma-mitleri-ve-efsaneleri\/"},"modified":"2026-04-16T02:44:47","modified_gmt":"2026-04-15T23:44:47","slug":"antik-yunan-roma-mitleri-ve-efsaneleri","status":"publish","type":"product","link":"https:\/\/roveyayinevi.com.tr\/index.php\/urun\/antik-yunan-roma-mitleri-ve-efsaneleri\/","title":{"rendered":"Antik Yunan &amp; Roma Mitleri ve Efsaneleri"},"content":{"rendered":"<p>Antik Yunan ve Roma mit ve efsanelerini, tanr\u0131lar\u0131n\u0131, tanr\u0131\u00e7alar\u0131n\u0131, yar\u0131 tanr\u0131lar\u0131n\u0131, kahraman ve yarat\u0131klar\u0131n\u0131, kar\u015f\u0131la\u015ft\u0131rmal\u0131 olarak anlatan yazar, mitolojinin temellerini peki\u015ftirmenizi sa\u011flayacakt\u0131r. Yunanlardaki  hangi tanr\u0131 ya da tanr\u0131\u00e7a Romal\u0131larda kimdi, hangisinde nas\u0131l tasvir edilmi\u015flerdir? Antik \u00c7a\u011f\u0131n sanat\u00e7\u0131lar\u0131 eserlerinde onlar\u0131 nas\u0131l g\u00f6stermi\u015flerdir? Birbirleriyle akrabal\u0131k dereceleri, kavgalar\u0131, sava\u015flar\u0131 ve bar\u0131\u015flar\u0131&#8230;  Antik \u00e7a\u011f\u0131n dini inan\u00e7lar\u0131, mitleri ve hikayeleri olduk\u00e7a detayl\u0131 bir \u015fekilde anlat\u0131lm\u0131\u015ft\u0131r. Kitap, mitolojiye ilgi duyanlar i\u00e7in \u00e7ok ak\u0131c\u0131, yal\u0131n ve do\u011fru bir terc\u00fcmenin yan\u0131 s\u0131ra iyi bir editoryal \u00e7al\u0131\u015fma ile haz\u0131rlanm\u0131\u015f harika bir kaynak niteli\u011findedir. G\u00fcn\u00fcm\u00fcze kadar gelmeyi ba\u015faran eserlerin resimlerinin de yer almas\u0131yla kitap, g\u00f6rsel haf\u0131zaya da hitap etmektedir.<\/p>\n","protected":false},"excerpt":{"rendered":"<p>Antik Yunan ve Roma mit ve efsanelerini, tanr\u0131lar\u0131n\u0131, tanr\u0131\u00e7alar\u0131n\u0131, yar\u0131 tanr\u0131lar\u0131n\u0131, kahraman ve yarat\u0131klar\u0131n\u0131, kar\u015f\u0131la\u015ft\u0131rmal\u0131 olarak anlatan yazar, mitolojinin temellerini peki\u015ftirmenizi sa\u011flayacakt\u0131r. Yunanlardaki hangi tanr\u0131 ya<span class=\"excerpt-hellip\"> [\u2026]<\/span><\/p>\n","protected":false},"featured_media":0,"template":"","meta":{"_monsterinsights_skip_tracking":false,"_monsterinsights_sitenote_active":false,"_monsterinsights_sitenote_note":"","_monsterinsights_sitenote_category":0},"product_brand":[],"product_cat":[12291,13706],"product_tag":[],"class_list":{"0":"post-736092","1":"product","2":"type-product","3":"status-publish","5":"product_cat-edebiyat","6":"product_cat-efsane-destan-masal","7":"pa_cilt-ciltsiz","8":"pa_tur-kitap","9":"pa_yayinevi-fa-yayinlari","10":"pa_yazar-e-m-berens","12":"first","13":"instock","14":"sale","15":"shipping-taxable","16":"purchasable","17":"product-type-simple"},"_links":{"self":[{"href":"https:\/\/roveyayinevi.com.tr\/index.php\/wp-json\/wp\/v2\/product\/736092","targetHints":{"allow":["GET"]}}],"collection":[{"href":"https:\/\/roveyayinevi.com.tr\/index.php\/wp-json\/wp\/v2\/product"}],"about":[{"href":"https:\/\/roveyayinevi.com.tr\/index.php\/wp-json\/wp\/v2\/types\/product"}],"wp:attachment":[{"href":"https:\/\/roveyayinevi.com.tr\/index.php\/wp-json\/wp\/v2\/media?parent=736092"}],"wp:term":[{"taxonomy":"product_brand","embeddable":true,"href":"https:\/\/roveyayinevi.com.tr\/index.php\/wp-json\/wp\/v2\/product_brand?post=736092"},{"taxonomy":"product_cat","embeddable":true,"href":"https:\/\/roveyayinevi.com.tr\/index.php\/wp-json\/wp\/v2\/product_cat?post=736092"},{"taxonomy":"product_tag","embeddable":true,"href":"https:\/\/roveyayinevi.com.tr\/index.php\/wp-json\/wp\/v2\/product_tag?post=736092"}],"curies":[{"name":"wp","href":"https:\/\/api.w.org\/{rel}","templated":true}]}}