{"id":736091,"date":"2025-08-27T23:00:41","date_gmt":"2025-08-27T20:00:41","guid":{"rendered":"https:\/\/roveyayinevi.com.tr\/index.php\/urun\/kodlayarak-boyamayi-ogreniyorum-6\/"},"modified":"2026-04-07T02:53:11","modified_gmt":"2026-04-06T23:53:11","slug":"kodlayarak-boyamayi-ogreniyorum-6","status":"publish","type":"product","link":"https:\/\/roveyayinevi.com.tr\/index.php\/urun\/kodlayarak-boyamayi-ogreniyorum-6\/","title":{"rendered":"Kodlayarak Boyamay\u0131 \u00d6\u011freniyorum 6"},"content":{"rendered":"<p>Kodlayarak Boyamay\u0131 \u00d6\u011freniyorum kitaplar\u0131 \u00f6\u011frenmeyi e\u011flenceli bir hale getiriyor. \u00c7ocuklar boyama yaparken ayn\u0131 zamanda \u015fekilleri, harfleri, say\u0131lar\u0131 ve renkleri \u00f6\u011frenecekler.Kodlayarak Boyamay\u0131 \u00d6\u011freniyorum kitaplar\u0131 ile \u00e7ocuklar\u0131n sadece \u00f6\u011frenmeleri de\u011fil ayn\u0131 zamanda el ve zihin becerileri de geli\u015fecek. \u00c7ocuklar boyama yaparken el ve g\u00f6z koordinasyonlar\u0131n\u0131, ince motor geli\u015fimlerini, yer-y\u00f6n kavramlar\u0131n\u0131, kodlama mant\u0131\u011f\u0131n\u0131 anlamay\u0131, dikkat ve odaklanmay\u0131, par\u00e7a ile b\u00fct\u00fcn aras\u0131ndaki ili\u015fkiyi kavramay\u0131, resim yapma yeteneklerini de geli\u015ftirecekler.<\/p>\n","protected":false},"excerpt":{"rendered":"<p>Kodlayarak Boyamay\u0131 \u00d6\u011freniyorum kitaplar\u0131 \u00f6\u011frenmeyi e\u011flenceli bir hale getiriyor. \u00c7ocuklar boyama yaparken ayn\u0131 zamanda \u015fekilleri, harfleri, say\u0131lar\u0131 ve renkleri \u00f6\u011frenecekler.Kodlayarak Boyamay\u0131 \u00d6\u011freniyorum kitaplar\u0131 ile \u00e7ocuklar\u0131n sadece<span class=\"excerpt-hellip\"> [\u2026]<\/span><\/p>\n","protected":false},"featured_media":0,"template":"","meta":{"_monsterinsights_skip_tracking":false,"_monsterinsights_sitenote_active":false,"_monsterinsights_sitenote_note":"","_monsterinsights_sitenote_category":0},"product_brand":[],"product_cat":[12644,12274],"product_tag":[],"class_list":{"0":"post-736091","1":"product","2":"type-product","3":"status-publish","5":"product_cat-boyama-kitaplari","6":"product_cat-cocuk-ve-genclik-kitaplari","7":"pa_cilt-ciltsiz","8":"pa_tur-kitap","9":"pa_yayinevi-marti-cocuk-yayinlari","10":"pa_yazar-kerem-altindag","12":"first","13":"instock","14":"sale","15":"shipping-taxable","16":"purchasable","17":"product-type-simple"},"_links":{"self":[{"href":"https:\/\/roveyayinevi.com.tr\/index.php\/wp-json\/wp\/v2\/product\/736091","targetHints":{"allow":["GET"]}}],"collection":[{"href":"https:\/\/roveyayinevi.com.tr\/index.php\/wp-json\/wp\/v2\/product"}],"about":[{"href":"https:\/\/roveyayinevi.com.tr\/index.php\/wp-json\/wp\/v2\/types\/product"}],"wp:attachment":[{"href":"https:\/\/roveyayinevi.com.tr\/index.php\/wp-json\/wp\/v2\/media?parent=736091"}],"wp:term":[{"taxonomy":"product_brand","embeddable":true,"href":"https:\/\/roveyayinevi.com.tr\/index.php\/wp-json\/wp\/v2\/product_brand?post=736091"},{"taxonomy":"product_cat","embeddable":true,"href":"https:\/\/roveyayinevi.com.tr\/index.php\/wp-json\/wp\/v2\/product_cat?post=736091"},{"taxonomy":"product_tag","embeddable":true,"href":"https:\/\/roveyayinevi.com.tr\/index.php\/wp-json\/wp\/v2\/product_tag?post=736091"}],"curies":[{"name":"wp","href":"https:\/\/api.w.org\/{rel}","templated":true}]}}