{"id":736090,"date":"2025-08-27T23:00:40","date_gmt":"2025-08-27T20:00:40","guid":{"rendered":"https:\/\/roveyayinevi.com.tr\/index.php\/urun\/dikkatli-tamamla\/"},"modified":"2026-04-16T02:44:47","modified_gmt":"2026-04-15T23:44:47","slug":"dikkatli-tamamla","status":"publish","type":"product","link":"https:\/\/roveyayinevi.com.tr\/index.php\/urun\/dikkatli-tamamla\/","title":{"rendered":"Dikkatli Tamamla"},"content":{"rendered":"<p>Bir b\u00fct\u00fcn\u00fcn verilmeyen par\u00e7as\u0131n\u0131 bulmak dikkat, analiz, muhakeme, odaklanma ve \u00e7\u00f6z\u00fcmleme gibi becerilerin geli\u015fmesini sa\u011flar.\u201cDikkatli Tamamla\u201c kitab\u0131 t\u00fcm bu bili\u015fsel s\u00fcre\u00e7leri destekleyecek, geli\u015fimine katk\u0131 sunacak ve akademik \u00f6\u011frenmelerin \u00f6n ko\u015ful becerilerinin tamamlanmas\u0131na katk\u0131 sunacakt\u0131r.<\/p>\n","protected":false},"excerpt":{"rendered":"<p>Bir b\u00fct\u00fcn\u00fcn verilmeyen par\u00e7as\u0131n\u0131 bulmak dikkat, analiz, muhakeme, odaklanma ve \u00e7\u00f6z\u00fcmleme gibi becerilerin geli\u015fmesini sa\u011flar.\u201cDikkatli Tamamla\u201c kitab\u0131 t\u00fcm bu bili\u015fsel s\u00fcre\u00e7leri destekleyecek, geli\u015fimine katk\u0131 sunacak ve<span class=\"excerpt-hellip\"> [\u2026]<\/span><\/p>\n","protected":false},"featured_media":0,"template":"","meta":{"_monsterinsights_skip_tracking":false,"_monsterinsights_sitenote_active":false,"_monsterinsights_sitenote_note":"","_monsterinsights_sitenote_category":0},"product_brand":[],"product_cat":[12913,12274],"product_tag":[],"class_list":{"0":"post-736090","1":"product","2":"type-product","3":"status-publish","5":"product_cat-3-6-yas-kitaplari","6":"product_cat-cocuk-ve-genclik-kitaplari","7":"pa_cilt-ciltsiz","8":"pa_tur-kitap","9":"pa_yayinevi-marti-cocuk-yayinlari","10":"pa_yazar-bahar-sarikaya","12":"first","13":"instock","14":"sale","15":"shipping-taxable","16":"purchasable","17":"product-type-simple"},"_links":{"self":[{"href":"https:\/\/roveyayinevi.com.tr\/index.php\/wp-json\/wp\/v2\/product\/736090","targetHints":{"allow":["GET"]}}],"collection":[{"href":"https:\/\/roveyayinevi.com.tr\/index.php\/wp-json\/wp\/v2\/product"}],"about":[{"href":"https:\/\/roveyayinevi.com.tr\/index.php\/wp-json\/wp\/v2\/types\/product"}],"wp:attachment":[{"href":"https:\/\/roveyayinevi.com.tr\/index.php\/wp-json\/wp\/v2\/media?parent=736090"}],"wp:term":[{"taxonomy":"product_brand","embeddable":true,"href":"https:\/\/roveyayinevi.com.tr\/index.php\/wp-json\/wp\/v2\/product_brand?post=736090"},{"taxonomy":"product_cat","embeddable":true,"href":"https:\/\/roveyayinevi.com.tr\/index.php\/wp-json\/wp\/v2\/product_cat?post=736090"},{"taxonomy":"product_tag","embeddable":true,"href":"https:\/\/roveyayinevi.com.tr\/index.php\/wp-json\/wp\/v2\/product_tag?post=736090"}],"curies":[{"name":"wp","href":"https:\/\/api.w.org\/{rel}","templated":true}]}}