{"id":736086,"date":"2025-08-27T23:00:35","date_gmt":"2025-08-27T20:00:35","guid":{"rendered":"https:\/\/roveyayinevi.com.tr\/index.php\/urun\/etkinlikli-tatil-kitabim-4-5-yas\/"},"modified":"2026-04-16T02:44:47","modified_gmt":"2026-04-15T23:44:47","slug":"etkinlikli-tatil-kitabim-4-5-yas","status":"publish","type":"product","link":"https:\/\/roveyayinevi.com.tr\/index.php\/urun\/etkinlikli-tatil-kitabim-4-5-yas\/","title":{"rendered":"Etkinlikli Tatil Kitab\u0131m-(4-5 Ya\u015f)"},"content":{"rendered":"<p>Etkinlikli Tatil Kitab\u0131m, \u00e7ocuklar\u0131n e\u011fitim d\u00f6nemi i\u00e7erisinde \u00f6\u011frendikleri bilgi ve becerileri peki\u015ftirmeleri amac\u0131yla haz\u0131rlanm\u0131\u015ft\u0131r. \u00c7ocuklar bir taraftan tatilin keyfini \u00e7\u0131kar\u0131rken di\u011fer taraftan hem e\u011flenecekler hem de \u00f6\u011frenecekler.Tatil kitab\u0131 \u00e7ocuklar\u0131n bili\u015fsel, g\u00f6rsel, dikkat, koordinasyon, planlama yapabilme gibi \u00f6zelliklerini geli\u015ftirecek \u015fekilde haz\u0131rlanm\u0131\u015ft\u0131r. Kitaptaki renkli ve hareketli resimlerle \u00e7ocuklar\u0131n ilgisi diri ve canl\u0131 tutulmaya \u00e7al\u0131\u015f\u0131lm\u0131\u015ft\u0131r.Hem tatilin keyfini \u00e7\u0131karman\u0131z hem de \u00e7ocu\u011funuzun bilgi ve becerilerini peki\u015ftirmeniz dilekleriyle\u2026<\/p>\n","protected":false},"excerpt":{"rendered":"<p>Etkinlikli Tatil Kitab\u0131m, \u00e7ocuklar\u0131n e\u011fitim d\u00f6nemi i\u00e7erisinde \u00f6\u011frendikleri bilgi ve becerileri peki\u015ftirmeleri amac\u0131yla haz\u0131rlanm\u0131\u015ft\u0131r. \u00c7ocuklar bir taraftan tatilin keyfini \u00e7\u0131kar\u0131rken di\u011fer taraftan hem e\u011flenecekler hem de<span class=\"excerpt-hellip\"> [\u2026]<\/span><\/p>\n","protected":false},"featured_media":0,"template":"","meta":{"_monsterinsights_skip_tracking":false,"_monsterinsights_sitenote_active":false,"_monsterinsights_sitenote_note":"","_monsterinsights_sitenote_category":0},"product_brand":[],"product_cat":[12274,15842],"product_tag":[],"class_list":{"0":"post-736086","1":"product","2":"type-product","3":"status-publish","5":"product_cat-cocuk-ve-genclik-kitaplari","6":"product_cat-egitici-kitaplar","7":"pa_cilt-ciltsiz","8":"pa_tur-kitap","9":"pa_yayinevi-marti-cocuk-yayinlari","10":"pa_yazar-marti-cocuk-yayinlari-kolektif","12":"first","13":"instock","14":"sale","15":"shipping-taxable","16":"purchasable","17":"product-type-simple"},"_links":{"self":[{"href":"https:\/\/roveyayinevi.com.tr\/index.php\/wp-json\/wp\/v2\/product\/736086","targetHints":{"allow":["GET"]}}],"collection":[{"href":"https:\/\/roveyayinevi.com.tr\/index.php\/wp-json\/wp\/v2\/product"}],"about":[{"href":"https:\/\/roveyayinevi.com.tr\/index.php\/wp-json\/wp\/v2\/types\/product"}],"wp:attachment":[{"href":"https:\/\/roveyayinevi.com.tr\/index.php\/wp-json\/wp\/v2\/media?parent=736086"}],"wp:term":[{"taxonomy":"product_brand","embeddable":true,"href":"https:\/\/roveyayinevi.com.tr\/index.php\/wp-json\/wp\/v2\/product_brand?post=736086"},{"taxonomy":"product_cat","embeddable":true,"href":"https:\/\/roveyayinevi.com.tr\/index.php\/wp-json\/wp\/v2\/product_cat?post=736086"},{"taxonomy":"product_tag","embeddable":true,"href":"https:\/\/roveyayinevi.com.tr\/index.php\/wp-json\/wp\/v2\/product_tag?post=736086"}],"curies":[{"name":"wp","href":"https:\/\/api.w.org\/{rel}","templated":true}]}}