{"id":736085,"date":"2025-08-27T23:00:34","date_gmt":"2025-08-27T20:00:34","guid":{"rendered":"https:\/\/roveyayinevi.com.tr\/index.php\/urun\/mimoza-koyunda-bir-kis\/"},"modified":"2026-04-16T02:44:47","modified_gmt":"2026-04-15T23:44:47","slug":"mimoza-koyunda-bir-kis","status":"publish","type":"product","link":"https:\/\/roveyayinevi.com.tr\/index.php\/urun\/mimoza-koyunda-bir-kis\/","title":{"rendered":"Mimoza Koyu&#8217;nda Bir K\u0131\u015f"},"content":{"rendered":"<p>Kapat\u0131lm\u0131\u015f pencerelerden, yasaklanm\u0131\u015f yollara; nefret etmemek i\u00e7in \u00e7ok sevmemeye karar vermi\u015f ki\u015filerden, sonu olmayan i\u00e7tenliksiz davran\u0131\u015flara; \u00f6v\u00fclmekten ho\u015flanmayan bir kad\u0131n olamayaca\u011f\u0131 \u00f6nyarg\u0131lar\u0131ndan, kumpaslar\u0131n ba\u015fka kumpaslar do\u011furaca\u011f\u0131 ger\u00e7e\u011fine; Ocak ay\u0131n\u0131n yeni ba\u015flang\u0131\u00e7lara ta\u015f\u0131yabilme yetene\u011finden, yapabilmenin g\u00fcc\u00fcne sahip tehlikeli kad\u0131nlara; y\u0131l\u0131n en k\u00f6t\u00fcc\u00fcl ay\u0131 \u015eubat\u2019tan, Narkissos\u2019a, Nergis\u2019e, Ekho\u2019ya, Ovidius\u2019a, B\u00f6rkl\u00fcce Mustafa\u2019ya; Mart ay\u0131nda sapsar\u0131 a\u00e7an mimozalardan, yemye\u015fil renklenen umutlara; \u0130zmir\u2019den Karaburun\u2019a, Chios\u2019a, Mimoza Koyu\u2019na ve salt adlarla an\u0131lan her yere, her kavrama, her anlay\u0131\u015fa, her zamana; nereye gidersen git, ne yaparsan yap, neye inan\u0131rsan inan, elinde sadece adlar\u0131n kalaca\u011f\u0131 o ac\u0131mas\u0131z ger\u00e7e\u011fe \u00e7a\u011f\u0131r\u0131yoruz.   Stat Mimosa pristina nomine, nomina nuda tenemus.   Evet, ad\u0131yla var bir zamanlar Mimoza olan, salt adlar kal\u0131r elimizde.   Necdet \u00d6zkaya, bu yap\u0131t\u0131yla sizi Roman Sanat\u0131\u2019n\u0131n efsunlu yolculuklar\u0131na \u00e7a\u011f\u0131r\u0131rken, sanat\u0131n karma\u015f\u0131k ancak kolay alg\u0131lanabilen patikalar\u0131nda \u015fa\u015f\u0131rarak ilerlemenizi sa\u011fl\u0131yor; s\u00fcr\u00fckleyici metnin i\u00e7inde yapt\u0131\u011f\u0131n\u0131z ho\u015f ve tuhaf yolculukta Zaman\u2019\u0131, Mek\u00e2n\u2019\u0131 ve Uzam\u2019\u0131 yakalaman\u0131z\u0131n tek faili olmay\u0131 da pe\u015finen kabul ediyor; bekliyoruz\u2026 <\/p>\n","protected":false},"excerpt":{"rendered":"<p>Kapat\u0131lm\u0131\u015f pencerelerden, yasaklanm\u0131\u015f yollara; nefret etmemek i\u00e7in \u00e7ok sevmemeye karar vermi\u015f ki\u015filerden, sonu olmayan i\u00e7tenliksiz davran\u0131\u015flara; \u00f6v\u00fclmekten ho\u015flanmayan bir kad\u0131n olamayaca\u011f\u0131 \u00f6nyarg\u0131lar\u0131ndan, kumpaslar\u0131n ba\u015fka kumpaslar do\u011furaca\u011f\u0131<span class=\"excerpt-hellip\"> [\u2026]<\/span><\/p>\n","protected":false},"featured_media":0,"template":"","meta":{"_monsterinsights_skip_tracking":false,"_monsterinsights_sitenote_active":false,"_monsterinsights_sitenote_note":"","_monsterinsights_sitenote_category":0},"product_brand":[],"product_cat":[12291,12711],"product_tag":[],"class_list":{"0":"post-736085","1":"product","2":"type-product","3":"status-publish","5":"product_cat-edebiyat","6":"product_cat-roman-oyku","7":"pa_cilt-ciltsiz","8":"pa_tur-kitap","9":"pa_yayinevi-yeni-insan-yayinlari","10":"pa_yazar-necdet-ozkaya","12":"first","13":"instock","14":"sale","15":"shipping-taxable","16":"purchasable","17":"product-type-simple"},"_links":{"self":[{"href":"https:\/\/roveyayinevi.com.tr\/index.php\/wp-json\/wp\/v2\/product\/736085","targetHints":{"allow":["GET"]}}],"collection":[{"href":"https:\/\/roveyayinevi.com.tr\/index.php\/wp-json\/wp\/v2\/product"}],"about":[{"href":"https:\/\/roveyayinevi.com.tr\/index.php\/wp-json\/wp\/v2\/types\/product"}],"wp:attachment":[{"href":"https:\/\/roveyayinevi.com.tr\/index.php\/wp-json\/wp\/v2\/media?parent=736085"}],"wp:term":[{"taxonomy":"product_brand","embeddable":true,"href":"https:\/\/roveyayinevi.com.tr\/index.php\/wp-json\/wp\/v2\/product_brand?post=736085"},{"taxonomy":"product_cat","embeddable":true,"href":"https:\/\/roveyayinevi.com.tr\/index.php\/wp-json\/wp\/v2\/product_cat?post=736085"},{"taxonomy":"product_tag","embeddable":true,"href":"https:\/\/roveyayinevi.com.tr\/index.php\/wp-json\/wp\/v2\/product_tag?post=736085"}],"curies":[{"name":"wp","href":"https:\/\/api.w.org\/{rel}","templated":true}]}}