{"id":736084,"date":"2025-08-27T23:00:33","date_gmt":"2025-08-27T20:00:33","guid":{"rendered":"https:\/\/roveyayinevi.com.tr\/index.php\/urun\/gantz-10\/"},"modified":"2026-04-16T02:44:47","modified_gmt":"2026-04-15T23:44:47","slug":"gantz-10","status":"publish","type":"product","link":"https:\/\/roveyayinevi.com.tr\/index.php\/urun\/gantz-10\/","title":{"rendered":"Gantz 10"},"content":{"rendered":"<p>Gantz\u2019ta i\u015fler \u00e7\u0131\u011fr\u0131ndan \u00e7\u0131kmaya ba\u015fl\u0131yor! Kato sonsuza dek ortadan kaybolmu\u015f olabilir mi? Kei\u2019nin \u00e2\u015f\u0131k oldu\u011fu bu k\u0131z da kim? Gantz\u2019\u0131n s\u0131rr\u0131n\u0131 bilen ba\u015fkalar\u0131 da var m\u0131? Peki ya kendine denk bir rakip bulmaya \u00e7al\u0131\u015farak etrafta dolan\u0131p duran bu \u00e7am yarmas\u0131 da kim? Hik\u00e2ye ak\u0131\u015f\u0131 ve ana kahramanlar\u0131yla alakal\u0131 beklenmedik de\u011fi\u015fikliklerle, bildi\u011fimiz hi\u00e7bir mangaya benzemeyen Gantz \u015fa\u015f\u0131rtmaya devam ediyor. Tuhaf ve diren\u00e7li uzayl\u0131larla dolu Gantz evrenindeki karakterlerin kal\u0131c\u0131 olduklar\u0131n\u0131 s\u00f6ylemek pek de m\u00fcmk\u00fcn de\u011fil. \u015eu ana kadar kar\u015f\u0131m\u0131za \u00e7\u0131kan en uzun \u00f6m\u00fcrl\u00fc karakter olan Kei zor bir soruyla kar\u015f\u0131 kar\u015f\u0131ya kalmak \u00fczere: Acaba Gantz\u2019la anla\u015fmas\u0131n\u0131 yerine getirmeyi ba\u015far\u0131rsa, yava\u015f yava\u015f kan\u0131ksamaya ba\u015flad\u0131\u011f\u0131 s\u00fcper g\u00fc\u00e7lerinden vazge\u00e7ebilecek mi? B\u00fcy\u00fck bir keyifle okuyup devam\u0131n\u0131 heyecanla bekledi\u011finiz yeti\u015fkin mangas\u0131 Gantz, hi\u00e7 d\u00fc\u015fmeyen temposuyla devam ediyor.<\/p>\n","protected":false},"excerpt":{"rendered":"<p>Gantz\u2019ta i\u015fler \u00e7\u0131\u011fr\u0131ndan \u00e7\u0131kmaya ba\u015fl\u0131yor! Kato sonsuza dek ortadan kaybolmu\u015f olabilir mi? Kei\u2019nin \u00e2\u015f\u0131k oldu\u011fu bu k\u0131z da kim? Gantz\u2019\u0131n s\u0131rr\u0131n\u0131 bilen ba\u015fkalar\u0131 da var m\u0131?<span class=\"excerpt-hellip\"> [\u2026]<\/span><\/p>\n","protected":false},"featured_media":0,"template":"","meta":{"_monsterinsights_skip_tracking":false,"_monsterinsights_sitenote_active":false,"_monsterinsights_sitenote_note":"","_monsterinsights_sitenote_category":0},"product_brand":[],"product_cat":[12416,12291],"product_tag":[],"class_list":{"0":"post-736084","1":"product","2":"type-product","3":"status-publish","5":"product_cat-cizgi-roman","6":"product_cat-edebiyat","7":"pa_cilt-ciltsiz","8":"pa_tur-kitap","9":"pa_yayinevi-kurukafa","10":"pa_yazar-hiroya-oku","12":"first","13":"instock","14":"sale","15":"shipping-taxable","16":"purchasable","17":"product-type-simple"},"_links":{"self":[{"href":"https:\/\/roveyayinevi.com.tr\/index.php\/wp-json\/wp\/v2\/product\/736084","targetHints":{"allow":["GET"]}}],"collection":[{"href":"https:\/\/roveyayinevi.com.tr\/index.php\/wp-json\/wp\/v2\/product"}],"about":[{"href":"https:\/\/roveyayinevi.com.tr\/index.php\/wp-json\/wp\/v2\/types\/product"}],"wp:attachment":[{"href":"https:\/\/roveyayinevi.com.tr\/index.php\/wp-json\/wp\/v2\/media?parent=736084"}],"wp:term":[{"taxonomy":"product_brand","embeddable":true,"href":"https:\/\/roveyayinevi.com.tr\/index.php\/wp-json\/wp\/v2\/product_brand?post=736084"},{"taxonomy":"product_cat","embeddable":true,"href":"https:\/\/roveyayinevi.com.tr\/index.php\/wp-json\/wp\/v2\/product_cat?post=736084"},{"taxonomy":"product_tag","embeddable":true,"href":"https:\/\/roveyayinevi.com.tr\/index.php\/wp-json\/wp\/v2\/product_tag?post=736084"}],"curies":[{"name":"wp","href":"https:\/\/api.w.org\/{rel}","templated":true}]}}