{"id":736082,"date":"2025-08-27T23:00:31","date_gmt":"2025-08-27T20:00:31","guid":{"rendered":"https:\/\/roveyayinevi.com.tr\/index.php\/urun\/tarot-kartlari-ve-anlamlari\/"},"modified":"2026-03-09T02:50:28","modified_gmt":"2026-03-08T23:50:28","slug":"tarot-kartlari-ve-anlamlari","status":"publish","type":"product","link":"https:\/\/roveyayinevi.com.tr\/index.php\/urun\/tarot-kartlari-ve-anlamlari\/","title":{"rendered":"Tarot Kartlar\u0131 ve Anlamlar\u0131"},"content":{"rendered":"<p>Tarot kartlar\u0131n\u0131 ve anlamlar\u0131n\u0131 \u00f6\u011frenerek ge\u00e7mi\u015f ve gelecekle ilgili t\u00fcm sorular\u0131n\u0131z\u0131n yan\u0131t\u0131n\u0131 al\u0131n. Bu pratik rehber kitap sayesinde destedeki her bir kart\u0131n anlam\u0131n\u0131, farkl\u0131 tarot a\u00e7\u0131l\u0131mlar\u0131n\u0131, sevgi, a\u015fk, para, sa\u011fl\u0131kla ilgili t\u00fcm sorular\u0131n nas\u0131l yan\u0131tlanaca\u011f\u0131n\u0131 \u00f6\u011freneceksiniz.   Tarota giri\u015f anahtar\u0131n\u0131z   Ge\u00e7mi\u015fin, bug\u00fcn\u00fcn ve gelece\u011fin kap\u0131lar\u0131n\u0131 tarot kartlar\u0131yla a\u00e7\u0131n.   \u201cTarot Kartlar\u0131 ve Anlamlar\u0131\u201d sayesinde birka\u00e7 g\u00fcn i\u00e7inde tarot a\u00e7\u0131l\u0131mlar\u0131n\u0131 ve anlamlar\u0131n\u0131 \u00f6\u011frenecek, b\u00f6ylece aileniz, kendiniz ve arkada\u015flar\u0131n\u0131z i\u00e7in kartlar\u0131 okuyabileceksiniz.   Pratik semboller s\u00f6zl\u00fc\u011f\u00fc, tarot kartlar\u0131nda bulunan y\u00fczlerce sembol\u00fcn herhangi birisini yorumlaman\u0131za yard\u0131mc\u0131 olacakt\u0131r.   Kartlarla ilgili do\u011fru ve herkese a\u00e7\u0131k bir rehber! <\/p>\n","protected":false},"excerpt":{"rendered":"<p>Tarot kartlar\u0131n\u0131 ve anlamlar\u0131n\u0131 \u00f6\u011frenerek ge\u00e7mi\u015f ve gelecekle ilgili t\u00fcm sorular\u0131n\u0131z\u0131n yan\u0131t\u0131n\u0131 al\u0131n. Bu pratik rehber kitap sayesinde destedeki her bir kart\u0131n anlam\u0131n\u0131, farkl\u0131 tarot a\u00e7\u0131l\u0131mlar\u0131n\u0131,<span class=\"excerpt-hellip\"> [\u2026]<\/span><\/p>\n","protected":false},"featured_media":0,"template":"","meta":{"_monsterinsights_skip_tracking":false,"_monsterinsights_sitenote_active":false,"_monsterinsights_sitenote_note":"","_monsterinsights_sitenote_category":0},"product_brand":[],"product_cat":[18082,15563],"product_tag":[],"class_list":{"0":"post-736082","1":"product","2":"type-product","3":"status-publish","5":"product_cat-astroloji-fal-ruya","6":"product_cat-hobi","7":"pa_cilt-ciltsiz","8":"pa_tur-kitap","9":"pa_yayinevi-mona-kitap","10":"pa_yazar-sylvia-abraham","12":"first","13":"instock","14":"sale","15":"shipping-taxable","16":"purchasable","17":"product-type-simple"},"_links":{"self":[{"href":"https:\/\/roveyayinevi.com.tr\/index.php\/wp-json\/wp\/v2\/product\/736082","targetHints":{"allow":["GET"]}}],"collection":[{"href":"https:\/\/roveyayinevi.com.tr\/index.php\/wp-json\/wp\/v2\/product"}],"about":[{"href":"https:\/\/roveyayinevi.com.tr\/index.php\/wp-json\/wp\/v2\/types\/product"}],"wp:attachment":[{"href":"https:\/\/roveyayinevi.com.tr\/index.php\/wp-json\/wp\/v2\/media?parent=736082"}],"wp:term":[{"taxonomy":"product_brand","embeddable":true,"href":"https:\/\/roveyayinevi.com.tr\/index.php\/wp-json\/wp\/v2\/product_brand?post=736082"},{"taxonomy":"product_cat","embeddable":true,"href":"https:\/\/roveyayinevi.com.tr\/index.php\/wp-json\/wp\/v2\/product_cat?post=736082"},{"taxonomy":"product_tag","embeddable":true,"href":"https:\/\/roveyayinevi.com.tr\/index.php\/wp-json\/wp\/v2\/product_tag?post=736082"}],"curies":[{"name":"wp","href":"https:\/\/api.w.org\/{rel}","templated":true}]}}