{"id":736080,"date":"2025-08-27T23:00:28","date_gmt":"2025-08-27T20:00:28","guid":{"rendered":"https:\/\/roveyayinevi.com.tr\/index.php\/urun\/bu-gece-perilere-inan\/"},"modified":"2026-04-16T02:44:47","modified_gmt":"2026-04-15T23:44:47","slug":"bu-gece-perilere-inan","status":"publish","type":"product","link":"https:\/\/roveyayinevi.com.tr\/index.php\/urun\/bu-gece-perilere-inan\/","title":{"rendered":"Bu Gece Perilere \u0130nan"},"content":{"rendered":"<p>D\u00fczenin mesaisinden kendi cenazesine ge\u00e7 kalan asgari insanlar tan\u0131d\u0131m \u201ckaderde varm\u0131\u015f, kader yazm\u0131\u015f, kaderin oyunu,\u201d demeyi meslek edinmi\u015f insanlar d\u00fc\u015fmeyi rutine vurup neye tak\u0131ld\u0131\u011f\u0131na bakamayacak kadar korkak insanlar anahtar\u0131 elinde tutup, kap\u0131y\u0131 bulamayacak aciz mahl\u00fbklar sordum onlara, toprak nas\u0131l kabul edecek bedenlerinizi? toprak kusacak sizi kokusu de\u011fi\u015fen yavruyu reddeden anne toprak tan\u0131yamayacak sizi anlam\u0131 yitiren bir kelimenin h\u00fckm\u00fc nas\u0131l biterse daha i\u00e7inde anlam bile kazanamam\u0131\u015f ya\u015famlar\u0131n\u0131z \u00f6ylesine bo\u015f ve tuzak olacak anlam\u0131n\u0131 yaratan ki\u015fiye \u015fenlikler e\u015fli\u011finde d\u00fczenlenen bir soyk\u0131r\u0131m g\u00fcn bat\u0131m\u0131n\u0131 izlerken esnemek gibi gelecektir bize. <\/p>\n","protected":false},"excerpt":{"rendered":"<p>D\u00fczenin mesaisinden kendi cenazesine ge\u00e7 kalan asgari insanlar tan\u0131d\u0131m \u201ckaderde varm\u0131\u015f, kader yazm\u0131\u015f, kaderin oyunu,\u201d demeyi meslek edinmi\u015f insanlar d\u00fc\u015fmeyi rutine vurup neye tak\u0131ld\u0131\u011f\u0131na bakamayacak kadar<span class=\"excerpt-hellip\"> [\u2026]<\/span><\/p>\n","protected":false},"featured_media":0,"template":"","meta":{"_monsterinsights_skip_tracking":false,"_monsterinsights_sitenote_active":false,"_monsterinsights_sitenote_note":"","_monsterinsights_sitenote_category":0},"product_brand":[],"product_cat":[12291,12509],"product_tag":[],"class_list":{"0":"post-736080","1":"product","2":"type-product","3":"status-publish","5":"product_cat-edebiyat","6":"product_cat-siir","7":"pa_cilt-ciltsiz","8":"pa_tur-kitap","9":"pa_yayinevi-luna-yayinlari","10":"pa_yazar-mehmet-ozkaya","12":"first","13":"instock","14":"sale","15":"shipping-taxable","16":"purchasable","17":"product-type-simple"},"_links":{"self":[{"href":"https:\/\/roveyayinevi.com.tr\/index.php\/wp-json\/wp\/v2\/product\/736080","targetHints":{"allow":["GET"]}}],"collection":[{"href":"https:\/\/roveyayinevi.com.tr\/index.php\/wp-json\/wp\/v2\/product"}],"about":[{"href":"https:\/\/roveyayinevi.com.tr\/index.php\/wp-json\/wp\/v2\/types\/product"}],"wp:attachment":[{"href":"https:\/\/roveyayinevi.com.tr\/index.php\/wp-json\/wp\/v2\/media?parent=736080"}],"wp:term":[{"taxonomy":"product_brand","embeddable":true,"href":"https:\/\/roveyayinevi.com.tr\/index.php\/wp-json\/wp\/v2\/product_brand?post=736080"},{"taxonomy":"product_cat","embeddable":true,"href":"https:\/\/roveyayinevi.com.tr\/index.php\/wp-json\/wp\/v2\/product_cat?post=736080"},{"taxonomy":"product_tag","embeddable":true,"href":"https:\/\/roveyayinevi.com.tr\/index.php\/wp-json\/wp\/v2\/product_tag?post=736080"}],"curies":[{"name":"wp","href":"https:\/\/api.w.org\/{rel}","templated":true}]}}