{"id":736075,"date":"2025-08-27T23:00:22","date_gmt":"2025-08-27T20:00:22","guid":{"rendered":"https:\/\/roveyayinevi.com.tr\/index.php\/urun\/gelecegi-kodlayan-cocuk-kodlama-etkinlikeri\/"},"modified":"2026-04-16T02:44:46","modified_gmt":"2026-04-15T23:44:46","slug":"gelecegi-kodlayan-cocuk-kodlama-etkinlikeri","status":"publish","type":"product","link":"https:\/\/roveyayinevi.com.tr\/index.php\/urun\/gelecegi-kodlayan-cocuk-kodlama-etkinlikeri\/","title":{"rendered":"Gelece\u011fi Kodlayan \u00c7ocuk &#8211; Kodlama Etkinlikeri"},"content":{"rendered":"<p>Gelece\u011fi Kodlayan \u00c7ocuk \u2013 Kodlama Etkinlikleri +7 Ya\u015fAnalitik d\u00fc\u015f\u00fcnme, herkesin \u00f6\u011frenmesi gereken bir yetenektir.\u00c7ocuklar meslek olarak bilgisayar bilimlerinin herhangi bir alan\u0131n\u0131 se\u00e7meseler bile, kodlama deneyimlerinin beraberinde getirdi\u011fi analitik d\u00fc\u015f\u00fcnmenin bilincinden yararlanacak ve bu deneyimler her t\u00fcrl\u00fc\u0308 teknolojiyi anlamalar\u0131na ve bunlara h\u00e2kim olmalar\u0131na ve hemen hemen her disiplindeki sorunlar\u0131 \u00e7\u00f6zmelerine yard\u0131mc\u0131 olacakt\u0131r.Bu kitap,7 ya\u015f ve \u00fcst\u00fcndeki \u00e7ocuklar\u0131 baz\u0131 bilgisayar terimleri ve kodlama teknikleriyle e\u011flenceli bir \u015fekilde tan\u0131\u015ft\u0131rarak, kodlaman\u0131n beraberinde getirdi\u011fi yetileri kazand\u0131rmay\u0131 hedeflemektedir.Kitab\u0131m\u0131z Tangram Hediyelidir!..<\/p>\n","protected":false},"excerpt":{"rendered":"<p>Gelece\u011fi Kodlayan \u00c7ocuk \u2013 Kodlama Etkinlikleri +7 Ya\u015fAnalitik d\u00fc\u015f\u00fcnme, herkesin \u00f6\u011frenmesi gereken bir yetenektir.\u00c7ocuklar meslek olarak bilgisayar bilimlerinin herhangi bir alan\u0131n\u0131 se\u00e7meseler bile, kodlama deneyimlerinin beraberinde<span class=\"excerpt-hellip\"> [\u2026]<\/span><\/p>\n","protected":false},"featured_media":0,"template":"","meta":{"_monsterinsights_skip_tracking":false,"_monsterinsights_sitenote_active":false,"_monsterinsights_sitenote_note":"","_monsterinsights_sitenote_category":0},"product_brand":[],"product_cat":[12274,15842],"product_tag":[],"class_list":{"0":"post-736075","1":"product","2":"type-product","3":"status-publish","5":"product_cat-cocuk-ve-genclik-kitaplari","6":"product_cat-egitici-kitaplar","7":"pa_cilt-ciltsiz","8":"pa_tur-kitap","9":"pa_yayinevi-marti-cocuk-yayinlari","10":"pa_yazar-vedat-yozkat","12":"first","13":"instock","14":"sale","15":"shipping-taxable","16":"purchasable","17":"product-type-simple"},"_links":{"self":[{"href":"https:\/\/roveyayinevi.com.tr\/index.php\/wp-json\/wp\/v2\/product\/736075","targetHints":{"allow":["GET"]}}],"collection":[{"href":"https:\/\/roveyayinevi.com.tr\/index.php\/wp-json\/wp\/v2\/product"}],"about":[{"href":"https:\/\/roveyayinevi.com.tr\/index.php\/wp-json\/wp\/v2\/types\/product"}],"wp:attachment":[{"href":"https:\/\/roveyayinevi.com.tr\/index.php\/wp-json\/wp\/v2\/media?parent=736075"}],"wp:term":[{"taxonomy":"product_brand","embeddable":true,"href":"https:\/\/roveyayinevi.com.tr\/index.php\/wp-json\/wp\/v2\/product_brand?post=736075"},{"taxonomy":"product_cat","embeddable":true,"href":"https:\/\/roveyayinevi.com.tr\/index.php\/wp-json\/wp\/v2\/product_cat?post=736075"},{"taxonomy":"product_tag","embeddable":true,"href":"https:\/\/roveyayinevi.com.tr\/index.php\/wp-json\/wp\/v2\/product_tag?post=736075"}],"curies":[{"name":"wp","href":"https:\/\/api.w.org\/{rel}","templated":true}]}}