{"id":736069,"date":"2025-08-27T23:00:17","date_gmt":"2025-08-27T20:00:17","guid":{"rendered":"https:\/\/roveyayinevi.com.tr\/index.php\/urun\/denizde-dogum-gunu\/"},"modified":"2026-04-16T02:44:46","modified_gmt":"2026-04-15T23:44:46","slug":"denizde-dogum-gunu","status":"publish","type":"product","link":"https:\/\/roveyayinevi.com.tr\/index.php\/urun\/denizde-dogum-gunu\/","title":{"rendered":"Denizde Do\u011fum G\u00fcn\u00fc"},"content":{"rendered":"<p>Denizde sakin ba\u015flayan g\u00fcn su kaplumba\u011fas\u0131n\u0131n s\u00fcrpriz do\u011fum g\u00fcn\u00fc teklifi ile hareketlendi. Ahtapotun do\u011fum g\u00fcn\u00fcn\u00fc kutlamak isteyen deniz canl\u0131lar\u0131, do\u011fum g\u00fcn\u00fc partisi i\u00e7in haz\u0131rl\u0131klara ba\u015flad\u0131lar. Su kaplumba\u011fas\u0131n\u0131n \u00f6nderli\u011finde her deniz canl\u0131s\u0131 kendi yetenek ve kabiliyetlerine g\u00f6re bir \u015feyler yapman\u0131n heyecan\u0131n\u0131 ya\u015f\u0131yordu.Sen de ahtapot i\u00e7in haz\u0131rlanan do\u011fum g\u00fcn\u00fc partisi haz\u0131rl\u0131klar\u0131na e\u015flik etmek ister misin? Deniz canl\u0131lar\u0131n\u0131n resimlerini yerlerine yerle\u015ftirerek do\u011fum g\u00fcn\u00fc partisi haz\u0131rl\u0131klar\u0131na yard\u0131mc\u0131 olur musun?Denizde Do\u011fum G\u00fcn\u00fc kitab\u0131 \u00e7ocuklar\u0131n deniz canl\u0131lar\u0131n\u0131 tan\u0131malar\u0131 amac\u0131yla haz\u0131rlanm\u0131\u015ft\u0131r. Kitab\u0131n i\u00e7 kapa\u011f\u0131nda topluca yer alan hayvanlar\u0131 sayfalardaki yerlerine yerle\u015ftiren \u00e7ocuklar g\u00f6rsel \u00f6\u011frenme yaparak bilgilerini peki\u015ftireceklerdir. Yeniden kullan\u0131lacak \u015fekilde haz\u0131rlanan hayvan resimleri sayesinde kitab\u0131 birden fazla kez kullanabileceksiniz.<\/p>\n","protected":false},"excerpt":{"rendered":"<p>Denizde sakin ba\u015flayan g\u00fcn su kaplumba\u011fas\u0131n\u0131n s\u00fcrpriz do\u011fum g\u00fcn\u00fc teklifi ile hareketlendi. Ahtapotun do\u011fum g\u00fcn\u00fcn\u00fc kutlamak isteyen deniz canl\u0131lar\u0131, do\u011fum g\u00fcn\u00fc partisi i\u00e7in haz\u0131rl\u0131klara ba\u015flad\u0131lar. Su<span class=\"excerpt-hellip\"> [\u2026]<\/span><\/p>\n","protected":false},"featured_media":0,"template":"","meta":{"_monsterinsights_skip_tracking":false,"_monsterinsights_sitenote_active":false,"_monsterinsights_sitenote_note":"","_monsterinsights_sitenote_category":0},"product_brand":[],"product_cat":[12274,12284],"product_tag":[],"class_list":{"0":"post-736069","1":"product","2":"type-product","3":"status-publish","5":"product_cat-cocuk-ve-genclik-kitaplari","6":"product_cat-hikayeler","7":"pa_cilt-ciltsiz","8":"pa_tur-kitap","9":"pa_yayinevi-marti-cocuk-yayinlari","10":"pa_yazar-aysenur-gungor-kircadag","12":"first","13":"instock","14":"sale","15":"shipping-taxable","16":"purchasable","17":"product-type-simple"},"_links":{"self":[{"href":"https:\/\/roveyayinevi.com.tr\/index.php\/wp-json\/wp\/v2\/product\/736069","targetHints":{"allow":["GET"]}}],"collection":[{"href":"https:\/\/roveyayinevi.com.tr\/index.php\/wp-json\/wp\/v2\/product"}],"about":[{"href":"https:\/\/roveyayinevi.com.tr\/index.php\/wp-json\/wp\/v2\/types\/product"}],"wp:attachment":[{"href":"https:\/\/roveyayinevi.com.tr\/index.php\/wp-json\/wp\/v2\/media?parent=736069"}],"wp:term":[{"taxonomy":"product_brand","embeddable":true,"href":"https:\/\/roveyayinevi.com.tr\/index.php\/wp-json\/wp\/v2\/product_brand?post=736069"},{"taxonomy":"product_cat","embeddable":true,"href":"https:\/\/roveyayinevi.com.tr\/index.php\/wp-json\/wp\/v2\/product_cat?post=736069"},{"taxonomy":"product_tag","embeddable":true,"href":"https:\/\/roveyayinevi.com.tr\/index.php\/wp-json\/wp\/v2\/product_tag?post=736069"}],"curies":[{"name":"wp","href":"https:\/\/api.w.org\/{rel}","templated":true}]}}