{"id":736067,"date":"2025-08-27T23:00:15","date_gmt":"2025-08-27T20:00:15","guid":{"rendered":"https:\/\/roveyayinevi.com.tr\/index.php\/urun\/sarki-soyleyen-kurbagalar\/"},"modified":"2026-04-16T02:44:46","modified_gmt":"2026-04-15T23:44:46","slug":"sarki-soyleyen-kurbagalar","status":"publish","type":"product","link":"https:\/\/roveyayinevi.com.tr\/index.php\/urun\/sarki-soyleyen-kurbagalar\/","title":{"rendered":"\u015eark\u0131 S\u00f6yleyen Kurba\u011falar"},"content":{"rendered":"<p>Hayvan sevgisi ve do\u011fal denge \u00fczerine bir \u00f6yk\u00fcBu kurba\u011falar hi\u00e7 susmuyor!G\u00fcn boyunca durmadan \u015fark\u0131 s\u00f6yl\u00fcyorlar.V\u0131rak da v\u0131rak!Peki bu kadar seste biz nas\u0131l uyuyaca\u011f\u0131z?Kurba\u011falarla konu\u015fman\u0131n vakti geldi&#8230;<\/p>\n","protected":false},"excerpt":{"rendered":"<p>Hayvan sevgisi ve do\u011fal denge \u00fczerine bir \u00f6yk\u00fcBu kurba\u011falar hi\u00e7 susmuyor!G\u00fcn boyunca durmadan \u015fark\u0131 s\u00f6yl\u00fcyorlar.V\u0131rak da v\u0131rak!Peki bu kadar seste biz nas\u0131l uyuyaca\u011f\u0131z?Kurba\u011falarla konu\u015fman\u0131n vakti geldi&#8230;<\/p>\n","protected":false},"featured_media":0,"template":"","meta":{"_monsterinsights_skip_tracking":false,"_monsterinsights_sitenote_active":false,"_monsterinsights_sitenote_note":"","_monsterinsights_sitenote_category":0},"product_brand":[],"product_cat":[12275,12274],"product_tag":[],"class_list":{"0":"post-736067","1":"product","2":"type-product","3":"status-publish","5":"product_cat-6-12-yas-kitaplari","6":"product_cat-cocuk-ve-genclik-kitaplari","7":"pa_cilt-ciltsiz","8":"pa_tur-kitap","9":"pa_yayinevi-marti-cocuk-yayinlari","10":"pa_yazar-ozlem-orcun","12":"first","13":"instock","14":"sale","15":"shipping-taxable","16":"purchasable","17":"product-type-simple"},"_links":{"self":[{"href":"https:\/\/roveyayinevi.com.tr\/index.php\/wp-json\/wp\/v2\/product\/736067","targetHints":{"allow":["GET"]}}],"collection":[{"href":"https:\/\/roveyayinevi.com.tr\/index.php\/wp-json\/wp\/v2\/product"}],"about":[{"href":"https:\/\/roveyayinevi.com.tr\/index.php\/wp-json\/wp\/v2\/types\/product"}],"wp:attachment":[{"href":"https:\/\/roveyayinevi.com.tr\/index.php\/wp-json\/wp\/v2\/media?parent=736067"}],"wp:term":[{"taxonomy":"product_brand","embeddable":true,"href":"https:\/\/roveyayinevi.com.tr\/index.php\/wp-json\/wp\/v2\/product_brand?post=736067"},{"taxonomy":"product_cat","embeddable":true,"href":"https:\/\/roveyayinevi.com.tr\/index.php\/wp-json\/wp\/v2\/product_cat?post=736067"},{"taxonomy":"product_tag","embeddable":true,"href":"https:\/\/roveyayinevi.com.tr\/index.php\/wp-json\/wp\/v2\/product_tag?post=736067"}],"curies":[{"name":"wp","href":"https:\/\/api.w.org\/{rel}","templated":true}]}}