{"id":736066,"date":"2025-08-27T23:00:14","date_gmt":"2025-08-27T20:00:14","guid":{"rendered":"https:\/\/roveyayinevi.com.tr\/index.php\/urun\/ipucu-pesinde-geri-donusum-ilkokul-2-sinif\/"},"modified":"2026-04-16T02:44:46","modified_gmt":"2026-04-15T23:44:46","slug":"ipucu-pesinde-geri-donusum-ilkokul-2-sinif","status":"publish","type":"product","link":"https:\/\/roveyayinevi.com.tr\/index.php\/urun\/ipucu-pesinde-geri-donusum-ilkokul-2-sinif\/","title":{"rendered":"\u0130pucu Pe\u015finde Geri D\u00f6n\u00fc\u015f\u00fcm &#8211; \u0130lkokul 2. S\u0131n\u0131f"},"content":{"rendered":"<p>\u0130pucu Pe\u015finde \u2013 Geri D\u00f6n\u00fc\u015f\u00fcm \/ 2. S\u0131n\u0131fDisiplinleraras\u0131 \u00d6\u011frenmeEtkinliklerle dolu heyecanl\u0131 bir ser\u00fcven sizleri bekliyor!G\u00f6z\u00fcn\u00fcz\u00fc d\u00f6rt a\u00e7\u0131n! T\u00fcrk\u00e7e ve Matematik gibi temel derslerin konular\u0131yla ba\u011flant\u0131l\u0131 g\u00f6revleri tamamlad\u0131k\u00e7a gizli c\u00fcmleyi \u00e7\u00f6zmeye bir ad\u0131m daha yakla\u015facaks\u0131n\u0131z.Okuma al\u0131\u015fkanl\u0131\u011f\u0131n\u0131 ve odaklanma yetene\u011fini geli\u015ftirmeye y\u00f6nelik haz\u0131rlanm\u0131\u015f t\u00fcm hik\u00e2ye ve etkinlikler, 2. s\u0131n\u0131f m\u00fcfredat\u0131na uydundur.Geri D\u00f6n\u00fc\u015f\u00fcmBir ton kullan\u0131lm\u0131\u015f k\u00e2\u011f\u0131t, geri d\u00f6n\u00fc\u015f\u00fcmle kazan\u0131ld\u0131\u011f\u0131nda 16 tane a\u011fac\u0131n kesilmesi \u00f6nlenebilir. Ama o da ne? S\u0131n\u0131fa at\u0131k k\u00e2\u011f\u0131tlar i\u00e7in konulan geri d\u00f6n\u00fc\u015f\u00fcm kutusunda ba\u015fka \u015feyler de var!Melis ile Leyla, geri d\u00f6n\u00fc\u015f\u00fcm kutusundaki garip \u00e7\u00f6plerin izini takip ediyor. Acaba, \u00e7\u00f6plerin ne oldu\u011funu ve onlar\u0131 \u00e7\u00f6pe kimin att\u0131\u011f\u0131n\u0131 bulabilecekler mi?<\/p>\n","protected":false},"excerpt":{"rendered":"<p>\u0130pucu Pe\u015finde \u2013 Geri D\u00f6n\u00fc\u015f\u00fcm \/ 2. S\u0131n\u0131fDisiplinleraras\u0131 \u00d6\u011frenmeEtkinliklerle dolu heyecanl\u0131 bir ser\u00fcven sizleri bekliyor!G\u00f6z\u00fcn\u00fcz\u00fc d\u00f6rt a\u00e7\u0131n! T\u00fcrk\u00e7e ve Matematik gibi temel derslerin konular\u0131yla ba\u011flant\u0131l\u0131 g\u00f6revleri<span class=\"excerpt-hellip\"> [\u2026]<\/span><\/p>\n","protected":false},"featured_media":0,"template":"","meta":{"_monsterinsights_skip_tracking":false,"_monsterinsights_sitenote_active":false,"_monsterinsights_sitenote_note":"","_monsterinsights_sitenote_category":0},"product_brand":[],"product_cat":[12274,15842],"product_tag":[],"class_list":{"0":"post-736066","1":"product","2":"type-product","3":"status-publish","5":"product_cat-cocuk-ve-genclik-kitaplari","6":"product_cat-egitici-kitaplar","7":"pa_cilt-ciltsiz","8":"pa_tur-kitap","9":"pa_yayinevi-marti-cocuk-yayinlari","10":"pa_yazar-asaf-ekin-yesil","12":"first","13":"instock","14":"sale","15":"shipping-taxable","16":"purchasable","17":"product-type-simple"},"_links":{"self":[{"href":"https:\/\/roveyayinevi.com.tr\/index.php\/wp-json\/wp\/v2\/product\/736066","targetHints":{"allow":["GET"]}}],"collection":[{"href":"https:\/\/roveyayinevi.com.tr\/index.php\/wp-json\/wp\/v2\/product"}],"about":[{"href":"https:\/\/roveyayinevi.com.tr\/index.php\/wp-json\/wp\/v2\/types\/product"}],"wp:attachment":[{"href":"https:\/\/roveyayinevi.com.tr\/index.php\/wp-json\/wp\/v2\/media?parent=736066"}],"wp:term":[{"taxonomy":"product_brand","embeddable":true,"href":"https:\/\/roveyayinevi.com.tr\/index.php\/wp-json\/wp\/v2\/product_brand?post=736066"},{"taxonomy":"product_cat","embeddable":true,"href":"https:\/\/roveyayinevi.com.tr\/index.php\/wp-json\/wp\/v2\/product_cat?post=736066"},{"taxonomy":"product_tag","embeddable":true,"href":"https:\/\/roveyayinevi.com.tr\/index.php\/wp-json\/wp\/v2\/product_tag?post=736066"}],"curies":[{"name":"wp","href":"https:\/\/api.w.org\/{rel}","templated":true}]}}