{"id":736065,"date":"2025-08-27T23:00:13","date_gmt":"2025-08-27T20:00:13","guid":{"rendered":"https:\/\/roveyayinevi.com.tr\/index.php\/urun\/super-sekizler-bilgisayari-kapatiyoruz-sokakta-oynuyoruz\/"},"modified":"2026-04-16T02:44:46","modified_gmt":"2026-04-15T23:44:46","slug":"super-sekizler-bilgisayari-kapatiyoruz-sokakta-oynuyoruz","status":"publish","type":"product","link":"https:\/\/roveyayinevi.com.tr\/index.php\/urun\/super-sekizler-bilgisayari-kapatiyoruz-sokakta-oynuyoruz\/","title":{"rendered":"S\u00fcper Sekizler &#8211; Bilgisayar\u0131 Kapat\u0131yoruz Sokakta Oynuyoruz"},"content":{"rendered":"<p>8 farkl\u0131 yetene\u011fi temsil eden bu 8 kahraman\u0131n her maceras\u0131nda,ayr\u0131 bir karakter e\u011fitimi konusu yer al\u0131yor. Senin i\u00e7inde demutlaka bu s\u00fcper sekizlerden biri ya da birka\u00e7\u0131 mevcut.Acaba sen hangi kahramans\u0131n? Haydi d\u00fc\u015f\u00fcn!Bu Kitapta \u00c7ok \u015eey Var!Fazla Bilgisayar Kullanman\u0131n Zararlar\u0131Ger\u00e7ek DostlukG\u00f6rg\u00fc Kurallar\u0131T\u00fcrk\u00e7eyi D\u00fczg\u00fcn Kullanma<\/p>\n","protected":false},"excerpt":{"rendered":"<p>8 farkl\u0131 yetene\u011fi temsil eden bu 8 kahraman\u0131n her maceras\u0131nda,ayr\u0131 bir karakter e\u011fitimi konusu yer al\u0131yor. Senin i\u00e7inde demutlaka bu s\u00fcper sekizlerden biri ya da birka\u00e7\u0131<span class=\"excerpt-hellip\"> [\u2026]<\/span><\/p>\n","protected":false},"featured_media":0,"template":"","meta":{"_monsterinsights_skip_tracking":false,"_monsterinsights_sitenote_active":false,"_monsterinsights_sitenote_note":"","_monsterinsights_sitenote_category":0},"product_brand":[],"product_cat":[12274,12518],"product_tag":[],"class_list":{"0":"post-736065","1":"product","2":"type-product","3":"status-publish","5":"product_cat-cocuk-ve-genclik-kitaplari","6":"product_cat-okul-oncesi-kitaplar","7":"pa_cilt-ciltsiz","8":"pa_tur-kitap","9":"pa_yayinevi-marti-cocuk-yayinlari","10":"pa_yazar-aysen-oy","12":"first","13":"instock","14":"sale","15":"shipping-taxable","16":"purchasable","17":"product-type-simple"},"_links":{"self":[{"href":"https:\/\/roveyayinevi.com.tr\/index.php\/wp-json\/wp\/v2\/product\/736065","targetHints":{"allow":["GET"]}}],"collection":[{"href":"https:\/\/roveyayinevi.com.tr\/index.php\/wp-json\/wp\/v2\/product"}],"about":[{"href":"https:\/\/roveyayinevi.com.tr\/index.php\/wp-json\/wp\/v2\/types\/product"}],"wp:attachment":[{"href":"https:\/\/roveyayinevi.com.tr\/index.php\/wp-json\/wp\/v2\/media?parent=736065"}],"wp:term":[{"taxonomy":"product_brand","embeddable":true,"href":"https:\/\/roveyayinevi.com.tr\/index.php\/wp-json\/wp\/v2\/product_brand?post=736065"},{"taxonomy":"product_cat","embeddable":true,"href":"https:\/\/roveyayinevi.com.tr\/index.php\/wp-json\/wp\/v2\/product_cat?post=736065"},{"taxonomy":"product_tag","embeddable":true,"href":"https:\/\/roveyayinevi.com.tr\/index.php\/wp-json\/wp\/v2\/product_tag?post=736065"}],"curies":[{"name":"wp","href":"https:\/\/api.w.org\/{rel}","templated":true}]}}