{"id":736064,"date":"2025-08-27T23:00:12","date_gmt":"2025-08-27T20:00:12","guid":{"rendered":"https:\/\/roveyayinevi.com.tr\/index.php\/urun\/bir-sakiz-dunyayi-dolasabilir-mi\/"},"modified":"2026-04-16T02:44:46","modified_gmt":"2026-04-15T23:44:46","slug":"bir-sakiz-dunyayi-dolasabilir-mi","status":"publish","type":"product","link":"https:\/\/roveyayinevi.com.tr\/index.php\/urun\/bir-sakiz-dunyayi-dolasabilir-mi\/","title":{"rendered":"Bir Sak\u0131z D\u00fcnya&#8217;y\u0131 Dola\u015fabilir mi?"},"content":{"rendered":"<p>G\u00fcd\u00fcml\u00fc Kitap\u00c7ilekli bir sak\u0131z g\u00f6rebilir mi?G\u00f6zleri olursa Evet!\u00c7ilekli bir sak\u0131z konu\u015fabilir mi?A\u011fz\u0131 olursa Evet!\u00c7ilekli bir sak\u0131z y\u00fcr\u00fcyebilir mi?Ayaklar\u0131 olursa Evet!\u00c7ilekli bir sak\u0131z\u0131n g\u00f6z\u00fcnden \u0130ngiltere\u2019yi g\u00f6rmeye haz\u0131r m\u0131s\u0131n\u0131z?Sarp\u2019\u0131n elindeki sak\u0131z ile kurdu\u011fu hayaller, biz \u00e7ocuklara k\u00fc\u00e7\u00fck bir \u0130ngiltere turu sunuyor.\u00dcstelik bu kitapta farkl\u0131 bilgiler var. Shakespeare ile tan\u0131\u015facak, efsanevi m\u00fczik grubu The Beatles sesleri duyacaks\u0131n\u0131z.Bu kitap \u201cG\u00fcd\u00fcml\u00fc Kitap\u201d serisinin ikinci kitab\u0131 olarak yola \u00e7\u0131kt\u0131. \u00c7ocuklara e\u011flenceli bir hik\u00e2ye sunarken asl\u0131nda bir taraftan olduk\u00e7a de\u011ferli bilgiler veriyor. \u00c7ocuklar ve ebeveynler hem okuyup hem \u00f6\u011frenecekler.Kitab\u0131m\u0131z\u0131n sonuna e\u011fitsel etkinlikler eklendi. B\u00f6ylelikle kitab\u0131m\u0131z s\u0131n\u0131f ve ev ortam\u0131nda bir e\u011fitim d\u00f6nemi boyunca uzun soluklu olarak kullan\u0131labilecek.<\/p>\n","protected":false},"excerpt":{"rendered":"<p>G\u00fcd\u00fcml\u00fc Kitap\u00c7ilekli bir sak\u0131z g\u00f6rebilir mi?G\u00f6zleri olursa Evet!\u00c7ilekli bir sak\u0131z konu\u015fabilir mi?A\u011fz\u0131 olursa Evet!\u00c7ilekli bir sak\u0131z y\u00fcr\u00fcyebilir mi?Ayaklar\u0131 olursa Evet!\u00c7ilekli bir sak\u0131z\u0131n g\u00f6z\u00fcnden \u0130ngiltere\u2019yi g\u00f6rmeye haz\u0131r<span class=\"excerpt-hellip\"> [\u2026]<\/span><\/p>\n","protected":false},"featured_media":0,"template":"","meta":{"_monsterinsights_skip_tracking":false,"_monsterinsights_sitenote_active":false,"_monsterinsights_sitenote_note":"","_monsterinsights_sitenote_category":0},"product_brand":[],"product_cat":[12274,12518],"product_tag":[],"class_list":{"0":"post-736064","1":"product","2":"type-product","3":"status-publish","5":"product_cat-cocuk-ve-genclik-kitaplari","6":"product_cat-okul-oncesi-kitaplar","7":"pa_cilt-ciltsiz","8":"pa_tur-kitap","9":"pa_yayinevi-marti-cocuk-yayinlari","10":"pa_yazar-utku-haser","12":"first","13":"instock","14":"sale","15":"shipping-taxable","16":"purchasable","17":"product-type-simple"},"_links":{"self":[{"href":"https:\/\/roveyayinevi.com.tr\/index.php\/wp-json\/wp\/v2\/product\/736064","targetHints":{"allow":["GET"]}}],"collection":[{"href":"https:\/\/roveyayinevi.com.tr\/index.php\/wp-json\/wp\/v2\/product"}],"about":[{"href":"https:\/\/roveyayinevi.com.tr\/index.php\/wp-json\/wp\/v2\/types\/product"}],"wp:attachment":[{"href":"https:\/\/roveyayinevi.com.tr\/index.php\/wp-json\/wp\/v2\/media?parent=736064"}],"wp:term":[{"taxonomy":"product_brand","embeddable":true,"href":"https:\/\/roveyayinevi.com.tr\/index.php\/wp-json\/wp\/v2\/product_brand?post=736064"},{"taxonomy":"product_cat","embeddable":true,"href":"https:\/\/roveyayinevi.com.tr\/index.php\/wp-json\/wp\/v2\/product_cat?post=736064"},{"taxonomy":"product_tag","embeddable":true,"href":"https:\/\/roveyayinevi.com.tr\/index.php\/wp-json\/wp\/v2\/product_tag?post=736064"}],"curies":[{"name":"wp","href":"https:\/\/api.w.org\/{rel}","templated":true}]}}