{"id":736063,"date":"2025-08-27T23:00:11","date_gmt":"2025-08-27T20:00:11","guid":{"rendered":"https:\/\/roveyayinevi.com.tr\/index.php\/urun\/sehirde-balik-avi\/"},"modified":"2026-04-16T02:44:46","modified_gmt":"2026-04-15T23:44:46","slug":"sehirde-balik-avi","status":"publish","type":"product","link":"https:\/\/roveyayinevi.com.tr\/index.php\/urun\/sehirde-balik-avi\/","title":{"rendered":"\u015eehirde Bal\u0131k Av\u0131"},"content":{"rendered":"<p>B\u00fcy\u00fckbaba i\u00e7in bal\u0131k\u00e7\u0131l\u0131k bir tutkudur. Bu y\u00fczden ailesiyle beraber ya\u015famak \u00fczere \u015fehre ta\u015f\u0131n\u0131rken olta tak\u0131mlar\u0131n\u0131n hepsini yan\u0131nda getirir. Fakat b\u00fcy\u00fck \u015fehir, bir bal\u0131k\u00e7\u0131 i\u00e7in hi\u00e7 de uygun bir yer de\u011fildir, b\u00fcy\u00fckbaba buna \u00e7ok \u00fcz\u00fcl\u00fcr. Derken g\u00fcn\u00fcn birinde, torununun akl\u0131na b\u00fcy\u00fckbabas\u0131n\u0131 mutlu edecek \u015fahane bir fikir gelir\u2026Gideon Sterer, hayal g\u00fcc\u00fcn\u00fc harekete ge\u00e7iren g\u00f6z kama\u015ft\u0131r\u0131c\u0131 bu resimli kitapta, dostlu\u011fun b\u00fcy\u00fcs\u00fcn\u00fc ve her t\u00fcrl\u00fc ger\u00e7ekli\u011fi bitmek bilmeyen bir e\u011flenceye d\u00f6n\u00fc\u015ft\u00fcrebilme g\u00fcc\u00fcn\u00fc anlat\u0131yor.<\/p>\n","protected":false},"excerpt":{"rendered":"<p>B\u00fcy\u00fckbaba i\u00e7in bal\u0131k\u00e7\u0131l\u0131k bir tutkudur. Bu y\u00fczden ailesiyle beraber ya\u015famak \u00fczere \u015fehre ta\u015f\u0131n\u0131rken olta tak\u0131mlar\u0131n\u0131n hepsini yan\u0131nda getirir. Fakat b\u00fcy\u00fck \u015fehir, bir bal\u0131k\u00e7\u0131 i\u00e7in hi\u00e7 de<span class=\"excerpt-hellip\"> [\u2026]<\/span><\/p>\n","protected":false},"featured_media":0,"template":"","meta":{"_monsterinsights_skip_tracking":false,"_monsterinsights_sitenote_active":false,"_monsterinsights_sitenote_note":"","_monsterinsights_sitenote_category":0},"product_brand":[],"product_cat":[12275,12274],"product_tag":[],"class_list":{"0":"post-736063","1":"product","2":"type-product","3":"status-publish","5":"product_cat-6-12-yas-kitaplari","6":"product_cat-cocuk-ve-genclik-kitaplari","7":"pa_cilt-ciltsiz","8":"pa_tur-kitap","9":"pa_yayinevi-marti-cocuk-yayinlari","10":"pa_yazar-gideon-sterer","12":"first","13":"instock","14":"sale","15":"shipping-taxable","16":"purchasable","17":"product-type-simple"},"_links":{"self":[{"href":"https:\/\/roveyayinevi.com.tr\/index.php\/wp-json\/wp\/v2\/product\/736063","targetHints":{"allow":["GET"]}}],"collection":[{"href":"https:\/\/roveyayinevi.com.tr\/index.php\/wp-json\/wp\/v2\/product"}],"about":[{"href":"https:\/\/roveyayinevi.com.tr\/index.php\/wp-json\/wp\/v2\/types\/product"}],"wp:attachment":[{"href":"https:\/\/roveyayinevi.com.tr\/index.php\/wp-json\/wp\/v2\/media?parent=736063"}],"wp:term":[{"taxonomy":"product_brand","embeddable":true,"href":"https:\/\/roveyayinevi.com.tr\/index.php\/wp-json\/wp\/v2\/product_brand?post=736063"},{"taxonomy":"product_cat","embeddable":true,"href":"https:\/\/roveyayinevi.com.tr\/index.php\/wp-json\/wp\/v2\/product_cat?post=736063"},{"taxonomy":"product_tag","embeddable":true,"href":"https:\/\/roveyayinevi.com.tr\/index.php\/wp-json\/wp\/v2\/product_tag?post=736063"}],"curies":[{"name":"wp","href":"https:\/\/api.w.org\/{rel}","templated":true}]}}