{"id":736062,"date":"2025-08-27T23:00:10","date_gmt":"2025-08-27T20:00:10","guid":{"rendered":"https:\/\/roveyayinevi.com.tr\/index.php\/urun\/rakamlar-ve-harfler-tanisiyor\/"},"modified":"2026-04-16T02:44:46","modified_gmt":"2026-04-15T23:44:46","slug":"rakamlar-ve-harfler-tanisiyor","status":"publish","type":"product","link":"https:\/\/roveyayinevi.com.tr\/index.php\/urun\/rakamlar-ve-harfler-tanisiyor\/","title":{"rendered":"Rakamlar ve Harfler Tan\u0131\u015f\u0131yor"},"content":{"rendered":"<p>Rakamlar ve Harfler ilk kar\u015f\u0131la\u015fmalar\u0131nda birbirlerini \u00e7ok merak ediyor.9 ve P\u2019nin \u00e7ok ortak yan\u0131 var! O harfi ve 0 neredeyse ikiz!Hangileri daha \u00f6nemli? Rakamlar m\u0131 harfler mi?<\/p>\n","protected":false},"excerpt":{"rendered":"<p>Rakamlar ve Harfler ilk kar\u015f\u0131la\u015fmalar\u0131nda birbirlerini \u00e7ok merak ediyor.9 ve P\u2019nin \u00e7ok ortak yan\u0131 var! O harfi ve 0 neredeyse ikiz!Hangileri daha \u00f6nemli? Rakamlar m\u0131 harfler<span class=\"excerpt-hellip\"> [\u2026]<\/span><\/p>\n","protected":false},"featured_media":0,"template":"","meta":{"_monsterinsights_skip_tracking":false,"_monsterinsights_sitenote_active":false,"_monsterinsights_sitenote_note":"","_monsterinsights_sitenote_category":0},"product_brand":[],"product_cat":[12275,12274],"product_tag":[],"class_list":{"0":"post-736062","1":"product","2":"type-product","3":"status-publish","5":"product_cat-6-12-yas-kitaplari","6":"product_cat-cocuk-ve-genclik-kitaplari","7":"pa_cilt-ciltsiz","8":"pa_tur-kitap","9":"pa_yayinevi-marti-cocuk-yayinlari","10":"pa_yazar-lois-barr-stephanie-laberis","12":"first","13":"instock","14":"sale","15":"shipping-taxable","16":"purchasable","17":"product-type-simple"},"_links":{"self":[{"href":"https:\/\/roveyayinevi.com.tr\/index.php\/wp-json\/wp\/v2\/product\/736062","targetHints":{"allow":["GET"]}}],"collection":[{"href":"https:\/\/roveyayinevi.com.tr\/index.php\/wp-json\/wp\/v2\/product"}],"about":[{"href":"https:\/\/roveyayinevi.com.tr\/index.php\/wp-json\/wp\/v2\/types\/product"}],"wp:attachment":[{"href":"https:\/\/roveyayinevi.com.tr\/index.php\/wp-json\/wp\/v2\/media?parent=736062"}],"wp:term":[{"taxonomy":"product_brand","embeddable":true,"href":"https:\/\/roveyayinevi.com.tr\/index.php\/wp-json\/wp\/v2\/product_brand?post=736062"},{"taxonomy":"product_cat","embeddable":true,"href":"https:\/\/roveyayinevi.com.tr\/index.php\/wp-json\/wp\/v2\/product_cat?post=736062"},{"taxonomy":"product_tag","embeddable":true,"href":"https:\/\/roveyayinevi.com.tr\/index.php\/wp-json\/wp\/v2\/product_tag?post=736062"}],"curies":[{"name":"wp","href":"https:\/\/api.w.org\/{rel}","templated":true}]}}