{"id":736058,"date":"2025-08-27T23:00:06","date_gmt":"2025-08-27T20:00:06","guid":{"rendered":"https:\/\/roveyayinevi.com.tr\/index.php\/urun\/noktalama-imla-oyunu\/"},"modified":"2026-04-16T02:44:46","modified_gmt":"2026-04-15T23:44:46","slug":"noktalama-imla-oyunu","status":"publish","type":"product","link":"https:\/\/roveyayinevi.com.tr\/index.php\/urun\/noktalama-imla-oyunu\/","title":{"rendered":"Noktalama \u0130mla Oyunu"},"content":{"rendered":"<p>T\u00fcrkiye\u2019de \u0130lk Defa\u2026\u0130mla Kurallar\u0131n\u0131 Oynayarak Ve E\u011flenerek \u00d6\u011frenin\u2026\u015eimdi herkes lamas\u0131n\u0131 se\u00e7sin. \u00c7\u00fcnk\u00fc fantastik ve bilmecelerle dolu bir yolculuk sizi bekliyor.Oyun Tablas\u0131 : 1 adet (50*50)Kart Say\u0131s\u0131: 250 kartOyun Piyonu: 4Rozet : 15 adetOyun K\u0131lavuzu : 1 adetOyun Zar\u0131 : 1 adet<\/p>\n","protected":false},"excerpt":{"rendered":"<p>T\u00fcrkiye\u2019de \u0130lk Defa\u2026\u0130mla Kurallar\u0131n\u0131 Oynayarak Ve E\u011flenerek \u00d6\u011frenin\u2026\u015eimdi herkes lamas\u0131n\u0131 se\u00e7sin. \u00c7\u00fcnk\u00fc fantastik ve bilmecelerle dolu bir yolculuk sizi bekliyor.Oyun Tablas\u0131 : 1 adet (50*50)Kart Say\u0131s\u0131:<span class=\"excerpt-hellip\"> [\u2026]<\/span><\/p>\n","protected":false},"featured_media":0,"template":"","meta":{"_monsterinsights_skip_tracking":false,"_monsterinsights_sitenote_active":false,"_monsterinsights_sitenote_note":"","_monsterinsights_sitenote_category":0},"product_brand":[],"product_cat":[12274,17859],"product_tag":[],"class_list":{"0":"post-736058","1":"product","2":"type-product","3":"status-publish","5":"product_cat-cocuk-ve-genclik-kitaplari","6":"product_cat-oyun-kitaplari","7":"pa_cilt-ciltsiz","8":"pa_tur-kitap20","9":"pa_yayinevi-marti-yayinlari","10":"pa_yazar-nazife-burcu-takil","12":"first","13":"instock","14":"sale","15":"shipping-taxable","16":"purchasable","17":"product-type-simple"},"_links":{"self":[{"href":"https:\/\/roveyayinevi.com.tr\/index.php\/wp-json\/wp\/v2\/product\/736058","targetHints":{"allow":["GET"]}}],"collection":[{"href":"https:\/\/roveyayinevi.com.tr\/index.php\/wp-json\/wp\/v2\/product"}],"about":[{"href":"https:\/\/roveyayinevi.com.tr\/index.php\/wp-json\/wp\/v2\/types\/product"}],"wp:attachment":[{"href":"https:\/\/roveyayinevi.com.tr\/index.php\/wp-json\/wp\/v2\/media?parent=736058"}],"wp:term":[{"taxonomy":"product_brand","embeddable":true,"href":"https:\/\/roveyayinevi.com.tr\/index.php\/wp-json\/wp\/v2\/product_brand?post=736058"},{"taxonomy":"product_cat","embeddable":true,"href":"https:\/\/roveyayinevi.com.tr\/index.php\/wp-json\/wp\/v2\/product_cat?post=736058"},{"taxonomy":"product_tag","embeddable":true,"href":"https:\/\/roveyayinevi.com.tr\/index.php\/wp-json\/wp\/v2\/product_tag?post=736058"}],"curies":[{"name":"wp","href":"https:\/\/api.w.org\/{rel}","templated":true}]}}