{"id":736056,"date":"2025-08-27T23:00:04","date_gmt":"2025-08-27T20:00:04","guid":{"rendered":"https:\/\/roveyayinevi.com.tr\/index.php\/urun\/cvc-word-puzzles-egitici-yapboz\/"},"modified":"2026-04-16T02:44:46","modified_gmt":"2026-04-15T23:44:46","slug":"cvc-word-puzzles-egitici-yapboz","status":"publish","type":"product","link":"https:\/\/roveyayinevi.com.tr\/index.php\/urun\/cvc-word-puzzles-egitici-yapboz\/","title":{"rendered":"CVC Word Puzzles &#8211; E\u011fitici Yapboz"},"content":{"rendered":"<p>\u00dcns\u00fcz-\u00fcnl\u00fc-\u00fcns\u00fcz harf dizimi kelime bulmacalar\u0131 okumaya yeni ba\u015flayanlar i\u00e7in \u00f6nemli bir beceri olan farkl\u0131 sesleri kayna\u015ft\u0131r\u0131p kelimelere d\u00f6n\u00fc\u015ft\u00fcrmek i\u00e7in olduk\u00e7a etkili ve bir o kadar da e\u011flenceli bir peki\u015ftirme etkinli\u011fidir.Daha fazla e\u011flence i\u00e7in, t\u00fcm ses par\u00e7alar\u0131n\u0131 kar\u0131\u015ft\u0131rabilir ve \u00e7ocuklar\u0131n kendi ba\u015flar\u0131na harfleri kullanarak kelimeler olu\u015fturmas\u0131na izin verebilirsiniz! Daha sonra bulduklar\u0131 kelimeleri resimlerle ve kartta yazan kelime ile e\u015fle\u015ftirebilirler.Yazar: Bahar Sar\u0131kaya<\/p>\n","protected":false},"excerpt":{"rendered":"<p>\u00dcns\u00fcz-\u00fcnl\u00fc-\u00fcns\u00fcz harf dizimi kelime bulmacalar\u0131 okumaya yeni ba\u015flayanlar i\u00e7in \u00f6nemli bir beceri olan farkl\u0131 sesleri kayna\u015ft\u0131r\u0131p kelimelere d\u00f6n\u00fc\u015ft\u00fcrmek i\u00e7in olduk\u00e7a etkili ve bir o kadar da<span class=\"excerpt-hellip\"> [\u2026]<\/span><\/p>\n","protected":false},"featured_media":0,"template":"","meta":{"_monsterinsights_skip_tracking":false,"_monsterinsights_sitenote_active":false,"_monsterinsights_sitenote_note":"","_monsterinsights_sitenote_category":0},"product_brand":[],"product_cat":[12274,90558],"product_tag":[],"class_list":{"0":"post-736056","1":"product","2":"type-product","3":"status-publish","5":"product_cat-cocuk-ve-genclik-kitaplari","6":"product_cat-yapboz-kitaplari","7":"pa_cilt-ciltsiz","8":"pa_tur-oyun","9":"pa_yayinevi-marti-cocuk-yayinlari","10":"pa_yazar-bahar-sarikaya","12":"first","13":"instock","14":"sale","15":"shipping-taxable","16":"purchasable","17":"product-type-simple"},"_links":{"self":[{"href":"https:\/\/roveyayinevi.com.tr\/index.php\/wp-json\/wp\/v2\/product\/736056","targetHints":{"allow":["GET"]}}],"collection":[{"href":"https:\/\/roveyayinevi.com.tr\/index.php\/wp-json\/wp\/v2\/product"}],"about":[{"href":"https:\/\/roveyayinevi.com.tr\/index.php\/wp-json\/wp\/v2\/types\/product"}],"wp:attachment":[{"href":"https:\/\/roveyayinevi.com.tr\/index.php\/wp-json\/wp\/v2\/media?parent=736056"}],"wp:term":[{"taxonomy":"product_brand","embeddable":true,"href":"https:\/\/roveyayinevi.com.tr\/index.php\/wp-json\/wp\/v2\/product_brand?post=736056"},{"taxonomy":"product_cat","embeddable":true,"href":"https:\/\/roveyayinevi.com.tr\/index.php\/wp-json\/wp\/v2\/product_cat?post=736056"},{"taxonomy":"product_tag","embeddable":true,"href":"https:\/\/roveyayinevi.com.tr\/index.php\/wp-json\/wp\/v2\/product_tag?post=736056"}],"curies":[{"name":"wp","href":"https:\/\/api.w.org\/{rel}","templated":true}]}}