{"id":736051,"date":"2025-08-27T22:59:59","date_gmt":"2025-08-27T19:59:59","guid":{"rendered":"https:\/\/roveyayinevi.com.tr\/index.php\/urun\/vergi-incelemelerinde-mukelleflerin-hak-ve-odevleri\/"},"modified":"2026-04-16T02:44:45","modified_gmt":"2026-04-15T23:44:45","slug":"vergi-incelemelerinde-mukelleflerin-hak-ve-odevleri","status":"publish","type":"product","link":"https:\/\/roveyayinevi.com.tr\/index.php\/urun\/vergi-incelemelerinde-mukelleflerin-hak-ve-odevleri\/","title":{"rendered":"Vergi \u0130ncelemelerinde M\u00fckelleflerin Hak ve \u00d6devleri"},"content":{"rendered":"<p>1.      B\u00d6L\u00dcM \u2013 GENEL OLARAK DENET\u0130M VE VERG\u0130 DENET\u0130M\u0130 KAVRAMI 2.      B\u00d6L\u00dcM \u2013 VERG\u0130 \u0130NCELEMES\u0130N\u0130N TEOR\u0130K \u00c7ER\u00c7EVES\u0130 3.      B\u00d6L\u00dcM \u2013 M\u00dcKELLEFLER\u0130N \u00d6DEVLER\u0130 4.      B\u00d6L\u00dcM \u2013 M\u00dcKELLEFLER\u0130N HAKLARI 5.      B\u00d6L\u00dcM \u2013 VERG\u0130 \u0130NCELEMELER\u0130NDE M\u00dcKELLEF HAKLARI <\/p>\n","protected":false},"excerpt":{"rendered":"<p>1. B\u00d6L\u00dcM \u2013 GENEL OLARAK DENET\u0130M VE VERG\u0130 DENET\u0130M\u0130 KAVRAMI 2. B\u00d6L\u00dcM \u2013 VERG\u0130 \u0130NCELEMES\u0130N\u0130N TEOR\u0130K \u00c7ER\u00c7EVES\u0130 3. B\u00d6L\u00dcM \u2013 M\u00dcKELLEFLER\u0130N \u00d6DEVLER\u0130 4. B\u00d6L\u00dcM \u2013 M\u00dcKELLEFLER\u0130N<span class=\"excerpt-hellip\"> [\u2026]<\/span><\/p>\n","protected":false},"featured_media":0,"template":"","meta":{"_monsterinsights_skip_tracking":false,"_monsterinsights_sitenote_active":false,"_monsterinsights_sitenote_note":"","_monsterinsights_sitenote_category":0},"product_brand":[],"product_cat":[15350,17602],"product_tag":[],"class_list":{"0":"post-736051","1":"product","2":"type-product","3":"status-publish","5":"product_cat-hukuk","6":"product_cat-hukuk-uzerine","7":"pa_cilt-ciltsiz","8":"pa_tur-kitap","9":"pa_yayinevi-gazi-kitabevi","10":"pa_yazar-fatih-cavdar","12":"first","13":"instock","14":"sale","15":"shipping-taxable","16":"purchasable","17":"product-type-simple"},"_links":{"self":[{"href":"https:\/\/roveyayinevi.com.tr\/index.php\/wp-json\/wp\/v2\/product\/736051","targetHints":{"allow":["GET"]}}],"collection":[{"href":"https:\/\/roveyayinevi.com.tr\/index.php\/wp-json\/wp\/v2\/product"}],"about":[{"href":"https:\/\/roveyayinevi.com.tr\/index.php\/wp-json\/wp\/v2\/types\/product"}],"wp:attachment":[{"href":"https:\/\/roveyayinevi.com.tr\/index.php\/wp-json\/wp\/v2\/media?parent=736051"}],"wp:term":[{"taxonomy":"product_brand","embeddable":true,"href":"https:\/\/roveyayinevi.com.tr\/index.php\/wp-json\/wp\/v2\/product_brand?post=736051"},{"taxonomy":"product_cat","embeddable":true,"href":"https:\/\/roveyayinevi.com.tr\/index.php\/wp-json\/wp\/v2\/product_cat?post=736051"},{"taxonomy":"product_tag","embeddable":true,"href":"https:\/\/roveyayinevi.com.tr\/index.php\/wp-json\/wp\/v2\/product_tag?post=736051"}],"curies":[{"name":"wp","href":"https:\/\/api.w.org\/{rel}","templated":true}]}}