{"id":736048,"date":"2025-08-27T22:59:56","date_gmt":"2025-08-27T19:59:56","guid":{"rendered":"https:\/\/roveyayinevi.com.tr\/index.php\/urun\/sporda-hizmet-kalitesi-ile-agizdan-agiza-ve-viral-pazarlama-etkilesimi\/"},"modified":"2026-04-16T02:44:45","modified_gmt":"2026-04-15T23:44:45","slug":"sporda-hizmet-kalitesi-ile-agizdan-agiza-ve-viral-pazarlama-etkilesimi","status":"publish","type":"product","link":"https:\/\/roveyayinevi.com.tr\/index.php\/urun\/sporda-hizmet-kalitesi-ile-agizdan-agiza-ve-viral-pazarlama-etkilesimi\/","title":{"rendered":"Sporda Hizmet Kalitesi \u0130le A\u011f\u0131zdan A\u011f\u0131za ve Viral Pazarlama Etkile\u015fimi"},"content":{"rendered":"<p>1.      B\u00d6L\u00dcM \u2013 G\u0130R\u0130\u015e 2.      B\u00d6L\u00dcM &#8211;  KURAMSAL \u00c7ER\u00c7EVE VE \u0130LG\u0130L\u0130 ARA\u015eTIRMALAR 3.      B\u00d6L\u00dcM \u2013 Y\u00d6NTEM 4.      B\u00d6L\u00dcM &#8211; BULGULAR VE YORUM 5.      B\u00d6L\u00dcM &#8211; SONU\u00c7, TARTI\u015eMA VE \u00d6NER\u0130LER <\/p>\n","protected":false},"excerpt":{"rendered":"<p>1. B\u00d6L\u00dcM \u2013 G\u0130R\u0130\u015e 2. B\u00d6L\u00dcM &#8211; KURAMSAL \u00c7ER\u00c7EVE VE \u0130LG\u0130L\u0130 ARA\u015eTIRMALAR 3. B\u00d6L\u00dcM \u2013 Y\u00d6NTEM 4. B\u00d6L\u00dcM &#8211; BULGULAR VE YORUM 5. B\u00d6L\u00dcM &#8211; SONU\u00c7,<span class=\"excerpt-hellip\"> [\u2026]<\/span><\/p>\n","protected":false},"featured_media":0,"template":"","meta":{"_monsterinsights_skip_tracking":false,"_monsterinsights_sitenote_active":false,"_monsterinsights_sitenote_note":"","_monsterinsights_sitenote_category":0},"product_brand":[],"product_cat":[15563,15564],"product_tag":[],"class_list":{"0":"post-736048","1":"product","2":"type-product","3":"status-publish","5":"product_cat-hobi","6":"product_cat-spor","7":"pa_cilt-ciltsiz","8":"pa_tur-kitap","9":"pa_yayinevi-gazi-kitabevi","10":"pa_yazar-ahmet-yavuz-karanfil","12":"first","13":"instock","14":"sale","15":"shipping-taxable","16":"purchasable","17":"product-type-simple"},"_links":{"self":[{"href":"https:\/\/roveyayinevi.com.tr\/index.php\/wp-json\/wp\/v2\/product\/736048","targetHints":{"allow":["GET"]}}],"collection":[{"href":"https:\/\/roveyayinevi.com.tr\/index.php\/wp-json\/wp\/v2\/product"}],"about":[{"href":"https:\/\/roveyayinevi.com.tr\/index.php\/wp-json\/wp\/v2\/types\/product"}],"wp:attachment":[{"href":"https:\/\/roveyayinevi.com.tr\/index.php\/wp-json\/wp\/v2\/media?parent=736048"}],"wp:term":[{"taxonomy":"product_brand","embeddable":true,"href":"https:\/\/roveyayinevi.com.tr\/index.php\/wp-json\/wp\/v2\/product_brand?post=736048"},{"taxonomy":"product_cat","embeddable":true,"href":"https:\/\/roveyayinevi.com.tr\/index.php\/wp-json\/wp\/v2\/product_cat?post=736048"},{"taxonomy":"product_tag","embeddable":true,"href":"https:\/\/roveyayinevi.com.tr\/index.php\/wp-json\/wp\/v2\/product_tag?post=736048"}],"curies":[{"name":"wp","href":"https:\/\/api.w.org\/{rel}","templated":true}]}}