{"id":736044,"date":"2025-08-27T22:59:53","date_gmt":"2025-08-27T19:59:53","guid":{"rendered":"https:\/\/roveyayinevi.com.tr\/index.php\/urun\/pandemi-surecinde-muhasebe-ve-finans\/"},"modified":"2026-04-16T02:44:44","modified_gmt":"2026-04-15T23:44:44","slug":"pandemi-surecinde-muhasebe-ve-finans","status":"publish","type":"product","link":"https:\/\/roveyayinevi.com.tr\/index.php\/urun\/pandemi-surecinde-muhasebe-ve-finans\/","title":{"rendered":"Pandemi S\u00fcrecinde Muhasebe ve Finans"},"content":{"rendered":"<p>1.      B\u00d6L\u00dcM \u2013 COVID-19 SALGINININ BORSA ISTANBUL \u201cE\u011e\u0130T\u0130M, SA\u011eLIK, SPOR VE D\u0130\u011eER SOSYAL H\u0130ZMETLER\u201d SEKT\u00d6R\u00dc \u0130\u015eLETMELER\u0130 F\u0130NANSAL RAPORLARI, BA\u011eIMSIZ DENET\u00c7\u0130 RAPORLARI VE FAAL\u0130YET RAPORLARI \u00dcZER\u0130NDEK\u0130 ETK\u0130S\u0130N\u0130N B\u00dcT\u00dcNC\u00dcL B\u0130R YAKLA\u015eIMLA \u0130NCELENMES\u0130 2.      B\u00d6L\u00dcM \u2013 COVID-19 PANDEM\u0130 S\u00dcREC\u0130N\u0130N F\u0130NANSAL RAPORLAR \u00dcZER\u0130NDEK\u0130 ETK\u0130LER\u0130: B\u0130ST \u015e\u0130RKETLER\u0130 \u00dcZER\u0130NE SEKT\u00d6REL B\u0130R DE\u011eERLEND\u0130RME 3.      B\u00d6L\u00dcM \u2013 B\u0130ST TOPTAN VE PERAKENDE T\u0130CARET SEKT\u00d6R\u00dcNDEK\u0130 \u015e\u0130RKETLER\u0130N PANDEM\u0130 S\u00dcREC\u0130NDE D\u00dcZENLENEN BA\u011eIMSIZ DENET\u0130M RAPORLARINDAK\u0130 K\u0130L\u0130T DENET\u0130M KONULARI 4.      B\u00d6L\u00dcM \u2013 COVID-19 PANDEM\u0130S\u0130N\u0130N TUR\u0130ZM SEKT\u00d6R\u00dcNE ETK\u0130LER\u0130: BIST\u2019 DE YER ALAN \u015e\u0130RKETLER\u0130N MAL\u0130 TABLOLARININ ORAN ANAL\u0130Z\u0130 Y\u00d6NTEM\u0130YLE \u0130NCELENMES\u0130     5.      B\u00d6L\u00dcM \u2013 COVID-19 SALGINININ B\u0130ST K\u0130MYA, \u0130LA\u00c7, PETROL VE , PLAST\u0130K \u00dcR\u00dcNLER \u0130MALATI SEKT\u00d6R\u00dcN\u00dcN KARLILI\u011eI \u00dcZER\u0130NDEK\u0130 ETK\u0130S\u0130 6.      B\u00d6L\u00dcM \u2013 ERTELENM\u0130\u015e VERG\u0130 VARLIKLARININ B\u0130ST 100 ENDEKS\u0130NDEK\u0130 \u0130\u015eLETMELER\u0130N 2020 YILINA A\u0130T F\u0130NANSAL TABLO D\u0130PNOTLARI VE BA\u011eIMSIZ DENET\u0130M RAPORLARI KAPSAMINDA \u0130NCELENMES\u0130 7.      B\u00d6L\u00dcM \u2013 COVID-19 VE GE\u00c7M\u0130\u015e NEGAT\u0130F GEL\u0130\u015eMELER\u0130N B\u0130ST 100 \u00dcZER\u0130NDEK\u0130 ETK\u0130LER\u0130N\u0130N KAR\u015eILA\u015eTIRILMASI 8.      B\u00d6L\u00dcM \u2013 PANDEM\u0130 (COVID-19) S\u00dcREC\u0130NDE KAMU BANKALARI TARAFINDAN VER\u0130LEN KRED\u0130LER\u0130N BANKA H\u0130SSE SENED\u0130 GET\u0130R\u0130LER\u0130NE ETK\u0130S\u0130 9.      B\u00d6L\u00dcM \u2013 COVID 19 S\u00dcREC\u0130NDE BANKACILIK \u0130\u015eLEMLER\u0130 10.  B\u00d6L\u00dcM \u2013 T\u00dcRK BANKACILIK SEKT\u00d6R\u00dcNDE \u00c7EVRESEL VE SOSYAL S\u00dcRD\u00dcR\u00dcLEB\u0130L\u0130RL\u0130\u011e\u0130N MUHASEBELE\u015eT\u0130R\u0130LMES\u0130 11.  B\u00d6L\u00dcM \u2013 COVID-19 VE S\u00dcRD\u00dcR\u00dcLEB\u0130L\u0130RL\u0130K ENDEKSLER\u0130 12.  B\u00d6L\u00dcM \u2013 \u015eEREF\u0130YE VE \u015eEREF\u0130YE DE\u011eER D\u00dc\u015e\u00dcKL\u00dc\u011e\u00dc\u2019N\u00dcN COVID-19 S\u00dcREC\u0130NDE NAK\u0130T VARLIKLAR \u00dcZER\u0130NDEK\u0130 ETK\u0130S\u0130 13.  B\u00d6L\u00dcM \u2013 COVID-19 D\u00d6NEM\u0130NDE KARAR ALMA S\u00dcRE\u00c7LER\u0130NDE MUHASEBE B\u0130LG\u0130 S\u0130STEM\u0130N\u0130N \u00d6NEM\u0130 14.  B\u00d6L\u00dcM \u2013 PANDEM\u0130 S\u00dcREC\u0130NDE MUHASEBE MESLE\u011e\u0130NDEK\u0130 GEL\u0130\u015eMELER VE D\u0130J\u0130TAL D\u00d6N\u00dc\u015e\u00dcM\u00dcN ETK\u0130S\u0130 15.  B\u00d6L\u00dcM \u2013 COVID-19 PANDEM\u0130 S\u00dcREC\u0130NDE MUHASEBE MESLEK MENSUPLARININ C\u0130NS\u0130YET VE MESLEK\u0130 DENEY\u0130M A\u00c7ISINDAN \u0130\u00c7 KONTROL S\u0130STEM\u0130NE ETK\u0130S\u0130: VAN \u0130L\u0130 \u00d6RNE\u011e\u0130 16.  B\u00d6L\u00dcM \u2013 PANDEM\u0130 S\u00dcREC\u0130NDE MUHASEBE MESLE\u011e\u0130N\u0130N ONL\u0130NE DE\u011e\u0130\u015e\u0130M\u0130 \u0130LE OLU\u015eAN YEN\u0130 V\u0130ZYONU VE PANDEM\u0130 \u0130LE MUHASEBE MESLEK MENSUPLARINI GELEN YEN\u0130 \u0130\u015eLER 17.  B\u00d6L\u00dcM \u2013 COVID-19 (KORONAV\u0130R\u00dcS) KAYGISININ MUHASEBE DERS BA\u015eARISINA ETK\u0130S\u0130 18.  B\u00d6L\u00dcM \u2013 KORONAV\u0130R\u00dcS SALGINI D\u00d6NEM\u0130NDE MUHASEBE DERS\u0130 ALAN \u00d6\u011eRENC\u0130LER\u0130N UZAKTAN E\u011e\u0130T\u0130ME \u0130L\u0130\u015eK\u0130N ALGILARININ \u00d6L\u00c7\u00dcLMES\u0130 19.  B\u00d6L\u00dcM \u2013 COVID-19 K\u0130L\u0130T DENET\u0130M KONULARINA ETK\u0130LER\u0130: BORSA \u0130STANBUL \u0130MALAT \u0130\u015eLETMELER\u0130N\u0130N DENET\u0130M RAPORLAR \u00dcZER\u0130NE B\u0130R ANAL\u0130Z <\/p>\n","protected":false},"excerpt":{"rendered":"<p>1. B\u00d6L\u00dcM \u2013 COVID-19 SALGINININ BORSA ISTANBUL \u201cE\u011e\u0130T\u0130M, SA\u011eLIK, SPOR VE D\u0130\u011eER SOSYAL H\u0130ZMETLER\u201d SEKT\u00d6R\u00dc \u0130\u015eLETMELER\u0130 F\u0130NANSAL RAPORLARI, BA\u011eIMSIZ DENET\u00c7\u0130 RAPORLARI VE FAAL\u0130YET RAPORLARI \u00dcZER\u0130NDEK\u0130 ETK\u0130S\u0130N\u0130N<span class=\"excerpt-hellip\"> [\u2026]<\/span><\/p>\n","protected":false},"featured_media":0,"template":"","meta":{"_monsterinsights_skip_tracking":false,"_monsterinsights_sitenote_active":false,"_monsterinsights_sitenote_note":"","_monsterinsights_sitenote_category":0},"product_brand":[],"product_cat":[13043,14381],"product_tag":[],"class_list":{"0":"post-736044","1":"product","2":"type-product","3":"status-publish","5":"product_cat-ekonomi","6":"product_cat-isletme-muhasebe-maliye","7":"pa_cilt-ciltsiz","8":"pa_tur-kitap","9":"pa_yayinevi-gazi-kitabevi","10":"pa_yazar-metehan-kucuker-ahmet-vecdi-can","12":"first","13":"instock","14":"sale","15":"shipping-taxable","16":"purchasable","17":"product-type-simple"},"_links":{"self":[{"href":"https:\/\/roveyayinevi.com.tr\/index.php\/wp-json\/wp\/v2\/product\/736044","targetHints":{"allow":["GET"]}}],"collection":[{"href":"https:\/\/roveyayinevi.com.tr\/index.php\/wp-json\/wp\/v2\/product"}],"about":[{"href":"https:\/\/roveyayinevi.com.tr\/index.php\/wp-json\/wp\/v2\/types\/product"}],"wp:attachment":[{"href":"https:\/\/roveyayinevi.com.tr\/index.php\/wp-json\/wp\/v2\/media?parent=736044"}],"wp:term":[{"taxonomy":"product_brand","embeddable":true,"href":"https:\/\/roveyayinevi.com.tr\/index.php\/wp-json\/wp\/v2\/product_brand?post=736044"},{"taxonomy":"product_cat","embeddable":true,"href":"https:\/\/roveyayinevi.com.tr\/index.php\/wp-json\/wp\/v2\/product_cat?post=736044"},{"taxonomy":"product_tag","embeddable":true,"href":"https:\/\/roveyayinevi.com.tr\/index.php\/wp-json\/wp\/v2\/product_tag?post=736044"}],"curies":[{"name":"wp","href":"https:\/\/api.w.org\/{rel}","templated":true}]}}