{"id":736042,"date":"2025-08-27T22:59:51","date_gmt":"2025-08-27T19:59:51","guid":{"rendered":"https:\/\/roveyayinevi.com.tr\/index.php\/urun\/maliyet-ve-yonetim-muhasebesinde-secme-konular\/"},"modified":"2026-04-16T02:44:44","modified_gmt":"2026-04-15T23:44:44","slug":"maliyet-ve-yonetim-muhasebesinde-secme-konular","status":"publish","type":"product","link":"https:\/\/roveyayinevi.com.tr\/index.php\/urun\/maliyet-ve-yonetim-muhasebesinde-secme-konular\/","title":{"rendered":"Maliyet ve Y\u00f6netim Muhasebesinde Se\u00e7me Konular"},"content":{"rendered":"<p>1.      B\u00d6L\u00dcM \u2013 Fiyatland\u0131rma Kararlar\u0131nda  Y\u00f6netim Muhasebesinin Etkinli\u011fi 2.      B\u00d6L\u00dcM \u2013 Ajan Tabanl\u0131 Modellemenin Y\u00f6netim Muhasebesi A\u00e7\u0131s\u0131ndan \u0130ncelenmesi 3.      B\u00d6L\u00dcM \u2013 Bir Y\u00f6netim Muhasebesi Tekni\u011fi \u2013 Verimlilik Muhasebesi 4.      B\u00d6L\u00dcM \u2013 Uluslararas\u0131la\u015fma S\u00fcrecinde Y\u00f6netim Muhasebesinin Rol\u00fc 5.      B\u00d6L\u00dcM \u2013 Sa\u011fl\u0131k \u0130\u015fletmelerinde Entelekt\u00fcel Sermaye Bile\u015fenlerinin Y\u00f6netim Muhasebesi Kapsam\u0131nda De\u011ferlendirilmesi 6.      B\u00d6L\u00dcM \u2013 Maliyet Yap\u0131\u015fkanl\u0131\u011f\u0131 ve Muhafazakar Muhasebe \u0130li\u015fkisi: Bist G\u0131da, \u0130\u00e7ecek ve T\u00fct\u00fcn Sekt\u00f6r\u00fcndeki \u0130malat \u0130\u015fletmelerinde Bir Uygulama 7.      B\u00d6L\u00dcM \u2013 Maliyet Performans\u0131n\u0131n \u00d6l\u00e7\u00fcm\u00fc \u0130\u00e7in G\u00f6reli Etkinlik Analizi: Havayolu Sekt\u00f6r\u00fcnde Veri Zarflama Analizi Uygulamas\u0131 8.      B\u00d6L\u00dcM \u2013 Stok De\u011ferleme Y\u00f6ntemlerinin Ger\u00e7e\u011fe Uygun De\u011fer A\u00e7\u0131s\u0131ndan De\u011ferlendirilmesi 9.      B\u00d6L\u00dcM \u2013 \u00d6zellik Tabanl\u0131 Maliyetleme 10.  B\u00d6L\u00dcM \u2013 Kaynak T\u00fcketim Muhasebesi 11.  B\u00d6L\u00dcM \u2013 Y\u00f6netim Muhasebesinde Otomasyona Do\u011fru: \u201c Smart Closing and Reporting\u201d \u2013 Ak\u0131ll\u0131 Kapan\u0131\u015f ve Raporlama <\/p>\n","protected":false},"excerpt":{"rendered":"<p>1. B\u00d6L\u00dcM \u2013 Fiyatland\u0131rma Kararlar\u0131nda Y\u00f6netim Muhasebesinin Etkinli\u011fi 2. B\u00d6L\u00dcM \u2013 Ajan Tabanl\u0131 Modellemenin Y\u00f6netim Muhasebesi A\u00e7\u0131s\u0131ndan \u0130ncelenmesi 3. B\u00d6L\u00dcM \u2013 Bir Y\u00f6netim Muhasebesi Tekni\u011fi \u2013<span class=\"excerpt-hellip\"> [\u2026]<\/span><\/p>\n","protected":false},"featured_media":0,"template":"","meta":{"_monsterinsights_skip_tracking":false,"_monsterinsights_sitenote_active":false,"_monsterinsights_sitenote_note":"","_monsterinsights_sitenote_category":0},"product_brand":[],"product_cat":[13043,14381],"product_tag":[],"class_list":{"0":"post-736042","1":"product","2":"type-product","3":"status-publish","5":"product_cat-ekonomi","6":"product_cat-isletme-muhasebe-maliye","7":"pa_cilt-ciltsiz","8":"pa_tur-kitap","9":"pa_yayinevi-gazi-kitabevi","10":"pa_yazar-metehan-kucuker-ahmet-vecdi-can","12":"first","13":"instock","14":"sale","15":"shipping-taxable","16":"purchasable","17":"product-type-simple"},"_links":{"self":[{"href":"https:\/\/roveyayinevi.com.tr\/index.php\/wp-json\/wp\/v2\/product\/736042","targetHints":{"allow":["GET"]}}],"collection":[{"href":"https:\/\/roveyayinevi.com.tr\/index.php\/wp-json\/wp\/v2\/product"}],"about":[{"href":"https:\/\/roveyayinevi.com.tr\/index.php\/wp-json\/wp\/v2\/types\/product"}],"wp:attachment":[{"href":"https:\/\/roveyayinevi.com.tr\/index.php\/wp-json\/wp\/v2\/media?parent=736042"}],"wp:term":[{"taxonomy":"product_brand","embeddable":true,"href":"https:\/\/roveyayinevi.com.tr\/index.php\/wp-json\/wp\/v2\/product_brand?post=736042"},{"taxonomy":"product_cat","embeddable":true,"href":"https:\/\/roveyayinevi.com.tr\/index.php\/wp-json\/wp\/v2\/product_cat?post=736042"},{"taxonomy":"product_tag","embeddable":true,"href":"https:\/\/roveyayinevi.com.tr\/index.php\/wp-json\/wp\/v2\/product_tag?post=736042"}],"curies":[{"name":"wp","href":"https:\/\/api.w.org\/{rel}","templated":true}]}}