{"id":736041,"date":"2025-08-27T22:59:51","date_gmt":"2025-08-27T19:59:51","guid":{"rendered":"https:\/\/roveyayinevi.com.tr\/index.php\/urun\/isletmeler-icin-stratejik-yonetim-eksenli-rekabet-gucu-analizi\/"},"modified":"2026-04-16T02:44:44","modified_gmt":"2026-04-15T23:44:44","slug":"isletmeler-icin-stratejik-yonetim-eksenli-rekabet-gucu-analizi","status":"publish","type":"product","link":"https:\/\/roveyayinevi.com.tr\/index.php\/urun\/isletmeler-icin-stratejik-yonetim-eksenli-rekabet-gucu-analizi\/","title":{"rendered":"\u0130\u015fletmeler \u0130\u00e7in Stratejik Y\u00f6netim Eksenli Rekabet G\u00fcc\u00fc Analizi"},"content":{"rendered":"<p>1.      B\u00d6L\u00dcM \u2013 \u00c7al\u0131\u015fmayla \u0130lgili Genel A\u00e7\u0131klamalar 2.      B\u00d6L\u00dcM \u2013 Stratejik Y\u00f6netim 3.      B\u00d6L\u00dcM \u2013 Rekabet G\u00fcc\u00fcn\u00fcn Kavramsal \u00c7er\u00e7evesi 4.      B\u00d6L\u00dcM \u2013 Rekabet G\u00fcc\u00fc Analizi 5.      B\u00d6L\u00dcM \u2013 Rekabet G\u00fcc\u00fc Analizinde Yararlan\u0131lan Muhasebe Bilgileri <\/p>\n","protected":false},"excerpt":{"rendered":"<p>1. B\u00d6L\u00dcM \u2013 \u00c7al\u0131\u015fmayla \u0130lgili Genel A\u00e7\u0131klamalar 2. B\u00d6L\u00dcM \u2013 Stratejik Y\u00f6netim 3. B\u00d6L\u00dcM \u2013 Rekabet G\u00fcc\u00fcn\u00fcn Kavramsal \u00c7er\u00e7evesi 4. B\u00d6L\u00dcM \u2013 Rekabet G\u00fcc\u00fc Analizi 5.<span class=\"excerpt-hellip\"> [\u2026]<\/span><\/p>\n","protected":false},"featured_media":0,"template":"","meta":{"_monsterinsights_skip_tracking":false,"_monsterinsights_sitenote_active":false,"_monsterinsights_sitenote_note":"","_monsterinsights_sitenote_category":0},"product_brand":[],"product_cat":[13043,14381],"product_tag":[],"class_list":{"0":"post-736041","1":"product","2":"type-product","3":"status-publish","5":"product_cat-ekonomi","6":"product_cat-isletme-muhasebe-maliye","7":"pa_cilt-ciltsiz","8":"pa_tur-kitap","9":"pa_yayinevi-gazi-kitabevi","10":"pa_yazar-mehmet-gol","12":"first","13":"instock","14":"sale","15":"shipping-taxable","16":"purchasable","17":"product-type-simple"},"_links":{"self":[{"href":"https:\/\/roveyayinevi.com.tr\/index.php\/wp-json\/wp\/v2\/product\/736041","targetHints":{"allow":["GET"]}}],"collection":[{"href":"https:\/\/roveyayinevi.com.tr\/index.php\/wp-json\/wp\/v2\/product"}],"about":[{"href":"https:\/\/roveyayinevi.com.tr\/index.php\/wp-json\/wp\/v2\/types\/product"}],"wp:attachment":[{"href":"https:\/\/roveyayinevi.com.tr\/index.php\/wp-json\/wp\/v2\/media?parent=736041"}],"wp:term":[{"taxonomy":"product_brand","embeddable":true,"href":"https:\/\/roveyayinevi.com.tr\/index.php\/wp-json\/wp\/v2\/product_brand?post=736041"},{"taxonomy":"product_cat","embeddable":true,"href":"https:\/\/roveyayinevi.com.tr\/index.php\/wp-json\/wp\/v2\/product_cat?post=736041"},{"taxonomy":"product_tag","embeddable":true,"href":"https:\/\/roveyayinevi.com.tr\/index.php\/wp-json\/wp\/v2\/product_tag?post=736041"}],"curies":[{"name":"wp","href":"https:\/\/api.w.org\/{rel}","templated":true}]}}