{"id":736040,"date":"2025-08-27T22:59:50","date_gmt":"2025-08-27T19:59:50","guid":{"rendered":"https:\/\/roveyayinevi.com.tr\/index.php\/urun\/isletme-fonksiyonlari-ile-donusumun-yeni-adi-endustri-4-0\/"},"modified":"2026-04-16T02:44:44","modified_gmt":"2026-04-15T23:44:44","slug":"isletme-fonksiyonlari-ile-donusumun-yeni-adi-endustri-4-0","status":"publish","type":"product","link":"https:\/\/roveyayinevi.com.tr\/index.php\/urun\/isletme-fonksiyonlari-ile-donusumun-yeni-adi-endustri-4-0\/","title":{"rendered":"\u0130\u015fletme Fonksiyonlar\u0131 ile D\u00f6n\u00fc\u015f\u00fcm\u00fcn Yeni Ad\u0131 &#8211; End\u00fcstri 4.0"},"content":{"rendered":"<p>1.      B\u00d6L\u00dcM \u2013 TAR\u0130H\u0130N DER\u0130NL\u0130KLER\u0130NDEN G\u00dcN\u00dcM\u00dcZE END\u00dcSTR\u0130 4.0 VE B\u0130LE\u015eENLER\u0130 2.      B\u00d6L\u00dcM &#8211; \u0130\u015eLETMELERDE Z\u0130H\u0130NSEL VE K\u00dcLT\u00dcREL D\u00d6N\u00dc\u015e\u00dcM 3.      B\u00d6L\u00dcM &#8211; END\u00dcSTR\u0130 4.0 \u00c7A\u011eINDA \u0130NSAN KAYNAKLARI Y\u00d6NET\u0130M\u0130 4.      B\u00d6L\u00dcM &#8211; PAZARLAMA 5.0: TEKNOLOJ\u0130-\u0130NSAN UYUMU \u0130LE DE\u011eER YARATMA 5.      B\u00d6L\u00dcM \u2013 END\u00dcSTR\u0130 4.0 B\u0130LE\u015eENLER\u0130N\u0130N \u00dcRET\u0130M Y\u00d6NET\u0130M\u0130 \u00dcZER\u0130NDEK\u0130 ETK\u0130LER\u0130 6.      B\u00d6L\u00dcM \u2013 KURUMSAL RAPORLAMANIN D\u0130J\u0130TAL D\u00d6N\u00dc\u015e\u00dcM\u00dcNDE 3B ETK\u0130S\u0130: BLOKZ\u0130NC\u0130R, BULUT B\u0130L\u0130\u015e\u0130M, B\u00dcY\u00dcK VER\u0130 7.      B\u00d6L\u00dcM \u2013 F\u0130NANSAL TABANA YAYILMA VE P\u0130YASALARIN GEL\u0130\u015e\u0130M\u0130 BA\u011eLAMINDA F\u0130NANSIN D\u0130J\u0130TALLE\u015eMES\u0130 <\/p>\n","protected":false},"excerpt":{"rendered":"<p>1. B\u00d6L\u00dcM \u2013 TAR\u0130H\u0130N DER\u0130NL\u0130KLER\u0130NDEN G\u00dcN\u00dcM\u00dcZE END\u00dcSTR\u0130 4.0 VE B\u0130LE\u015eENLER\u0130 2. B\u00d6L\u00dcM &#8211; \u0130\u015eLETMELERDE Z\u0130H\u0130NSEL VE K\u00dcLT\u00dcREL D\u00d6N\u00dc\u015e\u00dcM 3. B\u00d6L\u00dcM &#8211; END\u00dcSTR\u0130 4.0 \u00c7A\u011eINDA \u0130NSAN KAYNAKLARI<span class=\"excerpt-hellip\"> [\u2026]<\/span><\/p>\n","protected":false},"featured_media":0,"template":"","meta":{"_monsterinsights_skip_tracking":false,"_monsterinsights_sitenote_active":false,"_monsterinsights_sitenote_note":"","_monsterinsights_sitenote_category":0},"product_brand":[],"product_cat":[13043,14381],"product_tag":[],"class_list":{"0":"post-736040","1":"product","2":"type-product","3":"status-publish","5":"product_cat-ekonomi","6":"product_cat-isletme-muhasebe-maliye","7":"pa_cilt-ciltsiz","8":"pa_tur-kitap","9":"pa_yayinevi-gazi-kitabevi","10":"pa_yazar-zafer-aykanat","12":"first","13":"instock","14":"sale","15":"shipping-taxable","16":"purchasable","17":"product-type-simple"},"_links":{"self":[{"href":"https:\/\/roveyayinevi.com.tr\/index.php\/wp-json\/wp\/v2\/product\/736040","targetHints":{"allow":["GET"]}}],"collection":[{"href":"https:\/\/roveyayinevi.com.tr\/index.php\/wp-json\/wp\/v2\/product"}],"about":[{"href":"https:\/\/roveyayinevi.com.tr\/index.php\/wp-json\/wp\/v2\/types\/product"}],"wp:attachment":[{"href":"https:\/\/roveyayinevi.com.tr\/index.php\/wp-json\/wp\/v2\/media?parent=736040"}],"wp:term":[{"taxonomy":"product_brand","embeddable":true,"href":"https:\/\/roveyayinevi.com.tr\/index.php\/wp-json\/wp\/v2\/product_brand?post=736040"},{"taxonomy":"product_cat","embeddable":true,"href":"https:\/\/roveyayinevi.com.tr\/index.php\/wp-json\/wp\/v2\/product_cat?post=736040"},{"taxonomy":"product_tag","embeddable":true,"href":"https:\/\/roveyayinevi.com.tr\/index.php\/wp-json\/wp\/v2\/product_tag?post=736040"}],"curies":[{"name":"wp","href":"https:\/\/api.w.org\/{rel}","templated":true}]}}