{"id":736039,"date":"2025-08-27T22:59:49","date_gmt":"2025-08-27T19:59:49","guid":{"rendered":"https:\/\/roveyayinevi.com.tr\/index.php\/urun\/guvenligin-degisen-yuzu-temel-yaklasimlardan-guncel-uygulamalara\/"},"modified":"2026-04-16T02:44:44","modified_gmt":"2026-04-15T23:44:44","slug":"guvenligin-degisen-yuzu-temel-yaklasimlardan-guncel-uygulamalara","status":"publish","type":"product","link":"https:\/\/roveyayinevi.com.tr\/index.php\/urun\/guvenligin-degisen-yuzu-temel-yaklasimlardan-guncel-uygulamalara\/","title":{"rendered":"G\u00fcvenli\u011fin De\u011fi\u015fen Y\u00fcz\u00fc &#8211; Temel Yakla\u015f\u0131mlardan G\u00fcncel Uygulamalara"},"content":{"rendered":"<p>\u0130\u00e7indekiler   1.      B\u00d6L\u00dcM &#8211; ULUSLARARASI G\u00dcVENL\u0130K \u00c7ALI\u015eMALARI: KAVRAMSAL \u00c7ER\u00c7EVE 2.      B\u00d6L\u00dcM &#8211; K\u00dcRESEL G\u00dc\u00c7 M\u00dcCADELES\u0130NDE N\u00dcKLEER S\u0130LAHLARIN YER\u0130 VE \u00d6NEM\u0130 3.      B\u00d6L\u00dcM &#8211; B\u0130R K\u0130TLE \u0130MHA S\u0130LAHI OLARAK N\u00dcKLEER S\u0130LAHLAR: \u0130RAN\u2019IN N\u00dcKLEER PROGRAMI \u00dcZER\u0130NE OKUMA 4.      B\u00d6L\u00dcM &#8211; AVRUPA B\u0130RL\u0130\u011e\u0130\u00b4N\u0130N G\u00dcVENL\u0130K VE SAVUNMA POL\u0130T\u0130KASI I\u015eI\u011eINDA DA\u0130M\u0130 YAPILANDIRILMI\u015e \u0130\u015eB\u0130RL\u0130\u011e\u0130 5.      B\u00d6L\u00dcM &#8211; \u0130NSAN\u0130 G\u00dcVENL\u0130K A\u00c7ISINDAN T\u00dcRK\u0130YE-YUNAN\u0130STAN ARASINDA M\u00dcLTEC\u0130LER SORUNU (2000-2014) 6.      B\u00d6L\u00dcM &#8211; ULUSLARARASI G\u00dcVENL\u0130K \u00c7ALI\u015eMALARINDA \u0130\u00c7 SAVA\u015e, TEMS\u0130L\u0130 SAVA\u015e VE MELEZ SAVA\u015e: SUR\u0130YE \u00d6RNE\u011e\u0130 7.      B\u00d6L\u00dcM &#8211; YAPAY ZEK\u00c2 TEKNOLOJ\u0130LER\u0130N\u0130N ULUSLARARASI G\u00dcVENL\u0130\u011eE ETK\u0130LER\u0130 VE YANSIMALARI 8.      B\u00d6L\u00dcM &#8211; T\u00dcRK\u0130YE\u2019N\u0130N S\u0130BER G\u00dcVENL\u0130K STRATEJ\u0130LER\u0130N\u0130N ANAL\u0130Z\u0130 9.      B\u00d6L\u00dcM &#8211; YE\u015e\u0130L TEOR\u0130 \u0130LE B\u0130YOG\u00dcVENL\u0130K \u0130L\u0130\u015eK\u0130S\u0130N\u0130N N\u0130L NEHR\u0130\u2019N\u0130N KULLANIMI \u00dcZER\u0130NDEN \u0130NCELENMES\u0130 10.  B\u00d6L\u00dcM &#8211; ULUSLARARASI SA\u011eLIK G\u00dcVENL\u0130\u011e\u0130: SA\u011eLIK \u00d6RG\u00dcT\u00dc\u2019NDEN D\u00dcNYA SA\u011eLIK \u00d6RG\u00dcT\u00dc\u2019NE <\/p>\n","protected":false},"excerpt":{"rendered":"<p>\u0130\u00e7indekiler 1. B\u00d6L\u00dcM &#8211; ULUSLARARASI G\u00dcVENL\u0130K \u00c7ALI\u015eMALARI: KAVRAMSAL \u00c7ER\u00c7EVE 2. B\u00d6L\u00dcM &#8211; K\u00dcRESEL G\u00dc\u00c7 M\u00dcCADELES\u0130NDE N\u00dcKLEER S\u0130LAHLARIN YER\u0130 VE \u00d6NEM\u0130 3. B\u00d6L\u00dcM &#8211; B\u0130R K\u0130TLE \u0130MHA<span class=\"excerpt-hellip\"> [\u2026]<\/span><\/p>\n","protected":false},"featured_media":0,"template":"","meta":{"_monsterinsights_skip_tracking":false,"_monsterinsights_sitenote_active":false,"_monsterinsights_sitenote_note":"","_monsterinsights_sitenote_category":0},"product_brand":[],"product_cat":[12337,17225],"product_tag":[],"class_list":{"0":"post-736039","1":"product","2":"type-product","3":"status-publish","5":"product_cat-politika-siyaset","6":"product_cat-uluslararasi-iliskiler","7":"pa_cilt-ciltsiz","8":"pa_tur-kitap","9":"pa_yayinevi-gazi-kitabevi","10":"pa_yazar-sibel-turan-tolga-erdem","12":"first","13":"instock","14":"sale","15":"shipping-taxable","16":"purchasable","17":"product-type-simple"},"_links":{"self":[{"href":"https:\/\/roveyayinevi.com.tr\/index.php\/wp-json\/wp\/v2\/product\/736039","targetHints":{"allow":["GET"]}}],"collection":[{"href":"https:\/\/roveyayinevi.com.tr\/index.php\/wp-json\/wp\/v2\/product"}],"about":[{"href":"https:\/\/roveyayinevi.com.tr\/index.php\/wp-json\/wp\/v2\/types\/product"}],"wp:attachment":[{"href":"https:\/\/roveyayinevi.com.tr\/index.php\/wp-json\/wp\/v2\/media?parent=736039"}],"wp:term":[{"taxonomy":"product_brand","embeddable":true,"href":"https:\/\/roveyayinevi.com.tr\/index.php\/wp-json\/wp\/v2\/product_brand?post=736039"},{"taxonomy":"product_cat","embeddable":true,"href":"https:\/\/roveyayinevi.com.tr\/index.php\/wp-json\/wp\/v2\/product_cat?post=736039"},{"taxonomy":"product_tag","embeddable":true,"href":"https:\/\/roveyayinevi.com.tr\/index.php\/wp-json\/wp\/v2\/product_tag?post=736039"}],"curies":[{"name":"wp","href":"https:\/\/api.w.org\/{rel}","templated":true}]}}