{"id":736038,"date":"2025-08-27T22:59:48","date_gmt":"2025-08-27T19:59:48","guid":{"rendered":"https:\/\/roveyayinevi.com.tr\/index.php\/urun\/futbolcularda-sportif-zihinsel-dayaniklilik-ve-kondisyonel-ozellikler\/"},"modified":"2026-04-16T02:44:44","modified_gmt":"2026-04-15T23:44:44","slug":"futbolcularda-sportif-zihinsel-dayaniklilik-ve-kondisyonel-ozellikler","status":"publish","type":"product","link":"https:\/\/roveyayinevi.com.tr\/index.php\/urun\/futbolcularda-sportif-zihinsel-dayaniklilik-ve-kondisyonel-ozellikler\/","title":{"rendered":"Futbolcularda Sportif Zihinsel Dayan\u0131kl\u0131l\u0131k ve Kondisyonel \u00d6zellikler"},"content":{"rendered":"<p>1.      G\u0130R\u0130\u015e 1.1.   Problem Durum 1.2.   Problem C\u00fcmlesi 1.3.   Ara\u015ft\u0131rman\u0131n Amac\u0131 1.4.   Ara\u015ft\u0131rman\u0131n \u00d6nemi 1.5.   S\u0131n\u0131rl\u0131l\u0131klar 2.      KURAMSAL \u00c7ER\u00c7EVE VE \u0130LG\u0130L\u0130 ARA\u015eTIRMALAR 2.1.   Kuramsal \u00c7er\u00e7eve 2.2.   \u0130lgili Ara\u015ft\u0131rmalar 3.      Y\u00d6NTEM 3.1.   Ara\u015ft\u0131rman\u0131n Modeli 3.2.   \u00c7al\u0131\u015fma Grubu 3.3.   Veri Toplama Ara\u00e7lar\u0131 3.4.   Verilerin Analizi 4.      BULGULAR VE YORUM 5.      SONU\u00c7, TARTI\u015eMA VE \u00d6NER\u0130LER 5.1.   Sonu\u00e7 ve Tart\u0131\u015fma 5.2.   \u00d6neriler <\/p>\n","protected":false},"excerpt":{"rendered":"<p>1. G\u0130R\u0130\u015e 1.1. Problem Durum 1.2. Problem C\u00fcmlesi 1.3. Ara\u015ft\u0131rman\u0131n Amac\u0131 1.4. Ara\u015ft\u0131rman\u0131n \u00d6nemi 1.5. S\u0131n\u0131rl\u0131l\u0131klar 2. KURAMSAL \u00c7ER\u00c7EVE VE \u0130LG\u0130L\u0130 ARA\u015eTIRMALAR 2.1. Kuramsal \u00c7er\u00e7eve 2.2.<span class=\"excerpt-hellip\"> [\u2026]<\/span><\/p>\n","protected":false},"featured_media":0,"template":"","meta":{"_monsterinsights_skip_tracking":false,"_monsterinsights_sitenote_active":false,"_monsterinsights_sitenote_note":"","_monsterinsights_sitenote_category":0},"product_brand":[],"product_cat":[15563,15564],"product_tag":[],"class_list":{"0":"post-736038","1":"product","2":"type-product","3":"status-publish","5":"product_cat-hobi","6":"product_cat-spor","7":"pa_cilt-ciltsiz","8":"pa_tur-kitap","9":"pa_yayinevi-gazi-kitabevi","10":"pa_yazar-mehmet-tokgoz","12":"first","13":"instock","14":"sale","15":"shipping-taxable","16":"purchasable","17":"product-type-simple"},"_links":{"self":[{"href":"https:\/\/roveyayinevi.com.tr\/index.php\/wp-json\/wp\/v2\/product\/736038","targetHints":{"allow":["GET"]}}],"collection":[{"href":"https:\/\/roveyayinevi.com.tr\/index.php\/wp-json\/wp\/v2\/product"}],"about":[{"href":"https:\/\/roveyayinevi.com.tr\/index.php\/wp-json\/wp\/v2\/types\/product"}],"wp:attachment":[{"href":"https:\/\/roveyayinevi.com.tr\/index.php\/wp-json\/wp\/v2\/media?parent=736038"}],"wp:term":[{"taxonomy":"product_brand","embeddable":true,"href":"https:\/\/roveyayinevi.com.tr\/index.php\/wp-json\/wp\/v2\/product_brand?post=736038"},{"taxonomy":"product_cat","embeddable":true,"href":"https:\/\/roveyayinevi.com.tr\/index.php\/wp-json\/wp\/v2\/product_cat?post=736038"},{"taxonomy":"product_tag","embeddable":true,"href":"https:\/\/roveyayinevi.com.tr\/index.php\/wp-json\/wp\/v2\/product_tag?post=736038"}],"curies":[{"name":"wp","href":"https:\/\/api.w.org\/{rel}","templated":true}]}}