{"id":736037,"date":"2025-08-27T22:59:48","date_gmt":"2025-08-27T19:59:48","guid":{"rendered":"https:\/\/roveyayinevi.com.tr\/index.php\/urun\/finans-alaninda-guncel-yaklasimlar\/"},"modified":"2026-04-16T02:44:44","modified_gmt":"2026-04-15T23:44:44","slug":"finans-alaninda-guncel-yaklasimlar","status":"publish","type":"product","link":"https:\/\/roveyayinevi.com.tr\/index.php\/urun\/finans-alaninda-guncel-yaklasimlar\/","title":{"rendered":"Finans Alan\u0131nda G\u00fcncel Yakla\u015f\u0131mlar"},"content":{"rendered":"<p>1.      B\u00d6L\u00dcM \u2013 T\u00dcRK\u0130YE\u2019 DE F\u0130NANSAL GEL\u0130\u015eME VE EKONOM\u0130K B\u00dcY\u00dcME \u0130L\u0130\u015eK\u0130S\u0130N\u0130N SINIR TEST\u0130 YAKLA\u015eIMIYLA ANAL\u0130Z\u0130 2.      B\u00d6L\u00dcM \u2013 OPT\u0130M\u0130ZE ED\u0130LM\u0130\u015e MAK\u0130NE \u00d6\u011eRENMES\u0130 ALGOR\u0130TMALARI \u0130LE KRED\u0130 R\u0130SK TAHM\u0130N\u0130 3.      B\u00d6L\u00dcM \u2013 UYARLANAB\u0130L\u0130R S\u0130N\u0130RSEL BULANIK \u00c7IKARIM S\u0130STEM\u0130 \u0130LE PAR\u00c7ACIK S\u00dcR\u00dc OPT\u0130M\u0130ZASYONU KULLANARAK T\u00dcRK\u0130YE \u0130HRACATI TAHM\u0130N\u0130 4.      B\u00d6L\u00dcM \u2013 G\u00d6LGE BANKACILIK VE PARA POL\u0130T\u0130KASI \u0130L\u0130\u015eK\u0130S\u0130 5.      B\u00d6L\u00dcM \u2013 PORTF\u00d6Y TEOR\u0130S\u0130NE EKONOMETR\u0130K BAKI\u015e 6.      B\u00d6L\u00dcM \u2013 F\u0130NANSAL SA\u011eLAMLIK VE T\u00dcRK\u0130YE \u0130\u00c7\u0130N B\u0130R ENDEKS T\u00dcRETME \u00c7ABASI: 2000:Q4 \u0130LE 2021:14 ARASI D\u00d6NEM \u0130\u00c7\u0130N B\u0130R \u0130NCELEME 7.      B\u00d6L\u00dcM \u2013 B\u0130REYSEL YATIRIMCILARIN F\u0130NANSAL YATIRIM KARARLARINI ETK\u0130LEYEN DAVRANI\u015eSAL E\u011e\u0130L\u0130MLER   8.      B\u00d6L\u00dcM \u2013 K\u0130TLESEL FONLAMA   9.      B\u00d6L\u00dcM \u2013 ULUSLARARASI KURUMSAL Y\u00d6NET\u0130MDE S\u0130STEM VE MEKAN\u0130ZMALAR   10.  B\u00d6L\u00dcM \u2013 KR\u0130PTO PARA P\u0130YASASINDA S\u00dcR\u00dc E\u011e\u0130L\u0130M\u0130: L\u0130TERAT\u00dcR \u0130NCELEMES\u0130   11.  B\u00d6L\u00dcM \u2013 SERMAYE YAPISI KARARLARINDA ALTERNAT\u0130F B\u0130R F\u0130NANSMAN Y\u00d6NTEM\u0130 OLARAK MEZZANINE F\u0130NANSMAN   12.  B\u00d6L\u00dcM \u2013 T\u00dcRK BANKACILIK S\u0130STEM\u0130NDE \u015eUBE OPERASYON \u0130\u015eLEMLER\u0130 VE UYGULANMASINA Y\u00d6NEL\u0130K GENEL B\u0130R DE\u011eERLEND\u0130RME   13.  B\u00d6L\u00dcM \u2013 S\u00dcRD\u00dcR\u00dcLEB\u0130L\u0130R F\u0130NANSMAN   14.  B\u00d6L\u00dcM \u2013 \u015e\u0130RKET B\u0130RLE\u015eMELER\u0130   15.  B\u00d6L\u00dcM \u2013 \u0130\u015eLETMELER\u0130N F\u0130NANSAL Y\u00d6NDEN DE\u011eERLEND\u0130R\u0130LMES\u0130NDE ORAN ANAL\u0130Z\u0130 Y\u00d6NET\u0130M\u0130 <\/p>\n","protected":false},"excerpt":{"rendered":"<p>1. B\u00d6L\u00dcM \u2013 T\u00dcRK\u0130YE\u2019 DE F\u0130NANSAL GEL\u0130\u015eME VE EKONOM\u0130K B\u00dcY\u00dcME \u0130L\u0130\u015eK\u0130S\u0130N\u0130N SINIR TEST\u0130 YAKLA\u015eIMIYLA ANAL\u0130Z\u0130 2. B\u00d6L\u00dcM \u2013 OPT\u0130M\u0130ZE ED\u0130LM\u0130\u015e MAK\u0130NE \u00d6\u011eRENMES\u0130 ALGOR\u0130TMALARI \u0130LE KRED\u0130 R\u0130SK<span class=\"excerpt-hellip\"> [\u2026]<\/span><\/p>\n","protected":false},"featured_media":0,"template":"","meta":{"_monsterinsights_skip_tracking":false,"_monsterinsights_sitenote_active":false,"_monsterinsights_sitenote_note":"","_monsterinsights_sitenote_category":0},"product_brand":[],"product_cat":[13043,14381],"product_tag":[],"class_list":{"0":"post-736037","1":"product","2":"type-product","3":"status-publish","5":"product_cat-ekonomi","6":"product_cat-isletme-muhasebe-maliye","7":"pa_cilt-ciltsiz","8":"pa_tur-kitap","9":"pa_yayinevi-gazi-kitabevi","10":"pa_yazar-gazi-kitabevi-kolektif","12":"first","13":"instock","14":"sale","15":"shipping-taxable","16":"purchasable","17":"product-type-simple"},"_links":{"self":[{"href":"https:\/\/roveyayinevi.com.tr\/index.php\/wp-json\/wp\/v2\/product\/736037","targetHints":{"allow":["GET"]}}],"collection":[{"href":"https:\/\/roveyayinevi.com.tr\/index.php\/wp-json\/wp\/v2\/product"}],"about":[{"href":"https:\/\/roveyayinevi.com.tr\/index.php\/wp-json\/wp\/v2\/types\/product"}],"wp:attachment":[{"href":"https:\/\/roveyayinevi.com.tr\/index.php\/wp-json\/wp\/v2\/media?parent=736037"}],"wp:term":[{"taxonomy":"product_brand","embeddable":true,"href":"https:\/\/roveyayinevi.com.tr\/index.php\/wp-json\/wp\/v2\/product_brand?post=736037"},{"taxonomy":"product_cat","embeddable":true,"href":"https:\/\/roveyayinevi.com.tr\/index.php\/wp-json\/wp\/v2\/product_cat?post=736037"},{"taxonomy":"product_tag","embeddable":true,"href":"https:\/\/roveyayinevi.com.tr\/index.php\/wp-json\/wp\/v2\/product_tag?post=736037"}],"curies":[{"name":"wp","href":"https:\/\/api.w.org\/{rel}","templated":true}]}}