{"id":736036,"date":"2025-08-27T22:59:47","date_gmt":"2025-08-27T19:59:47","guid":{"rendered":"https:\/\/roveyayinevi.com.tr\/index.php\/urun\/elektrikli-otomobiller-ve-devlet-tesvikleri\/"},"modified":"2026-04-16T02:44:44","modified_gmt":"2026-04-15T23:44:44","slug":"elektrikli-otomobiller-ve-devlet-tesvikleri","status":"publish","type":"product","link":"https:\/\/roveyayinevi.com.tr\/index.php\/urun\/elektrikli-otomobiller-ve-devlet-tesvikleri\/","title":{"rendered":"Elektrikli Otomobiller ve Devlet Te\u015fvikleri"},"content":{"rendered":"<p>1.      B\u00d6L\u00dcM \u2013 TE\u015eV\u0130KLERE Y\u00d6NEL\u0130K KAVRAMSAL \u00c7ER\u00c7EVE 2.      B\u00d6L\u00dcM \u2013 ELEKTR\u0130KL\u0130 OTOMOB\u0130LLERE Y\u00d6NEL\u0130K KAVRAMSAL \u00c7ER\u00c7EVE 3.      B\u00d6L\u00dcM \u2013 ELEKTR\u0130KL\u0130 OTOMOB\u0130LLERE UYGULANAN TE\u015eV\u0130K T\u00dcRLER\u0130 4.      B\u00d6L\u00dcM \u2013 ELEKTR\u0130KL\u0130 OTOMOB\u0130LLERE \u0130L\u0130\u015eK\u0130N G\u00d6STERGELER 5.      B\u00d6L\u00dcM \u2013 D\u00dcNYADA ELEKTR\u0130KL\u0130 OTOMOB\u0130LLERE \u0130L\u0130\u015eK\u0130N G\u0130R\u0130\u015e\u0130MLER 6.      B\u00d6L\u00dcM \u2013 D\u00dcNYADA ELEKTR\u0130KL\u0130 OTOMOB\u0130LLERE Y\u00d6NEL\u0130K TE\u015eV\u0130KLER: \u00dcLKE \u00d6RNEKLER\u0130 7.      B\u00d6L\u00dcM \u2013 T\u00dcRK\u0130YE\u2019 DE ELEKTR\u0130KL\u0130 OTOMOB\u0130LLERE Y\u00d6NEL\u0130K TE\u015eV\u0130KLER 8.      B\u00d6L\u00dcM \u2013 ELEKTR\u0130KL\u0130 OTOMOB\u0130LLER\u0130N TE\u015eV\u0130K ED\u0130LMES\u0130N\u0130 KONU ALAN ARA\u015eTIRMALAR 9.      B\u00d6L\u00dcM \u2013 \u0130STANBUL SAHA \u00c7ALI\u015eMASI  <\/p>\n","protected":false},"excerpt":{"rendered":"<p>1. B\u00d6L\u00dcM \u2013 TE\u015eV\u0130KLERE Y\u00d6NEL\u0130K KAVRAMSAL \u00c7ER\u00c7EVE 2. B\u00d6L\u00dcM \u2013 ELEKTR\u0130KL\u0130 OTOMOB\u0130LLERE Y\u00d6NEL\u0130K KAVRAMSAL \u00c7ER\u00c7EVE 3. B\u00d6L\u00dcM \u2013 ELEKTR\u0130KL\u0130 OTOMOB\u0130LLERE UYGULANAN TE\u015eV\u0130K T\u00dcRLER\u0130 4. B\u00d6L\u00dcM \u2013<span class=\"excerpt-hellip\"> [\u2026]<\/span><\/p>\n","protected":false},"featured_media":0,"template":"","meta":{"_monsterinsights_skip_tracking":false,"_monsterinsights_sitenote_active":false,"_monsterinsights_sitenote_note":"","_monsterinsights_sitenote_category":0},"product_brand":[],"product_cat":[20333,13043],"product_tag":[],"class_list":{"0":"post-736036","1":"product","2":"type-product","3":"status-publish","5":"product_cat-diger-ekonomi","6":"product_cat-ekonomi","7":"pa_cilt-ciltsiz","8":"pa_tur-kitap","9":"pa_yayinevi-gazi-kitabevi","10":"pa_yazar-gazi-kitabevi-kolektif","12":"first","13":"instock","14":"sale","15":"shipping-taxable","16":"purchasable","17":"product-type-simple"},"_links":{"self":[{"href":"https:\/\/roveyayinevi.com.tr\/index.php\/wp-json\/wp\/v2\/product\/736036","targetHints":{"allow":["GET"]}}],"collection":[{"href":"https:\/\/roveyayinevi.com.tr\/index.php\/wp-json\/wp\/v2\/product"}],"about":[{"href":"https:\/\/roveyayinevi.com.tr\/index.php\/wp-json\/wp\/v2\/types\/product"}],"wp:attachment":[{"href":"https:\/\/roveyayinevi.com.tr\/index.php\/wp-json\/wp\/v2\/media?parent=736036"}],"wp:term":[{"taxonomy":"product_brand","embeddable":true,"href":"https:\/\/roveyayinevi.com.tr\/index.php\/wp-json\/wp\/v2\/product_brand?post=736036"},{"taxonomy":"product_cat","embeddable":true,"href":"https:\/\/roveyayinevi.com.tr\/index.php\/wp-json\/wp\/v2\/product_cat?post=736036"},{"taxonomy":"product_tag","embeddable":true,"href":"https:\/\/roveyayinevi.com.tr\/index.php\/wp-json\/wp\/v2\/product_tag?post=736036"}],"curies":[{"name":"wp","href":"https:\/\/api.w.org\/{rel}","templated":true}]}}