{"id":736033,"date":"2025-08-27T22:59:43","date_gmt":"2025-08-27T19:59:43","guid":{"rendered":"https:\/\/roveyayinevi.com.tr\/index.php\/urun\/alpaka-kabarik\/"},"modified":"2026-04-16T02:44:44","modified_gmt":"2026-04-15T23:44:44","slug":"alpaka-kabarik","status":"publish","type":"product","link":"https:\/\/roveyayinevi.com.tr\/index.php\/urun\/alpaka-kabarik\/","title":{"rendered":"Alpaka Kabar\u0131k"},"content":{"rendered":"<p>Senin de ilk defa girdi\u011fin bir yerde yabanc\u0131l\u0131k \u00e7ekti\u011fin oldu mu? \u00dclkesinden ayr\u0131l\u0131p yeni ya\u015fayaca\u011f\u0131 \u00e7iftli\u011fe al\u0131\u015fmaya \u00e7al\u0131\u015fan Alpaka Kabar\u0131k\u2019\u0131 da hen\u00fcz kimse tan\u0131m\u0131yordu. Kabar\u0131k y\u00fcnlerinden tatl\u0131 tebess\u00fcm\u00fcn\u00fc kimse g\u00f6remese de; o, y\u00fcre\u011finde sevdiklerin i\u00e7in cesaret \u00e7i\u00e7ekleri a\u00e7an cesur bir dosttu. Bu masal\u0131n kapa\u011f\u0131 i\u00e7inizi \u0131s\u0131tacak s\u0131cac\u0131k bir dostlu\u011fa a\u00e7\u0131l\u0131yor. <\/p>\n","protected":false},"excerpt":{"rendered":"<p>Senin de ilk defa girdi\u011fin bir yerde yabanc\u0131l\u0131k \u00e7ekti\u011fin oldu mu? \u00dclkesinden ayr\u0131l\u0131p yeni ya\u015fayaca\u011f\u0131 \u00e7iftli\u011fe al\u0131\u015fmaya \u00e7al\u0131\u015fan Alpaka Kabar\u0131k\u2019\u0131 da hen\u00fcz kimse tan\u0131m\u0131yordu. Kabar\u0131k y\u00fcnlerinden<span class=\"excerpt-hellip\"> [\u2026]<\/span><\/p>\n","protected":false},"featured_media":0,"template":"","meta":{"_monsterinsights_skip_tracking":false,"_monsterinsights_sitenote_active":false,"_monsterinsights_sitenote_note":"","_monsterinsights_sitenote_category":0},"product_brand":[],"product_cat":[12274,12284],"product_tag":[],"class_list":{"0":"post-736033","1":"product","2":"type-product","3":"status-publish","5":"product_cat-cocuk-ve-genclik-kitaplari","6":"product_cat-hikayeler","7":"pa_cilt-ciltsiz","8":"pa_tur-kitap","9":"pa_yayinevi-nesil-cocuk-yayinlari","10":"pa_yazar-tugce-sifa-zorlu","12":"first","13":"instock","14":"sale","15":"shipping-taxable","16":"purchasable","17":"product-type-simple"},"_links":{"self":[{"href":"https:\/\/roveyayinevi.com.tr\/index.php\/wp-json\/wp\/v2\/product\/736033","targetHints":{"allow":["GET"]}}],"collection":[{"href":"https:\/\/roveyayinevi.com.tr\/index.php\/wp-json\/wp\/v2\/product"}],"about":[{"href":"https:\/\/roveyayinevi.com.tr\/index.php\/wp-json\/wp\/v2\/types\/product"}],"wp:attachment":[{"href":"https:\/\/roveyayinevi.com.tr\/index.php\/wp-json\/wp\/v2\/media?parent=736033"}],"wp:term":[{"taxonomy":"product_brand","embeddable":true,"href":"https:\/\/roveyayinevi.com.tr\/index.php\/wp-json\/wp\/v2\/product_brand?post=736033"},{"taxonomy":"product_cat","embeddable":true,"href":"https:\/\/roveyayinevi.com.tr\/index.php\/wp-json\/wp\/v2\/product_cat?post=736033"},{"taxonomy":"product_tag","embeddable":true,"href":"https:\/\/roveyayinevi.com.tr\/index.php\/wp-json\/wp\/v2\/product_tag?post=736033"}],"curies":[{"name":"wp","href":"https:\/\/api.w.org\/{rel}","templated":true}]}}