{"id":736029,"date":"2025-08-27T22:59:32","date_gmt":"2025-08-27T19:59:32","guid":{"rendered":"https:\/\/roveyayinevi.com.tr\/index.php\/urun\/suphenin-tarihi\/"},"modified":"2026-04-16T02:44:43","modified_gmt":"2026-04-15T23:44:43","slug":"suphenin-tarihi","status":"publish","type":"product","link":"https:\/\/roveyayinevi.com.tr\/index.php\/urun\/suphenin-tarihi\/","title":{"rendered":"\u015e\u00fcphenin Tarihi"},"content":{"rendered":"<p>D\u00dc\u015e\u00dcNCE D\u00dcNYAMIZDA \u201cDAHA FAZLASINI B\u0130LME\u201d KIVILCIMININ PARLADI\u011eI \u0130LK ANDAN BUG\u00dcNEFELSEFEN\u0130N \u00d6YK\u00dcS\u00dc \u0130nsan\u0131 di\u011fer t\u00fcrlerden ay\u0131ran en \u00f6nemli \u00f6zelli\u011fin d\u00fc\u015f\u00fcnme yetisi oldu\u011funu bilsek de bu meziyeti temel alan \u201cfelsefe\u201d kavram\u0131yla daima mesafeli bir ili\u015fkimiz olmu\u015ftur. Peki, esasen att\u0131\u011f\u0131m\u0131z her ad\u0131mda bir izi olan bu disiplini ara\u015ft\u0131rma ya da hayat\u0131m\u0131za uygulama gayretinden geri durmam\u0131za sebep nedir? D\u00fcnyay\u0131 De\u011fi\u015ftiren D\u00fc\u015f\u00fcn\u00fcrler adl\u0131 kapsaml\u0131 felsefe tarihi serisiyle tan\u0131d\u0131\u011f\u0131m\u0131z Sad\u0131k Usta, olabilecek en yal\u0131n dille insanl\u0131\u011f\u0131n d\u00fc\u015f\u00fcnce tarihini anlatmaya koyuldu\u011fu bu yeni seride akla tak\u0131lan t\u00fcm sorular\u0131 yan\u0131tl\u0131yor. Zihinde \u015f\u00fcphe k\u0131v\u0131lc\u0131mlar\u0131n\u0131n ilk beliri\u015finden bug\u00fcne, benzersiz bir \u00f6yk\u00fcy\u00fc kaleme al\u0131rken felsefe k\u00fcrs\u00fclerinin korkutucu dilinden fersah fersah uzakta durarak okurla m\u00fcthi\u015f bir sohbete koyuluyor. Kitab\u0131n sayfalar\u0131 aras\u0131nda kaybolmadan \u00f6nce, yazar\u0131n hepimizin bilmesini istedi\u011fi \u00f6nemli bir mesaj\u0131 var, b\u00fcy\u00fck bir zevkle iletiyoruz: Herkes felsefe \u00f6\u011frenebilir; herkes felsefeci ve hatta baz\u0131lar\u0131m\u0131z filozof da olabilir. Bunun i\u00e7in \u00e7ok \u015feye gerek yok; sadece sorgulamak, ara\u015ft\u0131rmak, merak etmek, derinlemesine okumak, mevcut durumu ele\u015ftirmek ve her anlat\u0131lana kanmamay\u0131 \u00f6\u011frenmek yeterlidir. Bu y\u00fczden bu kitap, en ba\u015fta gen\u00e7lere ve sonra da felsefeye ilgi duyan her ya\u015ftan insana y\u00f6nelik yaz\u0131lm\u0131\u015ft\u0131r. E\u011fer felsefenin g\u00fcnl\u00fck ya\u015famda ne i\u015fe yarad\u0131\u011f\u0131n\u0131 bilmek, felsefi-d\u00fc\u015f\u00fcnsel merak\u0131n\u0131z\u0131 gidermek, d\u00fc\u015f\u00fcnme y\u00f6nteminin yasalar\u0131n\u0131 kavramak istiyor ya da felsefe yapman\u0131n ne oldu\u011funu merak ediyorsan\u0131z bu kitap size g\u00f6redir.<\/p>\n","protected":false},"excerpt":{"rendered":"<p>D\u00dc\u015e\u00dcNCE D\u00dcNYAMIZDA \u201cDAHA FAZLASINI B\u0130LME\u201d KIVILCIMININ PARLADI\u011eI \u0130LK ANDAN BUG\u00dcNEFELSEFEN\u0130N \u00d6YK\u00dcS\u00dc \u0130nsan\u0131 di\u011fer t\u00fcrlerden ay\u0131ran en \u00f6nemli \u00f6zelli\u011fin d\u00fc\u015f\u00fcnme yetisi oldu\u011funu bilsek de bu meziyeti temel<span class=\"excerpt-hellip\"> [\u2026]<\/span><\/p>\n","protected":false},"featured_media":0,"template":"","meta":{"_monsterinsights_skip_tracking":false,"_monsterinsights_sitenote_active":false,"_monsterinsights_sitenote_note":"","_monsterinsights_sitenote_category":0},"product_brand":[],"product_cat":[12388,14717],"product_tag":[],"class_list":{"0":"post-736029","1":"product","2":"type-product","3":"status-publish","5":"product_cat-felsefe","6":"product_cat-felsefe-tarihi","7":"pa_cilt-ciltsiz","8":"pa_tur-kitap","9":"pa_yayinevi-kafka-yayinevi","10":"pa_yazar-sadik-usta","12":"first","13":"instock","14":"sale","15":"shipping-taxable","16":"purchasable","17":"product-type-simple"},"_links":{"self":[{"href":"https:\/\/roveyayinevi.com.tr\/index.php\/wp-json\/wp\/v2\/product\/736029","targetHints":{"allow":["GET"]}}],"collection":[{"href":"https:\/\/roveyayinevi.com.tr\/index.php\/wp-json\/wp\/v2\/product"}],"about":[{"href":"https:\/\/roveyayinevi.com.tr\/index.php\/wp-json\/wp\/v2\/types\/product"}],"wp:attachment":[{"href":"https:\/\/roveyayinevi.com.tr\/index.php\/wp-json\/wp\/v2\/media?parent=736029"}],"wp:term":[{"taxonomy":"product_brand","embeddable":true,"href":"https:\/\/roveyayinevi.com.tr\/index.php\/wp-json\/wp\/v2\/product_brand?post=736029"},{"taxonomy":"product_cat","embeddable":true,"href":"https:\/\/roveyayinevi.com.tr\/index.php\/wp-json\/wp\/v2\/product_cat?post=736029"},{"taxonomy":"product_tag","embeddable":true,"href":"https:\/\/roveyayinevi.com.tr\/index.php\/wp-json\/wp\/v2\/product_tag?post=736029"}],"curies":[{"name":"wp","href":"https:\/\/api.w.org\/{rel}","templated":true}]}}