{"id":736028,"date":"2025-08-27T22:59:31","date_gmt":"2025-08-27T19:59:31","guid":{"rendered":"https:\/\/roveyayinevi.com.tr\/index.php\/urun\/medeniyetlerin-safagi\/"},"modified":"2026-04-16T02:44:43","modified_gmt":"2026-04-15T23:44:43","slug":"medeniyetlerin-safagi","status":"publish","type":"product","link":"https:\/\/roveyayinevi.com.tr\/index.php\/urun\/medeniyetlerin-safagi\/","title":{"rendered":"Medeniyetlerin \u015eafa\u011f\u0131"},"content":{"rendered":"<p>AKDEN\u0130Z\u2019\u0130N \u00d6YK\u00dcS\u00dcN\u00dc ANLATMAK, KAYIP KITALARIN, TEK B\u0130R \u0130Z BIRAKMADAN YOK OLAN MEDEN\u0130YETLER\u0130N, ANT\u0130K YUNAN\u2019LA MISIR\u2019IN, CENNETTEN KOVULANLARLA TEK G\u00d6ZL\u00dc DEVLER\u0130N VE DAHA N\u0130CELER\u0130N\u0130N \u00d6YK\u00dcS\u00dcN\u00dc DE ANLATMAKTIR.  Bug\u00fcn masmavi sular\u0131, k\u0131y\u0131 boyunca uzanan kayalar\u0131n\u0131n b\u00fcy\u00fcleyici do\u011fas\u0131, \u015firin makileri, turun\u00e7gilleri ve zeytinlikleriyle herkesi b\u00fcy\u00fcleyen Akdeniz havzas\u0131, milyonlarca y\u0131l \u00f6nce yak\u0131c\u0131 g\u00fcne\u015fin kavurdu\u011fu \u00e7\u00f6ller, bozk\u0131rlar ve giderek kuruyan tuz g\u00f6llerinden ibaretti. Ancak jeolojik a\u00e7\u0131dan g\u00f6z k\u0131rpmak kadar k\u0131sa olarak tan\u0131mlanabilecek bir s\u00fcre i\u00e7inde sular\u0131 y\u00fckseldi, kara par\u00e7alar\u0131n\u0131 a\u015ft\u0131 ve insanl\u0131k tarihinin en b\u00fcy\u00fcleyici medeniyetlerine ya\u015fam kayna\u011f\u0131 oldu. O d\u00f6nemlerde yap\u0131lan ke\u015fiflere h\u00e2l\u00e2 \u00e7ok \u015fey bor\u00e7lu oldu\u011fumuz gibi bahsi ge\u00e7en antik uygarl\u0131klardan yadig\u00e2r gizemleri de \u00e7\u00f6zm\u00fc\u015f say\u0131lmay\u0131z. Benzersiz bir hayal g\u00fcc\u00fcn\u00fcn \u00fcr\u00fcn\u00fc olan mitolojik anlat\u0131larsa d\u00fcnyan\u0131n en g\u00fczel masallar\u0131 olarak g\u00f6kkubbede t\u0131nlamaya devam ediyor. Arkeolog T\u00f6re Sivrio\u011flu\u2019nun rehberli\u011finde yapaca\u011f\u0131n\u0131z bu gezi, bir uygarl\u0131k tarihi okumas\u0131ndan \u00e7ok benzersiz bir gizem av\u0131\u2026 OKURUNU BUNDAN ALTI M\u0130LYON YIL \u00d6NCES\u0130NE G\u00d6T\u00dcREN BU MASALSI ZAMAN YOLCULU\u011eUNA HO\u015e GELD\u0130N\u0130Z!<\/p>\n","protected":false},"excerpt":{"rendered":"<p>AKDEN\u0130Z\u2019\u0130N \u00d6YK\u00dcS\u00dcN\u00dc ANLATMAK, KAYIP KITALARIN, TEK B\u0130R \u0130Z BIRAKMADAN YOK OLAN MEDEN\u0130YETLER\u0130N, ANT\u0130K YUNAN\u2019LA MISIR\u2019IN, CENNETTEN KOVULANLARLA TEK G\u00d6ZL\u00dc DEVLER\u0130N VE DAHA N\u0130CELER\u0130N\u0130N \u00d6YK\u00dcS\u00dcN\u00dc DE ANLATMAKTIR.<span class=\"excerpt-hellip\"> [\u2026]<\/span><\/p>\n","protected":false},"featured_media":0,"template":"","meta":{"_monsterinsights_skip_tracking":false,"_monsterinsights_sitenote_active":false,"_monsterinsights_sitenote_note":"","_monsterinsights_sitenote_category":0},"product_brand":[],"product_cat":[12370,12304],"product_tag":[],"class_list":{"0":"post-736028","1":"product","2":"type-product","3":"status-publish","5":"product_cat-arastirma-inceleme","6":"product_cat-tarih","7":"pa_cilt-ciltsiz","8":"pa_tur-kitap","9":"pa_yayinevi-epsilon-yayinlari","10":"pa_yazar-ahmad-jawid-turkoglu","11":"pa_yazar-tore-sivrioglu","13":"first","14":"instock","15":"sale","16":"shipping-taxable","17":"purchasable","18":"product-type-simple"},"_links":{"self":[{"href":"https:\/\/roveyayinevi.com.tr\/index.php\/wp-json\/wp\/v2\/product\/736028","targetHints":{"allow":["GET"]}}],"collection":[{"href":"https:\/\/roveyayinevi.com.tr\/index.php\/wp-json\/wp\/v2\/product"}],"about":[{"href":"https:\/\/roveyayinevi.com.tr\/index.php\/wp-json\/wp\/v2\/types\/product"}],"wp:attachment":[{"href":"https:\/\/roveyayinevi.com.tr\/index.php\/wp-json\/wp\/v2\/media?parent=736028"}],"wp:term":[{"taxonomy":"product_brand","embeddable":true,"href":"https:\/\/roveyayinevi.com.tr\/index.php\/wp-json\/wp\/v2\/product_brand?post=736028"},{"taxonomy":"product_cat","embeddable":true,"href":"https:\/\/roveyayinevi.com.tr\/index.php\/wp-json\/wp\/v2\/product_cat?post=736028"},{"taxonomy":"product_tag","embeddable":true,"href":"https:\/\/roveyayinevi.com.tr\/index.php\/wp-json\/wp\/v2\/product_tag?post=736028"}],"curies":[{"name":"wp","href":"https:\/\/api.w.org\/{rel}","templated":true}]}}