{"id":736027,"date":"2025-08-27T22:59:30","date_gmt":"2025-08-27T19:59:30","guid":{"rendered":"https:\/\/roveyayinevi.com.tr\/index.php\/urun\/her-kosulda-ebeveynlik\/"},"modified":"2026-04-16T02:44:43","modified_gmt":"2026-04-15T23:44:43","slug":"her-kosulda-ebeveynlik","status":"publish","type":"product","link":"https:\/\/roveyayinevi.com.tr\/index.php\/urun\/her-kosulda-ebeveynlik\/","title":{"rendered":"Her Ko\u015fulda Ebeveynlik"},"content":{"rendered":"<p>Hi\u00e7 \u015f\u00fcphesiz anne-babalar olarak \u00fczerimize d\u00fc\u015fen g\u00f6revi yerine getirmek, \u00e7ocu\u011fumuzun geli\u015fimini hakk\u0131yla desteklemek isteriz. Ama bazen size de her \u015fey biraz fazla kar\u0131\u015f\u0131k gelmiyor mu? Her Ko\u015fulda Ebeveynlik bilgi kirlili\u011finin \u00e7ok oldu\u011fu bir konuda, \u00e7ocuk yeti\u015ftirme konusunda merak edilenleri en yetkin a\u011f\u0131zdan anlat\u0131yor. \u2022 \u00c7ocu\u011fun geli\u015fiminde mizac\u0131n nas\u0131l bir yeri var?\u2022 Okul ba\u015far\u0131s\u0131 nedir, nas\u0131l desteklenir?\u2022 Kayg\u0131l\u0131 miza\u00e7 ile kayg\u0131 bozuklu\u011fu aras\u0131ndaki fark nedir?\u2022 Duygu kontrol becerisi nedir?\u2022 Otoriter ebeveynlik neden sak\u0131ncal\u0131?\u2022 Ebeveynlikte do\u011fru bilinen yanl\u0131\u015flar neler?\u2022 Dikkat da\u011f\u0131n\u0131kl\u0131\u011f\u0131nda art\u0131\u015f g\u00f6r\u00fcl\u00fcyor mu?\u2022 \u00d6zdenetim becerisi nas\u0131l geli\u015fir?\u2022  \u00c7ocukluktan sonraki d\u00f6nemlerde de\u011fi\u015fim ne kadar m\u00fcmk\u00fcn? \u00c7ocuk psikolojisi ve geli\u015fimi \u00fczerine yapt\u0131\u011f\u0131 bilimsel ve uygulamal\u0131 \u00e7al\u0131\u015fmalar\u0131yla tan\u0131nan psikolog Prof. Dr. Ay\u015fe Bilge Sel\u00e7uk ile felsefe ve din bilimleri alan\u0131ndaki \u00e7al\u0131\u015fmalar\u0131 ve Akl\u0131mdaki Sorular isimli televizyon program\u0131 ile bilinen Do\u00e7. Dr. Emre Dorman\u2019\u0131n keyifli sohbeti, \u00e7ocuk yeti\u015ftirirken bilmeniz gereken \u00f6nemli bilgilerin tek tek alt\u0131n\u0131 \u00e7iziyor. Prof. Dr. Ay\u015fe Bilge Sel\u00e7uk g\u00fcncel psikoloji bilgisi ile \u00e7ocuk geli\u015fimine dair merak edilen konulara sade ve anla\u015f\u0131l\u0131r bir dille \u0131\u015f\u0131k tutuyor. Prof. Dr. Ay\u015fe Bilge Sel\u00e7uk, \u00e7ocukluk ve ergenlikte bili\u015fsel-sosyal-duygusal geli\u015fim, miza\u00e7-ki\u015filik, psikolojik sa\u011flaml\u0131k, ebeveynlik ve mizaca uygun \u00e7ocuk yeti\u015ftirme alanlar\u0131nda uzmanla\u015fm\u0131\u015ft\u0131r. Geli\u015fimsel psikoloji profes\u00f6r\u00fc ve klinik psikolog olan Sel\u00e7uk, \u00e7al\u0131\u015fmalar\u0131nda, \u00e7ocuk ve gen\u00e7lerin psikolojik sa\u011fl\u0131\u011f\u0131na ve geli\u015fimine etki eden ebeveyn tutumlar\u0131n\u0131 ve di\u011fer \u00e7evresel unsurlar\u0131 inceliyor, bu konularda seminer ve e\u011fitimler veriyor. Ay\u015fe Bilge Sel\u00e7uk\u2019un insan do\u011fas\u0131 ve geli\u015fim s\u00fcre\u00e7leri \u00fczerine kaleme ald\u0131\u011f\u0131 ilk kitab\u0131 \u0130nsan Her Ko\u015fulda 2019 y\u0131l\u0131nda yay\u0131mland\u0131. Bilimsel dergi ve kitaplarda yer alan \u00e7ok say\u0131da yay\u0131n\u0131 ve kongre konu\u015fmas\u0131n\u0131n yan\u0131 s\u0131ra Ana-Babal\u0131k: Kuram ve Ara\u015ft\u0131rma kitab\u0131n\u0131n edit\u00f6rlerinden. \u00c7ocuklar\u0131n psikolojik geli\u015fimi ve sa\u011fl\u0131\u011f\u0131na y\u00f6nelik ara\u015ft\u0131rmalar\u0131 sebebiyle Ay\u015fe Bilge Sel\u00e7uk\u2019a 2015-2018\u2019de Queensland \u00dcniversitesi taraf\u0131ndan Onursal K\u0131demli Ara\u015ft\u0131rmac\u0131 unvan\u0131, 2009 y\u0131l\u0131nda Prof. Mustafa N. Parlar E\u011fitim ve Ara\u015ft\u0131rma \u00d6d\u00fcl\u00fc verildi. Halen Korto Psikoloji\u2019de psikolog olarak anne-babalar ve ailelerle \u00e7al\u0131\u015f\u0131yor ve ebeveynlere dan\u0131\u015fmanl\u0131k veriyor.<\/p>\n","protected":false},"excerpt":{"rendered":"<p>Hi\u00e7 \u015f\u00fcphesiz anne-babalar olarak \u00fczerimize d\u00fc\u015fen g\u00f6revi yerine getirmek, \u00e7ocu\u011fumuzun geli\u015fimini hakk\u0131yla desteklemek isteriz. Ama bazen size de her \u015fey biraz fazla kar\u0131\u015f\u0131k gelmiyor mu? Her<span class=\"excerpt-hellip\"> [\u2026]<\/span><\/p>\n","protected":false},"featured_media":0,"template":"","meta":{"_monsterinsights_skip_tracking":false,"_monsterinsights_sitenote_active":false,"_monsterinsights_sitenote_note":"","_monsterinsights_sitenote_category":0},"product_brand":[],"product_cat":[17996,12364],"product_tag":[],"class_list":{"0":"post-736027","1":"product","2":"type-product","3":"status-publish","5":"product_cat-ebeveyn-kitaplari","6":"product_cat-genel-konular","7":"pa_cilt-ciltsiz","8":"pa_tur-kitap","9":"pa_yayinevi-epsilon-yayinlari","10":"pa_yazar-ayse-bilge-selcuk","12":"first","13":"instock","14":"sale","15":"shipping-taxable","16":"purchasable","17":"product-type-simple"},"_links":{"self":[{"href":"https:\/\/roveyayinevi.com.tr\/index.php\/wp-json\/wp\/v2\/product\/736027","targetHints":{"allow":["GET"]}}],"collection":[{"href":"https:\/\/roveyayinevi.com.tr\/index.php\/wp-json\/wp\/v2\/product"}],"about":[{"href":"https:\/\/roveyayinevi.com.tr\/index.php\/wp-json\/wp\/v2\/types\/product"}],"wp:attachment":[{"href":"https:\/\/roveyayinevi.com.tr\/index.php\/wp-json\/wp\/v2\/media?parent=736027"}],"wp:term":[{"taxonomy":"product_brand","embeddable":true,"href":"https:\/\/roveyayinevi.com.tr\/index.php\/wp-json\/wp\/v2\/product_brand?post=736027"},{"taxonomy":"product_cat","embeddable":true,"href":"https:\/\/roveyayinevi.com.tr\/index.php\/wp-json\/wp\/v2\/product_cat?post=736027"},{"taxonomy":"product_tag","embeddable":true,"href":"https:\/\/roveyayinevi.com.tr\/index.php\/wp-json\/wp\/v2\/product_tag?post=736027"}],"curies":[{"name":"wp","href":"https:\/\/api.w.org\/{rel}","templated":true}]}}